{"id":982,"date":"2020-03-07T04:53:19","date_gmt":"2020-03-07T03:53:19","guid":{"rendered":"https:\/\/aqpamm.ca\/formation\/?page_id=982"},"modified":"2020-03-11T20:08:10","modified_gmt":"2020-03-11T19:08:10","slug":"quiz-recapitulatif-2-3","status":"publish","type":"page","link":"https:\/\/aqpamm.ca\/formation\/proche-aidant%c2%b7e\/module-3\/quiz-recapitulatif-2-3\/","title":{"rendered":"Quiz r\u00e9capitulatif &#8211; 2\/3"},"content":{"rendered":"\n<div class=\"col-md-12\">\nVous \u00eates le parent de 2 jeunes adultes dont l\u2019un d\u2019eux vit avec un diagnostic de schizophr\u00e9nie. Vous \u00eates t\u00e9moin d\u2019intimidation entre votre fils et votre fille. Votre fils est tr\u00e8s agressif envers elle, il la menace et la rabaisse plusieurs fois par jour parce qu\u2019elle ne va plus \u00e0 ses cours.\n<br><br>\n<div class=\"h5p-iframe-wrapper\"><iframe id=\"h5p-iframe-31\" class=\"h5p-iframe\" data-content-id=\"31\" style=\"height:1px\" src=\"about:blank\" frameBorder=\"0\" scrolling=\"no\" title=\"Volet PA - Module 3 - Quiz r\u00e9capitulatif 2\"><\/iframe><\/div><\/div>\n","protected":false},"excerpt":{"rendered":"<p>Vous \u00eates le parent de 2 jeunes adultes dont l\u2019un d\u2019eux vit avec un diagnostic de schizophr\u00e9nie. Vous \u00eates t\u00e9moin d\u2019intimidation entre votre fils et votre fille. Votre fils est tr\u00e8s agressif envers elle, il la menace et la rabaisse plusieurs fois par jour parce qu\u2019elle ne va plus \u00e0 ses cours. [&#8230;]<\/p>\n<p><a class=\"btn btn-secondary understrap-read-more-link\" href=\"https:\/\/aqpamm.ca\/formation\/proche-aidant%c2%b7e\/module-3\/quiz-recapitulatif-2-3\/\">Lire la suite\u2026<span class=\"screen-reader-text\"> from Quiz r\u00e9capitulatif &#8211; 2\/3<\/span><\/a><\/p>\n","protected":false},"author":1,"featured_media":0,"parent":934,"menu_order":96,"comment_status":"closed","ping_status":"closed","template":"","meta":{"footnotes":""},"class_list":["post-982","page","type-page","status-publish","hentry"],"_links":{"self":[{"href":"https:\/\/aqpamm.ca\/formation\/wp-json\/wp\/v2\/pages\/982","targetHints":{"allow":["GET"]}}],"collection":[{"href":"https:\/\/aqpamm.ca\/formation\/wp-json\/wp\/v2\/pages"}],"about":[{"href":"https:\/\/aqpamm.ca\/formation\/wp-json\/wp\/v2\/types\/page"}],"author":[{"embeddable":true,"href":"https:\/\/aqpamm.ca\/formation\/wp-json\/wp\/v2\/users\/1"}],"replies":[{"embeddable":true,"href":"https:\/\/aqpamm.ca\/formation\/wp-json\/wp\/v2\/comments?post=982"}],"version-history":[{"count":4,"href":"https:\/\/aqpamm.ca\/formation\/wp-json\/wp\/v2\/pages\/982\/revisions"}],"predecessor-version":[{"id":1085,"href":"https:\/\/aqpamm.ca\/formation\/wp-json\/wp\/v2\/pages\/982\/revisions\/1085"}],"up":[{"embeddable":true,"href":"https:\/\/aqpamm.ca\/formation\/wp-json\/wp\/v2\/pages\/934"}],"wp:attachment":[{"href":"https:\/\/aqpamm.ca\/formation\/wp-json\/wp\/v2\/media?parent=982"}],"curies":[{"name":"wp","href":"https:\/\/api.w.org\/{rel}","templated":true}]}}