{"id":965,"date":"2020-03-07T04:36:44","date_gmt":"2020-03-07T03:36:44","guid":{"rendered":"https:\/\/aqpamm.ca\/formation\/?page_id=965"},"modified":"2020-03-25T23:51:26","modified_gmt":"2020-03-25T22:51:26","slug":"connaitre-des-pistes-pour-se-sortir-dune-situation-ou-lon-est-temoin-dintimidation","status":"publish","type":"page","link":"https:\/\/aqpamm.ca\/formation\/proche-aidant%c2%b7e\/module-3\/connaitre-des-pistes-pour-se-sortir-dune-situation-ou-lon-est-temoin-dintimidation\/","title":{"rendered":"Conna\u00eetre des pistes pour se sortir d\u2019une situation o\u00f9 l\u2019on est t\u00e9moin d\u2019intimidation"},"content":{"rendered":"\n<figure class=\"wp-block-image size-large col-sm-4\"><img decoding=\"async\" src=\"https:\/\/aqpamm.ca\/formation\/wp-content\/uploads\/2020\/02\/soeur-de-marie.png\" alt=\"\" class=\"wp-image-525\"><\/figure>\n\n\n\n<div class=\"col-sm-8\">\n\n\n\n<p class=\"col-sm-8\"><strong>Si vous \u00eates t\u00e9moin d\u2019une situation d\u2019intimidation<\/strong><br><br>En tant que t\u00e9moin, vous avez aussi un r\u00f4le \u00e0 jouer. Vous avez le pouvoir d\u2019influencer la situation et de faire une diff\u00e9rence. L\u2019inaction risque d\u2019encourager l\u2019auteur d\u2019intimidation dans ses comportements. <br><br>Voici quelques pistes pour intervenir dans un situation d\u2019intimidation lorsque l\u2019on est t\u00e9moin :<\/p>\n\n\n\n<ul><li>Vous pouvez aider la victime en nommant votre inconfort face au(x) comportement(s) dont vous \u00eates t\u00e9moin.<\/li><li>Vous pouvez briser le silence et parlez de la situation \u00e0 une personne de confiance, \u00e0 un intervenant\u00b7e, travailleur\u00b7euse social\u00b7e ou un\u00b7e policier\u00b7\u00e8re.<\/li><li>Vous pouvez offrir votre soutien \u00e0 la personne intimid\u00e9e. Vous pouvez lui t\u00e9moigner que vous \u00eates de son c\u00f4t\u00e9 et que vous ne tol\u00e9rez pas la situation qu\u2019elle vit.<\/li><li>Vous pouvez vous adresser \u00e0 des organismes d\u2019aide pour obtenir de l\u2019information et la r\u00e9f\u00e9rer afin qu\u2019elle obtienne l\u2019aide n\u00e9cessaire. Vous pouvez offrir de l\u2019accompagner pour faire ce pas, si cela est trop difficile pour la personne victime.<\/li><\/ul>\n\n\n\n<p>Si vous \u00eates t\u00e9moin d\u2019un acte criminel de la part de votre proche, vous pouvez vous adresser \u00e0 un <a href=\"https:\/\/cavac.qc.ca\/\">CAVAC<\/a><\/p>\n\n\n\n<\/div>\n","protected":false},"excerpt":{"rendered":"<p>Si vous \u00eates t\u00e9moin d\u2019une situation d\u2019intimidation En tant que t\u00e9moin, vous avez aussi un r\u00f4le \u00e0 jouer. Vous avez le pouvoir d\u2019influencer la situation et de faire une diff\u00e9rence. L\u2019inaction risque d\u2019encourager l\u2019auteur d\u2019intimidation dans ses comportements. Voici quelques pistes pour intervenir dans un situation d\u2019intimidation lorsque l\u2019on est t\u00e9moin : Vous pouvez aider [&#8230;]<\/p>\n<p><a class=\"btn btn-secondary understrap-read-more-link\" href=\"https:\/\/aqpamm.ca\/formation\/proche-aidant%c2%b7e\/module-3\/connaitre-des-pistes-pour-se-sortir-dune-situation-ou-lon-est-temoin-dintimidation\/\">Lire la suite\u2026<span class=\"screen-reader-text\"> from Conna\u00eetre des pistes pour se sortir d\u2019une situation o\u00f9 l\u2019on est t\u00e9moin d\u2019intimidation<\/span><\/a><\/p>\n","protected":false},"author":1,"featured_media":0,"parent":934,"menu_order":91,"comment_status":"closed","ping_status":"closed","template":"","meta":{"footnotes":""},"class_list":["post-965","page","type-page","status-publish","hentry"],"_links":{"self":[{"href":"https:\/\/aqpamm.ca\/formation\/wp-json\/wp\/v2\/pages\/965","targetHints":{"allow":["GET"]}}],"collection":[{"href":"https:\/\/aqpamm.ca\/formation\/wp-json\/wp\/v2\/pages"}],"about":[{"href":"https:\/\/aqpamm.ca\/formation\/wp-json\/wp\/v2\/types\/page"}],"author":[{"embeddable":true,"href":"https:\/\/aqpamm.ca\/formation\/wp-json\/wp\/v2\/users\/1"}],"replies":[{"embeddable":true,"href":"https:\/\/aqpamm.ca\/formation\/wp-json\/wp\/v2\/comments?post=965"}],"version-history":[{"count":6,"href":"https:\/\/aqpamm.ca\/formation\/wp-json\/wp\/v2\/pages\/965\/revisions"}],"predecessor-version":[{"id":1254,"href":"https:\/\/aqpamm.ca\/formation\/wp-json\/wp\/v2\/pages\/965\/revisions\/1254"}],"up":[{"embeddable":true,"href":"https:\/\/aqpamm.ca\/formation\/wp-json\/wp\/v2\/pages\/934"}],"wp:attachment":[{"href":"https:\/\/aqpamm.ca\/formation\/wp-json\/wp\/v2\/media?parent=965"}],"curies":[{"name":"wp","href":"https:\/\/api.w.org\/{rel}","templated":true}]}}