{"id":961,"date":"2020-03-07T04:33:21","date_gmt":"2020-03-07T03:33:21","guid":{"rendered":"https:\/\/aqpamm.ca\/formation\/?page_id=961"},"modified":"2020-03-24T17:49:27","modified_gmt":"2020-03-24T16:49:27","slug":"connaitre-des-pistes-pour-se-sortir-dune-situation-ou-lon-est-victime-dintimidation","status":"publish","type":"page","link":"https:\/\/aqpamm.ca\/formation\/proche-aidant%c2%b7e\/module-3\/connaitre-des-pistes-pour-se-sortir-dune-situation-ou-lon-est-victime-dintimidation\/","title":{"rendered":"Conna\u00eetre des pistes pour se sortir d\u2019une situation o\u00f9 l\u2019on est victime d\u2019intimidation"},"content":{"rendered":"\n<div class=\"col-sm-8\">\n\n\n\n<p><strong>Si vous \u00eates victime d\u2019intimidation de la part de votre proche<\/strong><br>Il est important d\u2019agir et de faire cesser la situation. Il existe des solutions pour en sortir. Vous n\u2019\u00eates pas seul et vous n\u2019\u00eates pas responsable de la situation. Mettre ses limites ou changer\u00a0 de\u00a0 comportements\u00a0 du\u00a0 jour\u00a0 au\u00a0 lendemain n\u2019est pas toujours facile. Mais il est souhaitable d\u2019agir d\u00e8s les\u00a0\u00a0 premiers signes d\u2019intimidation pour \u00e9viter une escalade ou encore de mettre sa s\u00e9curit\u00e9 psychologique et\/ou physique ou celle de l\u2019autre en jeu.<br><br>Plus t\u00f4t on intervient, moins les effets de l\u2019intimidation seront importants. Le premier pas est d\u2019en parler. Voici quelques pistes :<\/p>\n\n\n\n<ul class=\"wp-block-list\"><li>Signaler votre inconfort \u00e0 votre proche; <\/li><li>Parler d\u2019une voix ferme et non agressive;<\/li><li>Parlez-en autour de vous, en vous confiant \u00e0 un intervenant ou \u00e0 une personne de confiance; <\/li><li>Si ces moyens n\u2019ont pas eu les effets escompt\u00e9s, adressez-vous \u00e0 une ressource d\u2019aide (voir la rubrique Ressources); <\/li><li>Si vous craignez pour votre s\u00e9curit\u00e9, abstenez-vous de vous retrouver seul avec votre proche et appeler les services d\u2019urgence;<\/li><li> Si vous \u00eates victime d\u2019un acte criminel de la part de votre proche, vous pouvez vous adresser \u00e0 un CAVAC.  <\/li><\/ul>\n\n\n\n<\/div>\n\n\n\n<div class=\"col-sm-4 encart\">\n\n\n\n<p><strong>Si vous vous reconnaissez comme \u00e9tant victime d\u2019intimidation <\/strong>:<br><br>Vous pourriez \u00e9tablir un plan \u00e0 suivre en cas de nouveaux \u00e9pisodes d\u2019intimidation. Ce plan pourrait pr\u00e9voir, les objets \u00e0 emporter si la situation d\u00e9g\u00e9n\u00e8re, un endroit o\u00f9 aller, des fa\u00e7ons de d\u00e9samorcer la situation. Ce plan pourra augmenter votre sentiment de s\u00e9curit\u00e9 et de confiance. <\/p>\n\n\n\n<\/div>\n","protected":false},"excerpt":{"rendered":"<p>Si vous \u00eates victime d\u2019intimidation de la part de votre procheIl est important d\u2019agir et de faire cesser la situation. Il existe des solutions pour en sortir. Vous n\u2019\u00eates pas seul et vous n\u2019\u00eates pas responsable de la situation. Mettre ses limites ou changer\u00a0 de\u00a0 comportements\u00a0 du\u00a0 jour\u00a0 au\u00a0 lendemain n\u2019est pas toujours facile. Mais [&#8230;]<\/p>\n<p><a class=\"btn btn-secondary understrap-read-more-link\" href=\"https:\/\/aqpamm.ca\/formation\/proche-aidant%c2%b7e\/module-3\/connaitre-des-pistes-pour-se-sortir-dune-situation-ou-lon-est-victime-dintimidation\/\">Lire la suite\u2026<span class=\"screen-reader-text\"> from Conna\u00eetre des pistes pour se sortir d\u2019une situation o\u00f9 l\u2019on est victime d\u2019intimidation<\/span><\/a><\/p>\n","protected":false},"author":1,"featured_media":0,"parent":934,"menu_order":89,"comment_status":"closed","ping_status":"closed","template":"","meta":{"footnotes":""},"class_list":["post-961","page","type-page","status-publish","hentry"],"_links":{"self":[{"href":"https:\/\/aqpamm.ca\/formation\/wp-json\/wp\/v2\/pages\/961","targetHints":{"allow":["GET"]}}],"collection":[{"href":"https:\/\/aqpamm.ca\/formation\/wp-json\/wp\/v2\/pages"}],"about":[{"href":"https:\/\/aqpamm.ca\/formation\/wp-json\/wp\/v2\/types\/page"}],"author":[{"embeddable":true,"href":"https:\/\/aqpamm.ca\/formation\/wp-json\/wp\/v2\/users\/1"}],"replies":[{"embeddable":true,"href":"https:\/\/aqpamm.ca\/formation\/wp-json\/wp\/v2\/comments?post=961"}],"version-history":[{"count":9,"href":"https:\/\/aqpamm.ca\/formation\/wp-json\/wp\/v2\/pages\/961\/revisions"}],"predecessor-version":[{"id":1225,"href":"https:\/\/aqpamm.ca\/formation\/wp-json\/wp\/v2\/pages\/961\/revisions\/1225"}],"up":[{"embeddable":true,"href":"https:\/\/aqpamm.ca\/formation\/wp-json\/wp\/v2\/pages\/934"}],"wp:attachment":[{"href":"https:\/\/aqpamm.ca\/formation\/wp-json\/wp\/v2\/media?parent=961"}],"curies":[{"name":"wp","href":"https:\/\/api.w.org\/{rel}","templated":true}]}}