{"id":958,"date":"2020-03-07T04:08:44","date_gmt":"2020-03-07T03:08:44","guid":{"rendered":"https:\/\/aqpamm.ca\/formation\/?page_id=958"},"modified":"2020-03-24T17:43:36","modified_gmt":"2020-03-24T16:43:36","slug":"les-differents-roles-dans-une-dynamique-dintimidation","status":"publish","type":"page","link":"https:\/\/aqpamm.ca\/formation\/proche-aidant%c2%b7e\/module-3\/les-differents-roles-dans-une-dynamique-dintimidation\/","title":{"rendered":"Les diff\u00e9rents r\u00f4les dans une dynamique d\u2019intimidation"},"content":{"rendered":"\n<figure class=\"wp-block-image size-large col-sm-4\"><img loading=\"lazy\" decoding=\"async\" width=\"464\" height=\"402\" src=\"https:\/\/aqpamm.ca\/formation\/wp-content\/uploads\/2020\/01\/marie.png\" alt=\"\" class=\"wp-image-468\" srcset=\"https:\/\/aqpamm.ca\/formation\/wp-content\/uploads\/2020\/01\/marie.png 464w, https:\/\/aqpamm.ca\/formation\/wp-content\/uploads\/2020\/01\/marie-300x260.png 300w\" sizes=\"auto, (max-width: 464px) 100vw, 464px\" \/><\/figure>\n\n\n\n<div class=\"col-sm-8\">\n\n\n\n<p>Nous pouvons jouer diff\u00e9rents r\u00f4les dans une dynamique d\u2019intimidation.<br><br>Peu importe, le r\u00f4le que nous tenons dans une dynamique d\u2019intimidation. Que nous soyons victime, t\u00e9moin, ami\u00b7e, personne intimidatrice, nous avons tous un r\u00f4le \u00e0 jouer pour pr\u00e9venir et lutter contre ce ph\u00e9nom\u00e8ne. D\u00e9couvrez-les en consultant les diff\u00e9rentes perspectives.<br><br>Cliquez sur chaque bouton pour en apprendre davantage: <br> <\/p>\n\n\n\n<p><a class=\"button buttonVisit buttonLarge\" href=\"\/formation\/proche-aidant\u00b7e\/module-3\/les-differents-roles-dans-une-dynamique-dintimidation-la-victime\/\">Victime d&rsquo;intimidation<\/a><\/p>\n\n\n\n<p><a class=\"button buttonVisit buttonLarge\" href=\"\/formation\/proche-aidant\u00b7e\/module-3\/les-differents-roles-dans-une-dynamique-dintimidation-le-temoin\/\">T\u00e9moin d&rsquo;intimidation<\/a><\/p>\n\n\n\n<p><a class=\"button buttonVisit buttonLarge\" href=\"\/formation\/proche-aidant\u00b7e\/module-3\/les-differents-roles-dans-une-dynamique-dintimidation-lauteur\/\">Auteur d&rsquo;intimidation<\/a><\/p>\n\n\n\n<\/div>\n","protected":false},"excerpt":{"rendered":"<p>Nous pouvons jouer diff\u00e9rents r\u00f4les dans une dynamique d\u2019intimidation. Peu importe, le r\u00f4le que nous tenons dans une dynamique d\u2019intimidation. Que nous soyons victime, t\u00e9moin, ami\u00b7e, personne intimidatrice, nous avons tous un r\u00f4le \u00e0 jouer pour pr\u00e9venir et lutter contre ce ph\u00e9nom\u00e8ne. D\u00e9couvrez-les en consultant les diff\u00e9rentes perspectives. Cliquez sur chaque bouton pour en apprendre [&#8230;]<\/p>\n<p><a class=\"btn btn-secondary understrap-read-more-link\" href=\"https:\/\/aqpamm.ca\/formation\/proche-aidant%c2%b7e\/module-3\/les-differents-roles-dans-une-dynamique-dintimidation\/\">Lire la suite\u2026<span class=\"screen-reader-text\"> from Les diff\u00e9rents r\u00f4les dans une dynamique d\u2019intimidation<\/span><\/a><\/p>\n","protected":false},"author":1,"featured_media":0,"parent":934,"menu_order":84,"comment_status":"closed","ping_status":"closed","template":"","meta":{"footnotes":""},"class_list":["post-958","page","type-page","status-publish","hentry"],"_links":{"self":[{"href":"https:\/\/aqpamm.ca\/formation\/wp-json\/wp\/v2\/pages\/958","targetHints":{"allow":["GET"]}}],"collection":[{"href":"https:\/\/aqpamm.ca\/formation\/wp-json\/wp\/v2\/pages"}],"about":[{"href":"https:\/\/aqpamm.ca\/formation\/wp-json\/wp\/v2\/types\/page"}],"author":[{"embeddable":true,"href":"https:\/\/aqpamm.ca\/formation\/wp-json\/wp\/v2\/users\/1"}],"replies":[{"embeddable":true,"href":"https:\/\/aqpamm.ca\/formation\/wp-json\/wp\/v2\/comments?post=958"}],"version-history":[{"count":4,"href":"https:\/\/aqpamm.ca\/formation\/wp-json\/wp\/v2\/pages\/958\/revisions"}],"predecessor-version":[{"id":1148,"href":"https:\/\/aqpamm.ca\/formation\/wp-json\/wp\/v2\/pages\/958\/revisions\/1148"}],"up":[{"embeddable":true,"href":"https:\/\/aqpamm.ca\/formation\/wp-json\/wp\/v2\/pages\/934"}],"wp:attachment":[{"href":"https:\/\/aqpamm.ca\/formation\/wp-json\/wp\/v2\/media?parent=958"}],"curies":[{"name":"wp","href":"https:\/\/api.w.org\/{rel}","templated":true}]}}