{"id":950,"date":"2020-03-07T04:03:05","date_gmt":"2020-03-07T03:03:05","guid":{"rendered":"https:\/\/aqpamm.ca\/formation\/?page_id=950"},"modified":"2020-03-11T16:41:15","modified_gmt":"2020-03-11T15:41:15","slug":"les-differents-roles-dans-une-dynamique-dintimidation-lauteur","status":"publish","type":"page","link":"https:\/\/aqpamm.ca\/formation\/proche-aidant%c2%b7e\/module-3\/les-differents-roles-dans-une-dynamique-dintimidation-lauteur\/","title":{"rendered":"Les diff\u00e9rents r\u00f4les dans une dynamique d\u2019intimidation : l&rsquo;auteur"},"content":{"rendered":"\n<figure class=\"wp-block-image size-large col-sm-4\"><img loading=\"lazy\" decoding=\"async\" width=\"464\" height=\"402\" src=\"https:\/\/aqpamm.ca\/formation\/wp-content\/uploads\/2020\/01\/maxime.png\" alt=\"\" class=\"wp-image-525\" srcset=\"https:\/\/aqpamm.ca\/formation\/wp-content\/uploads\/2020\/01\/maxime.png 464w, https:\/\/aqpamm.ca\/formation\/wp-content\/uploads\/2020\/01\/maxime-300x260.png 300w\" sizes=\"auto, (max-width: 464px) 100vw, 464px\" \/><\/figure>\n\n\n\n<div class=\"col-sm-8\">\n\n\n\n<p>Vous pouvez exercer de l\u2019intimidation lorsque vous posez des actes ou des paroles intimidantes \u00e0 l\u2019encontre de votre proche, que cela soit intentionnel ou non, il est important d\u2019en parler et de chercher de l\u2019aide. Il est possible que vous exerciez de l\u2019intimidation en r\u00e9action aux difficult\u00e9s que vous vivez, que vous ne sachiez plus comment composer avec votre r\u00f4le d\u2019aidant et que vous ayez besoin de soutien. <\/p>\n\n\n\n<p><strong>En savoir plus<\/strong><br>\n<a href=\"https:\/\/aqpamm.ca\/formation\/wp-content\/uploads\/2020\/03\/Sp\u00e9cificit\u00e9s-de-l\u2019intimidation.pdf\"><img decoding=\"async\" class=\"iconPdf\" src=\"https:\/\/aqpamm.ca\/formation\/wp-content\/uploads\/2020\/01\/pdf_icon.png\"> Les sp\u00e9cificit\u00e9s de l\u2019intimidation en contexte de proche aidance en sant\u00e9 mentale<\/a><\/p>\n\n\n\n<\/div>\n","protected":false},"excerpt":{"rendered":"<p>Vous pouvez exercer de l\u2019intimidation lorsque vous posez des actes ou des paroles intimidantes \u00e0 l\u2019encontre de votre proche, que cela soit intentionnel ou non, il est important d\u2019en parler et de chercher de l\u2019aide. Il est possible que vous exerciez de l\u2019intimidation en r\u00e9action aux difficult\u00e9s que vous vivez, que vous ne sachiez plus [&#8230;]<\/p>\n<p><a class=\"btn btn-secondary understrap-read-more-link\" href=\"https:\/\/aqpamm.ca\/formation\/proche-aidant%c2%b7e\/module-3\/les-differents-roles-dans-une-dynamique-dintimidation-lauteur\/\">Lire la suite\u2026<span class=\"screen-reader-text\"> from Les diff\u00e9rents r\u00f4les dans une dynamique d\u2019intimidation : l&rsquo;auteur<\/span><\/a><\/p>\n","protected":false},"author":1,"featured_media":0,"parent":934,"menu_order":87,"comment_status":"closed","ping_status":"closed","template":"","meta":{"footnotes":""},"class_list":["post-950","page","type-page","status-publish","hentry"],"_links":{"self":[{"href":"https:\/\/aqpamm.ca\/formation\/wp-json\/wp\/v2\/pages\/950","targetHints":{"allow":["GET"]}}],"collection":[{"href":"https:\/\/aqpamm.ca\/formation\/wp-json\/wp\/v2\/pages"}],"about":[{"href":"https:\/\/aqpamm.ca\/formation\/wp-json\/wp\/v2\/types\/page"}],"author":[{"embeddable":true,"href":"https:\/\/aqpamm.ca\/formation\/wp-json\/wp\/v2\/users\/1"}],"replies":[{"embeddable":true,"href":"https:\/\/aqpamm.ca\/formation\/wp-json\/wp\/v2\/comments?post=950"}],"version-history":[{"count":10,"href":"https:\/\/aqpamm.ca\/formation\/wp-json\/wp\/v2\/pages\/950\/revisions"}],"predecessor-version":[{"id":1067,"href":"https:\/\/aqpamm.ca\/formation\/wp-json\/wp\/v2\/pages\/950\/revisions\/1067"}],"up":[{"embeddable":true,"href":"https:\/\/aqpamm.ca\/formation\/wp-json\/wp\/v2\/pages\/934"}],"wp:attachment":[{"href":"https:\/\/aqpamm.ca\/formation\/wp-json\/wp\/v2\/media?parent=950"}],"curies":[{"name":"wp","href":"https:\/\/api.w.org\/{rel}","templated":true}]}}