{"id":949,"date":"2020-03-07T04:03:07","date_gmt":"2020-03-07T03:03:07","guid":{"rendered":"https:\/\/aqpamm.ca\/formation\/?page_id=949"},"modified":"2020-03-24T17:46:11","modified_gmt":"2020-03-24T16:46:11","slug":"les-differents-roles-dans-une-dynamique-dintimidation-le-temoin","status":"publish","type":"page","link":"https:\/\/aqpamm.ca\/formation\/proche-aidant%c2%b7e\/module-3\/les-differents-roles-dans-une-dynamique-dintimidation-le-temoin\/","title":{"rendered":"Les diff\u00e9rents r\u00f4les dans une dynamique d\u2019intimidation : le t\u00e9moin"},"content":{"rendered":"\n<figure class=\"wp-block-image size-large col-sm-4\"><img loading=\"lazy\" decoding=\"async\" width=\"464\" height=\"402\" src=\"https:\/\/aqpamm.ca\/formation\/wp-content\/uploads\/2020\/02\/soeur-de-marie.png\" alt=\"\" class=\"wp-image-661\" srcset=\"https:\/\/aqpamm.ca\/formation\/wp-content\/uploads\/2020\/02\/soeur-de-marie.png 464w, https:\/\/aqpamm.ca\/formation\/wp-content\/uploads\/2020\/02\/soeur-de-marie-300x260.png 300w\" sizes=\"auto, (max-width: 464px) 100vw, 464px\" \/><\/figure>\n\n\n\n<p class=\"col-sm-8\">Si vous assistez \u00e0 des situations d\u2019intimidation, que vous entendez des menaces, observez des gestes d\u2019intimidation \u00e0 l\u2019encontre d\u2019un\u00b7e proche aidant\u00b7e, de la personne vivant avec un trouble de sant\u00e9 mentale ou de toute autre personne, vous \u00eates t\u00e9moin d\u2019intimidation. <br><br>En tant que t\u00e9moin, vous avez un r\u00f4le \u00e0 jouer, car vous avez le pouvoir d\u2019influencer la situation et de faire une diff\u00e9rence. Garder le silence sur ces situations, c\u2019est cautionner l\u2019intimidation. De plus, votre inaction risque d\u2019encourager l\u2019auteur dans ses comportements. <\/p>\n","protected":false},"excerpt":{"rendered":"<p>Si vous assistez \u00e0 des situations d\u2019intimidation, que vous entendez des menaces, observez des gestes d\u2019intimidation \u00e0 l\u2019encontre d\u2019un\u00b7e proche aidant\u00b7e, de la personne vivant avec un trouble de sant\u00e9 mentale ou de toute autre personne, vous \u00eates t\u00e9moin d\u2019intimidation. En tant que t\u00e9moin, vous avez un r\u00f4le \u00e0 jouer, car vous avez le pouvoir [&#8230;]<\/p>\n<p><a class=\"btn btn-secondary understrap-read-more-link\" href=\"https:\/\/aqpamm.ca\/formation\/proche-aidant%c2%b7e\/module-3\/les-differents-roles-dans-une-dynamique-dintimidation-le-temoin\/\">Lire la suite\u2026<span class=\"screen-reader-text\"> from Les diff\u00e9rents r\u00f4les dans une dynamique d\u2019intimidation : le t\u00e9moin<\/span><\/a><\/p>\n","protected":false},"author":1,"featured_media":0,"parent":934,"menu_order":86,"comment_status":"closed","ping_status":"closed","template":"","meta":{"footnotes":""},"class_list":["post-949","page","type-page","status-publish","hentry"],"_links":{"self":[{"href":"https:\/\/aqpamm.ca\/formation\/wp-json\/wp\/v2\/pages\/949","targetHints":{"allow":["GET"]}}],"collection":[{"href":"https:\/\/aqpamm.ca\/formation\/wp-json\/wp\/v2\/pages"}],"about":[{"href":"https:\/\/aqpamm.ca\/formation\/wp-json\/wp\/v2\/types\/page"}],"author":[{"embeddable":true,"href":"https:\/\/aqpamm.ca\/formation\/wp-json\/wp\/v2\/users\/1"}],"replies":[{"embeddable":true,"href":"https:\/\/aqpamm.ca\/formation\/wp-json\/wp\/v2\/comments?post=949"}],"version-history":[{"count":5,"href":"https:\/\/aqpamm.ca\/formation\/wp-json\/wp\/v2\/pages\/949\/revisions"}],"predecessor-version":[{"id":1150,"href":"https:\/\/aqpamm.ca\/formation\/wp-json\/wp\/v2\/pages\/949\/revisions\/1150"}],"up":[{"embeddable":true,"href":"https:\/\/aqpamm.ca\/formation\/wp-json\/wp\/v2\/pages\/934"}],"wp:attachment":[{"href":"https:\/\/aqpamm.ca\/formation\/wp-json\/wp\/v2\/media?parent=949"}],"curies":[{"name":"wp","href":"https:\/\/api.w.org\/{rel}","templated":true}]}}