{"id":948,"date":"2020-03-07T04:03:08","date_gmt":"2020-03-07T03:03:08","guid":{"rendered":"https:\/\/aqpamm.ca\/formation\/?page_id=948"},"modified":"2020-03-11T16:39:25","modified_gmt":"2020-03-11T15:39:25","slug":"les-differents-roles-dans-une-dynamique-dintimidation-la-victime","status":"publish","type":"page","link":"https:\/\/aqpamm.ca\/formation\/proche-aidant%c2%b7e\/module-3\/les-differents-roles-dans-une-dynamique-dintimidation-la-victime\/","title":{"rendered":"Les diff\u00e9rents r\u00f4les dans une dynamique d\u2019intimidation : la victime"},"content":{"rendered":"\n<figure class=\"wp-block-image size-large col-sm-4\"><img loading=\"lazy\" decoding=\"async\" width=\"464\" height=\"402\" src=\"https:\/\/aqpamm.ca\/formation\/wp-content\/uploads\/2020\/01\/marie.png\" alt=\"\" class=\"wp-image-468\" srcset=\"https:\/\/aqpamm.ca\/formation\/wp-content\/uploads\/2020\/01\/marie.png 464w, https:\/\/aqpamm.ca\/formation\/wp-content\/uploads\/2020\/01\/marie-300x260.png 300w\" sizes=\"auto, (max-width: 464px) 100vw, 464px\" \/><\/figure>\n\n\n\n<p class=\"col-sm-8\">Nous sommes victimes lorsque nous sommes la cible de comportements d\u2019intimidation, qu\u2019ils soient occasionnels ou r\u00e9p\u00e9t\u00e9s.<br><br>Si l\u2019on vit des situations qui nous emp\u00eachent de nous d\u00e9placer ou de vaquer \u00e0 nos occupations en toute qui\u00e9tude, parce que l\u2019on craint la r\u00e9action de l\u2019autre, qu\u2019on a peur, il est fort probable que nous soyons victime d\u2019intimidation. <\/p>\n","protected":false},"excerpt":{"rendered":"<p>Nous sommes victimes lorsque nous sommes la cible de comportements d\u2019intimidation, qu\u2019ils soient occasionnels ou r\u00e9p\u00e9t\u00e9s. Si l\u2019on vit des situations qui nous emp\u00eachent de nous d\u00e9placer ou de vaquer \u00e0 nos occupations en toute qui\u00e9tude, parce que l\u2019on craint la r\u00e9action de l\u2019autre, qu\u2019on a peur, il est fort probable que nous soyons victime [&#8230;]<\/p>\n<p><a class=\"btn btn-secondary understrap-read-more-link\" href=\"https:\/\/aqpamm.ca\/formation\/proche-aidant%c2%b7e\/module-3\/les-differents-roles-dans-une-dynamique-dintimidation-la-victime\/\">Lire la suite\u2026<span class=\"screen-reader-text\"> from Les diff\u00e9rents r\u00f4les dans une dynamique d\u2019intimidation : la victime<\/span><\/a><\/p>\n","protected":false},"author":1,"featured_media":0,"parent":934,"menu_order":85,"comment_status":"closed","ping_status":"closed","template":"","meta":{"footnotes":""},"class_list":["post-948","page","type-page","status-publish","hentry"],"_links":{"self":[{"href":"https:\/\/aqpamm.ca\/formation\/wp-json\/wp\/v2\/pages\/948","targetHints":{"allow":["GET"]}}],"collection":[{"href":"https:\/\/aqpamm.ca\/formation\/wp-json\/wp\/v2\/pages"}],"about":[{"href":"https:\/\/aqpamm.ca\/formation\/wp-json\/wp\/v2\/types\/page"}],"author":[{"embeddable":true,"href":"https:\/\/aqpamm.ca\/formation\/wp-json\/wp\/v2\/users\/1"}],"replies":[{"embeddable":true,"href":"https:\/\/aqpamm.ca\/formation\/wp-json\/wp\/v2\/comments?post=948"}],"version-history":[{"count":3,"href":"https:\/\/aqpamm.ca\/formation\/wp-json\/wp\/v2\/pages\/948\/revisions"}],"predecessor-version":[{"id":1065,"href":"https:\/\/aqpamm.ca\/formation\/wp-json\/wp\/v2\/pages\/948\/revisions\/1065"}],"up":[{"embeddable":true,"href":"https:\/\/aqpamm.ca\/formation\/wp-json\/wp\/v2\/pages\/934"}],"wp:attachment":[{"href":"https:\/\/aqpamm.ca\/formation\/wp-json\/wp\/v2\/media?parent=948"}],"curies":[{"name":"wp","href":"https:\/\/api.w.org\/{rel}","templated":true}]}}