{"id":942,"date":"2020-03-06T03:47:11","date_gmt":"2020-03-06T02:47:11","guid":{"rendered":"https:\/\/aqpamm.ca\/formation\/?page_id=942"},"modified":"2020-03-24T17:42:16","modified_gmt":"2020-03-24T16:42:16","slug":"les-differents-roles","status":"publish","type":"page","link":"https:\/\/aqpamm.ca\/formation\/proche-aidant%c2%b7e\/module-3\/les-differents-roles\/","title":{"rendered":"Les diff\u00e9rents r\u00f4les dans une dynamique d&rsquo;intimidation"},"content":{"rendered":"\n<p class=\"col-sm-12 bulle\">Je suis la soeur de Marie, j&rsquo;appuie Maxime dans l&rsquo;aide qu&rsquo;il offre \u00e0 sa m\u00e8re, je leur propose  des activit\u00e9s en plein air et j&rsquo;aide Maxime \u00e0 cuisiner pour sa m\u00e8re. Je m&rsquo;aper\u00e7ois que, tous les jours, Maxime rabaisse Marie et menace de cesser de l\u2019aider.<\/p>\n\n\n\n<figure class=\"wp-block-image size-large col-sm-4\"><img decoding=\"async\" src=\"https:\/\/aqpamm.ca\/formation\/wp-content\/uploads\/2020\/02\/soeur-de-marie.png\" alt=\"\" class=\"wp-image-525\"\/><\/figure>\n\n\n\n<div class=\"col-sm-8\"><div class=\"h5p-iframe-wrapper\"><iframe id=\"h5p-iframe-26\" class=\"h5p-iframe\" data-content-id=\"26\" style=\"height:1px\" src=\"about:blank\" frameBorder=\"0\" scrolling=\"no\" title=\"Volet PA - Module 3 - Les diff\u00e9rents r\u00f4les\"><\/iframe><\/div><\/div>\n","protected":false},"excerpt":{"rendered":"<p>Je suis la soeur de Marie, j&rsquo;appuie Maxime dans l&rsquo;aide qu&rsquo;il offre \u00e0 sa m\u00e8re, je leur propose des activit\u00e9s en plein air et j&rsquo;aide Maxime \u00e0 cuisiner pour sa m\u00e8re. Je m&rsquo;aper\u00e7ois que, tous les jours, Maxime rabaisse Marie et menace de cesser de l\u2019aider. [&#8230;]<\/p>\n<p><a class=\"btn btn-secondary understrap-read-more-link\" href=\"https:\/\/aqpamm.ca\/formation\/proche-aidant%c2%b7e\/module-3\/les-differents-roles\/\">Lire la suite\u2026<span class=\"screen-reader-text\"> from Les diff\u00e9rents r\u00f4les dans une dynamique d&rsquo;intimidation<\/span><\/a><\/p>\n","protected":false},"author":1,"featured_media":0,"parent":934,"menu_order":83,"comment_status":"closed","ping_status":"closed","template":"","meta":{"footnotes":""},"class_list":["post-942","page","type-page","status-publish","hentry"],"_links":{"self":[{"href":"https:\/\/aqpamm.ca\/formation\/wp-json\/wp\/v2\/pages\/942","targetHints":{"allow":["GET"]}}],"collection":[{"href":"https:\/\/aqpamm.ca\/formation\/wp-json\/wp\/v2\/pages"}],"about":[{"href":"https:\/\/aqpamm.ca\/formation\/wp-json\/wp\/v2\/types\/page"}],"author":[{"embeddable":true,"href":"https:\/\/aqpamm.ca\/formation\/wp-json\/wp\/v2\/users\/1"}],"replies":[{"embeddable":true,"href":"https:\/\/aqpamm.ca\/formation\/wp-json\/wp\/v2\/comments?post=942"}],"version-history":[{"count":8,"href":"https:\/\/aqpamm.ca\/formation\/wp-json\/wp\/v2\/pages\/942\/revisions"}],"predecessor-version":[{"id":1147,"href":"https:\/\/aqpamm.ca\/formation\/wp-json\/wp\/v2\/pages\/942\/revisions\/1147"}],"up":[{"embeddable":true,"href":"https:\/\/aqpamm.ca\/formation\/wp-json\/wp\/v2\/pages\/934"}],"wp:attachment":[{"href":"https:\/\/aqpamm.ca\/formation\/wp-json\/wp\/v2\/media?parent=942"}],"curies":[{"name":"wp","href":"https:\/\/api.w.org\/{rel}","templated":true}]}}