{"id":930,"date":"2020-03-06T03:29:36","date_gmt":"2020-03-06T02:29:36","guid":{"rendered":"https:\/\/aqpamm.ca\/formation\/?page_id=930"},"modified":"2020-03-25T15:46:47","modified_gmt":"2020-03-25T14:46:47","slug":"quiz-recapitulatif-3-3","status":"publish","type":"page","link":"https:\/\/aqpamm.ca\/formation\/proche-aidant%c2%b7e\/module-2\/quiz-recapitulatif-3-3\/","title":{"rendered":"Quiz r\u00e9capitulatif &#8211; 3\/3"},"content":{"rendered":"\n<p>Ad\u00e8le est une personne \u00e2g\u00e9e qui vit une probl\u00e9matique de sant\u00e9 mentale. Elle est r\u00e9guli\u00e8rement aid\u00e9e par son neveu. Ce dernier pose parfois certains comportements qui pourraient entrainer l\u2019\u00e9mergence d\u2019une dynamique d\u2019intimidation. Ad\u00e8le en a discut\u00e9 avec une amie qui lui a conseill\u00e9 d&rsquo;en parler \u00e0 un\u00b7e intervenant\u00b7e.<\/p>\n\n\n\n<div class=\"col-md-12\"><div class=\"h5p-iframe-wrapper\"><iframe id=\"h5p-iframe-15\" class=\"h5p-iframe\" data-content-id=\"15\" style=\"height:1px\" src=\"about:blank\" frameBorder=\"0\" scrolling=\"no\" title=\"Module 2 - Quiz r\u00e9capitulatif 3\"><\/iframe><\/div><\/div>\n","protected":false},"excerpt":{"rendered":"<p>Ad\u00e8le est une personne \u00e2g\u00e9e qui vit une probl\u00e9matique de sant\u00e9 mentale. Elle est r\u00e9guli\u00e8rement aid\u00e9e par son neveu. Ce dernier pose parfois certains comportements qui pourraient entrainer l\u2019\u00e9mergence d\u2019une dynamique d\u2019intimidation. Ad\u00e8le en a discut\u00e9 avec une amie qui lui a conseill\u00e9 d&rsquo;en parler \u00e0 un\u00b7e intervenant\u00b7e. [&#8230;]<\/p>\n<p><a class=\"btn btn-secondary understrap-read-more-link\" href=\"https:\/\/aqpamm.ca\/formation\/proche-aidant%c2%b7e\/module-2\/quiz-recapitulatif-3-3\/\">Lire la suite\u2026<span class=\"screen-reader-text\"> from Quiz r\u00e9capitulatif &#8211; 3\/3<\/span><\/a><\/p>\n","protected":false},"author":1,"featured_media":0,"parent":906,"menu_order":80,"comment_status":"closed","ping_status":"closed","template":"","meta":{"footnotes":""},"class_list":["post-930","page","type-page","status-publish","hentry"],"_links":{"self":[{"href":"https:\/\/aqpamm.ca\/formation\/wp-json\/wp\/v2\/pages\/930","targetHints":{"allow":["GET"]}}],"collection":[{"href":"https:\/\/aqpamm.ca\/formation\/wp-json\/wp\/v2\/pages"}],"about":[{"href":"https:\/\/aqpamm.ca\/formation\/wp-json\/wp\/v2\/types\/page"}],"author":[{"embeddable":true,"href":"https:\/\/aqpamm.ca\/formation\/wp-json\/wp\/v2\/users\/1"}],"replies":[{"embeddable":true,"href":"https:\/\/aqpamm.ca\/formation\/wp-json\/wp\/v2\/comments?post=930"}],"version-history":[{"count":4,"href":"https:\/\/aqpamm.ca\/formation\/wp-json\/wp\/v2\/pages\/930\/revisions"}],"predecessor-version":[{"id":1224,"href":"https:\/\/aqpamm.ca\/formation\/wp-json\/wp\/v2\/pages\/930\/revisions\/1224"}],"up":[{"embeddable":true,"href":"https:\/\/aqpamm.ca\/formation\/wp-json\/wp\/v2\/pages\/906"}],"wp:attachment":[{"href":"https:\/\/aqpamm.ca\/formation\/wp-json\/wp\/v2\/media?parent=930"}],"curies":[{"name":"wp","href":"https:\/\/api.w.org\/{rel}","templated":true}]}}