{"id":91,"date":"2020-01-03T00:17:01","date_gmt":"2020-01-02T23:17:01","guid":{"rendered":"https:\/\/aqpamm.ca\/formation\/?page_id=91"},"modified":"2020-02-07T18:29:52","modified_gmt":"2020-02-07T17:29:52","slug":"les-formes-dintimidation","status":"publish","type":"page","link":"https:\/\/aqpamm.ca\/formation\/intervenant%c2%b7e%c2%b7s\/module-1\/les-formes-dintimidation\/","title":{"rendered":"Les formes d&rsquo;intimidation"},"content":{"rendered":"\n<p>L\u2019intimidation est un ph\u00e9nom\u00e8ne complexe qui peut \u00eatre difficile \u00e0 circonscrire et \u00e0 identifier, puisqu\u2019elle refl\u00e8te une vari\u00e9t\u00e9 de conduites. L\u2019intimidation peut prendre diff\u00e9rentes formes.<br><br><strong>Les 5 formes d&rsquo;intimidation <\/strong><\/p>\n\n\n\n<div class=\"col-sm-8\"><div class=\"h5p-iframe-wrapper\"><iframe id=\"h5p-iframe-10\" class=\"h5p-iframe\" data-content-id=\"10\" style=\"height:1px\" src=\"about:blank\" frameBorder=\"0\" scrolling=\"no\" title=\"Module 1 - Les formes d&#039;intimidation\"><\/iframe><\/div><\/div>\n\n\n\n<div class=\"col-sm-4 encart\">\n\n\n\n<p>L\u2019intimidation englobe une vaste gamme de comportements qui peuvent faire partie de probl\u00e9matiques plus larges et sanctionnables comme la n\u00e9gligence, la maltraitance, la discrimination, la violence conjugale, familiale ou sexuelle. Certaines manifestations d\u2019intimidation constituent m\u00eame des actes criminels.<\/p>\n\n\n\n<\/div>\n","protected":false},"excerpt":{"rendered":"<p>L\u2019intimidation est un ph\u00e9nom\u00e8ne complexe qui peut \u00eatre difficile \u00e0 circonscrire et \u00e0 identifier, puisqu\u2019elle refl\u00e8te une vari\u00e9t\u00e9 de conduites. L\u2019intimidation peut prendre diff\u00e9rentes formes. Les 5 formes d&rsquo;intimidation L\u2019intimidation englobe une vaste gamme de comportements qui peuvent faire partie de probl\u00e9matiques plus larges et sanctionnables comme la n\u00e9gligence, la maltraitance, la discrimination, la violence [&#8230;]<\/p>\n<p><a class=\"btn btn-secondary understrap-read-more-link\" href=\"https:\/\/aqpamm.ca\/formation\/intervenant%c2%b7e%c2%b7s\/module-1\/les-formes-dintimidation\/\">Lire la suite\u2026<span class=\"screen-reader-text\"> from Les formes d&rsquo;intimidation<\/span><\/a><\/p>\n","protected":false},"author":1,"featured_media":0,"parent":6,"menu_order":13,"comment_status":"closed","ping_status":"closed","template":"","meta":{"footnotes":""},"class_list":["post-91","page","type-page","status-publish","hentry"],"_links":{"self":[{"href":"https:\/\/aqpamm.ca\/formation\/wp-json\/wp\/v2\/pages\/91","targetHints":{"allow":["GET"]}}],"collection":[{"href":"https:\/\/aqpamm.ca\/formation\/wp-json\/wp\/v2\/pages"}],"about":[{"href":"https:\/\/aqpamm.ca\/formation\/wp-json\/wp\/v2\/types\/page"}],"author":[{"embeddable":true,"href":"https:\/\/aqpamm.ca\/formation\/wp-json\/wp\/v2\/users\/1"}],"replies":[{"embeddable":true,"href":"https:\/\/aqpamm.ca\/formation\/wp-json\/wp\/v2\/comments?post=91"}],"version-history":[{"count":10,"href":"https:\/\/aqpamm.ca\/formation\/wp-json\/wp\/v2\/pages\/91\/revisions"}],"predecessor-version":[{"id":670,"href":"https:\/\/aqpamm.ca\/formation\/wp-json\/wp\/v2\/pages\/91\/revisions\/670"}],"up":[{"embeddable":true,"href":"https:\/\/aqpamm.ca\/formation\/wp-json\/wp\/v2\/pages\/6"}],"wp:attachment":[{"href":"https:\/\/aqpamm.ca\/formation\/wp-json\/wp\/v2\/media?parent=91"}],"curies":[{"name":"wp","href":"https:\/\/api.w.org\/{rel}","templated":true}]}}