{"id":904,"date":"2020-03-06T03:08:34","date_gmt":"2020-03-06T02:08:34","guid":{"rendered":"https:\/\/aqpamm.ca\/formation\/?page_id=904"},"modified":"2020-05-05T21:57:03","modified_gmt":"2020-05-05T19:57:03","slug":"conclusion","status":"publish","type":"page","link":"https:\/\/aqpamm.ca\/formation\/proche-aidant%c2%b7e\/module-1\/conclusion\/","title":{"rendered":"Conclusion"},"content":{"rendered":"\n<p class=\"has-text-align-center col-sm-8\"><strong>F\u00e9licitations<\/strong>!<br>Vous avez termin\u00e9 le module 1 :  Reconna\u00eetre une situation d\u2019intimidation<br><br>D\u00e9butez le <br><br><a class=\"button\" href=\"\/formation\/proche-aidant\u00b7e\/module-2\/prevenir-intimidation\/\">Module 2: pr\u00e9venir l&rsquo;intimidation<\/a><br><br><\/p>\n\n\n\n<p><\/p>\n\n\n\n<div class=\"col-sm-4 encart\">\n\n\n\n<p><strong>Quelles sont les cons\u00e9quences de l&rsquo;intimidation<\/strong><br> <a href=\"https:\/\/aqpamm.ca\/formation\/wp-content\/uploads\/2020\/05\/Les-cons\u00e9quences-de-lintimidation.pdf\" target=\"_blank\" rel=\"noreferrer noopener\"><img decoding=\"async\" class=\"iconPdf\" src=\"https:\/\/aqpamm.ca\/formation\/wp-content\/uploads\/2020\/01\/pdf_icon.png\"> Les cons\u00e9quences de l&rsquo;intimidation<\/a><\/p>\n\n\n\n<\/div>\n","protected":false},"excerpt":{"rendered":"<p>F\u00e9licitations!Vous avez termin\u00e9 le module 1 : Reconna\u00eetre une situation d\u2019intimidation D\u00e9butez le Module 2: pr\u00e9venir l&rsquo;intimidation Quelles sont les cons\u00e9quences de l&rsquo;intimidation Les cons\u00e9quences de l&rsquo;intimidation [&#8230;]<\/p>\n<p><a class=\"btn btn-secondary understrap-read-more-link\" href=\"https:\/\/aqpamm.ca\/formation\/proche-aidant%c2%b7e\/module-1\/conclusion\/\">Lire la suite\u2026<span class=\"screen-reader-text\"> from Conclusion<\/span><\/a><\/p>\n","protected":false},"author":1,"featured_media":0,"parent":884,"menu_order":73,"comment_status":"closed","ping_status":"closed","template":"","meta":{"footnotes":""},"class_list":["post-904","page","type-page","status-publish","hentry"],"_links":{"self":[{"href":"https:\/\/aqpamm.ca\/formation\/wp-json\/wp\/v2\/pages\/904","targetHints":{"allow":["GET"]}}],"collection":[{"href":"https:\/\/aqpamm.ca\/formation\/wp-json\/wp\/v2\/pages"}],"about":[{"href":"https:\/\/aqpamm.ca\/formation\/wp-json\/wp\/v2\/types\/page"}],"author":[{"embeddable":true,"href":"https:\/\/aqpamm.ca\/formation\/wp-json\/wp\/v2\/users\/1"}],"replies":[{"embeddable":true,"href":"https:\/\/aqpamm.ca\/formation\/wp-json\/wp\/v2\/comments?post=904"}],"version-history":[{"count":6,"href":"https:\/\/aqpamm.ca\/formation\/wp-json\/wp\/v2\/pages\/904\/revisions"}],"predecessor-version":[{"id":1294,"href":"https:\/\/aqpamm.ca\/formation\/wp-json\/wp\/v2\/pages\/904\/revisions\/1294"}],"up":[{"embeddable":true,"href":"https:\/\/aqpamm.ca\/formation\/wp-json\/wp\/v2\/pages\/884"}],"wp:attachment":[{"href":"https:\/\/aqpamm.ca\/formation\/wp-json\/wp\/v2\/media?parent=904"}],"curies":[{"name":"wp","href":"https:\/\/api.w.org\/{rel}","templated":true}]}}