{"id":900,"date":"2020-03-06T03:07:12","date_gmt":"2020-03-06T02:07:12","guid":{"rendered":"https:\/\/aqpamm.ca\/formation\/?page_id=900"},"modified":"2020-03-11T16:16:45","modified_gmt":"2020-03-11T15:16:45","slug":"quiz-recapitulatif-2-3","status":"publish","type":"page","link":"https:\/\/aqpamm.ca\/formation\/proche-aidant%c2%b7e\/module-1\/quiz-recapitulatif-2-3\/","title":{"rendered":"Quiz r\u00e9capitulatif &#8211; 2\/3"},"content":{"rendered":"\n<p>Deux s\u0153urs dans la jeune vingtaine ont le m\u00eame groupe d\u2019ami\u00b7e\u00b7s. Depuis que la cadette a un trouble de la personnalit\u00e9 limite, sa grande s\u0153ur lui cache les activit\u00e9s organis\u00e9es par le groupe. Elle croit la prot\u00e9ger en lui \u00e9vitant de se retrouver au sein du groupe puisqu\u2019elle a eu des comportements inadapt\u00e9s lors de f\u00eates et de soupers. <\/p>\n\n\n\n<div class=\"col-md-12\"><div class=\"h5p-iframe-wrapper\"><iframe id=\"h5p-iframe-6\" class=\"h5p-iframe\" data-content-id=\"6\" style=\"height:1px\" src=\"about:blank\" frameBorder=\"0\" scrolling=\"no\" title=\"Module 1 - Quiz r\u00e9capitulatif 2\"><\/iframe><\/div><\/div>\n","protected":false},"excerpt":{"rendered":"<p>Deux s\u0153urs dans la jeune vingtaine ont le m\u00eame groupe d\u2019ami\u00b7e\u00b7s. Depuis que la cadette a un trouble de la personnalit\u00e9 limite, sa grande s\u0153ur lui cache les activit\u00e9s organis\u00e9es par le groupe. Elle croit la prot\u00e9ger en lui \u00e9vitant de se retrouver au sein du groupe puisqu\u2019elle a eu des comportements inadapt\u00e9s lors de [&#8230;]<\/p>\n<p><a class=\"btn btn-secondary understrap-read-more-link\" href=\"https:\/\/aqpamm.ca\/formation\/proche-aidant%c2%b7e\/module-1\/quiz-recapitulatif-2-3\/\">Lire la suite\u2026<span class=\"screen-reader-text\"> from Quiz r\u00e9capitulatif &#8211; 2\/3<\/span><\/a><\/p>\n","protected":false},"author":1,"featured_media":0,"parent":884,"menu_order":71,"comment_status":"closed","ping_status":"closed","template":"","meta":{"footnotes":""},"class_list":["post-900","page","type-page","status-publish","hentry"],"_links":{"self":[{"href":"https:\/\/aqpamm.ca\/formation\/wp-json\/wp\/v2\/pages\/900","targetHints":{"allow":["GET"]}}],"collection":[{"href":"https:\/\/aqpamm.ca\/formation\/wp-json\/wp\/v2\/pages"}],"about":[{"href":"https:\/\/aqpamm.ca\/formation\/wp-json\/wp\/v2\/types\/page"}],"author":[{"embeddable":true,"href":"https:\/\/aqpamm.ca\/formation\/wp-json\/wp\/v2\/users\/1"}],"replies":[{"embeddable":true,"href":"https:\/\/aqpamm.ca\/formation\/wp-json\/wp\/v2\/comments?post=900"}],"version-history":[{"count":2,"href":"https:\/\/aqpamm.ca\/formation\/wp-json\/wp\/v2\/pages\/900\/revisions"}],"predecessor-version":[{"id":1060,"href":"https:\/\/aqpamm.ca\/formation\/wp-json\/wp\/v2\/pages\/900\/revisions\/1060"}],"up":[{"embeddable":true,"href":"https:\/\/aqpamm.ca\/formation\/wp-json\/wp\/v2\/pages\/884"}],"wp:attachment":[{"href":"https:\/\/aqpamm.ca\/formation\/wp-json\/wp\/v2\/media?parent=900"}],"curies":[{"name":"wp","href":"https:\/\/api.w.org\/{rel}","templated":true}]}}