{"id":898,"date":"2020-03-06T03:06:36","date_gmt":"2020-03-06T02:06:36","guid":{"rendered":"https:\/\/aqpamm.ca\/formation\/?page_id=898"},"modified":"2020-03-25T16:23:19","modified_gmt":"2020-03-25T15:23:19","slug":"connaitre-des-pistes-pour-se-sortir-dune-situation-ou-lon-est-victime-dintimidation-2","status":"publish","type":"page","link":"https:\/\/aqpamm.ca\/formation\/proche-aidant%c2%b7e\/module-3\/connaitre-des-pistes-pour-se-sortir-dune-situation-ou-lon-est-victime-dintimidation-2\/","title":{"rendered":"Conna\u00eetre des pistes pour se sortir d\u2019une situation o\u00f9 l\u2019on est victime d\u2019intimidation"},"content":{"rendered":"\nMaxime est le proche aidant de Marie. Celle-ci constate que certains des comportements de son fils sont probl\u00e9matiques: il lui coupe r\u00e9guli\u00e8rement la parole, il la rabaisse devant d&rsquo;autres membres de la famille, et il menace d\u2019arr\u00eater de l&rsquo;aider.\n\n<div class=\"col-md-12\">\n<br>\n<br>\n<div class=\"h5p-iframe-wrapper\"><iframe id=\"h5p-iframe-27\" class=\"h5p-iframe\" data-content-id=\"27\" style=\"height:1px\" src=\"about:blank\" frameBorder=\"0\" scrolling=\"no\" title=\"Volet PA - Module 3 - Pistes victime\"><\/iframe><\/div>\n<br>\n<a href=\"https:\/\/aqpamm.ca\/formation\/wp-content\/uploads\/2020\/03\/Si-la-situation-est-grave-que-faire.pdf\"><img decoding=\"async\" class=\"iconPdf\" src=\"https:\/\/aqpamm.ca\/formation\/wp-content\/uploads\/2020\/01\/pdf_icon.png\"> Si la situation est grave, que faire?<\/a>\n<\/div>\n","protected":false},"excerpt":{"rendered":"<p>Maxime est le proche aidant de Marie. Celle-ci constate que certains des comportements de son fils sont probl\u00e9matiques: il lui coupe r\u00e9guli\u00e8rement la parole, il la rabaisse devant d&rsquo;autres membres de la famille, et il menace d\u2019arr\u00eater de l&rsquo;aider. Si la situation est grave, que faire? [&#8230;]<\/p>\n<p><a class=\"btn btn-secondary understrap-read-more-link\" href=\"https:\/\/aqpamm.ca\/formation\/proche-aidant%c2%b7e\/module-3\/connaitre-des-pistes-pour-se-sortir-dune-situation-ou-lon-est-victime-dintimidation-2\/\">Lire la suite\u2026<span class=\"screen-reader-text\"> from Conna\u00eetre des pistes pour se sortir d\u2019une situation o\u00f9 l\u2019on est victime d\u2019intimidation<\/span><\/a><\/p>\n","protected":false},"author":1,"featured_media":0,"parent":934,"menu_order":90,"comment_status":"closed","ping_status":"closed","template":"","meta":{"footnotes":""},"class_list":["post-898","page","type-page","status-publish","hentry"],"_links":{"self":[{"href":"https:\/\/aqpamm.ca\/formation\/wp-json\/wp\/v2\/pages\/898","targetHints":{"allow":["GET"]}}],"collection":[{"href":"https:\/\/aqpamm.ca\/formation\/wp-json\/wp\/v2\/pages"}],"about":[{"href":"https:\/\/aqpamm.ca\/formation\/wp-json\/wp\/v2\/types\/page"}],"author":[{"embeddable":true,"href":"https:\/\/aqpamm.ca\/formation\/wp-json\/wp\/v2\/users\/1"}],"replies":[{"embeddable":true,"href":"https:\/\/aqpamm.ca\/formation\/wp-json\/wp\/v2\/comments?post=898"}],"version-history":[{"count":9,"href":"https:\/\/aqpamm.ca\/formation\/wp-json\/wp\/v2\/pages\/898\/revisions"}],"predecessor-version":[{"id":1227,"href":"https:\/\/aqpamm.ca\/formation\/wp-json\/wp\/v2\/pages\/898\/revisions\/1227"}],"up":[{"embeddable":true,"href":"https:\/\/aqpamm.ca\/formation\/wp-json\/wp\/v2\/pages\/934"}],"wp:attachment":[{"href":"https:\/\/aqpamm.ca\/formation\/wp-json\/wp\/v2\/media?parent=898"}],"curies":[{"name":"wp","href":"https:\/\/api.w.org\/{rel}","templated":true}]}}