{"id":894,"date":"2020-03-06T03:04:50","date_gmt":"2020-03-06T02:04:50","guid":{"rendered":"https:\/\/aqpamm.ca\/formation\/?page_id=894"},"modified":"2020-03-11T16:14:34","modified_gmt":"2020-03-11T15:14:34","slug":"les-criteres-de-lintimidation-4","status":"publish","type":"page","link":"https:\/\/aqpamm.ca\/formation\/proche-aidant%c2%b7e\/module-1\/les-criteres-de-lintimidation-4\/","title":{"rendered":"Les crit\u00e8res de l&rsquo;intimidation"},"content":{"rendered":"\n<p class=\"col-md-12 bulle\">Ma m\u00e8re essaie de trouver un emploi \u00e0 temps partiel pour sortir de la maison et rencontrer de nouvelles personnes. La semaine pass\u00e9e, elle a r\u00e9ussi \u00e0 obtenir une entrevue dans une librairie. Pendant l\u2019entrevue, le g\u00e9rant lui a demand\u00e9 pourquoi elle n\u2019avait pas travaill\u00e9 au cours des derni\u00e8res ann\u00e9es. Elle lui a expliqu\u00e9 qu\u2019elle \u00e9tait en arr\u00eat de travail en raison d\u2019une d\u00e9pression. Le g\u00e9rant lui a alors coup\u00e9 la parole pour lui dire qu\u2019il ne l\u2019embaucherait pas, parce qu\u2019avec sa maladie \u00ab elle sera s\u00fbrement souvent en retard, peu productive, et qu\u2019elle pourrait ne pas \u00eatre courtoise avec les clients \u00bb. Elle est sortie de l\u2019entrevue d\u00e9courag\u00e9e, les larmes aux yeux.   <\/p>\n\n\n\n<figure class=\"wp-block-image size-large col-sm-4\"><img loading=\"lazy\" decoding=\"async\" width=\"464\" height=\"402\" src=\"https:\/\/aqpamm.ca\/formation\/wp-content\/uploads\/2020\/01\/maxime.png\" alt=\"\" class=\"wp-image-525\" srcset=\"https:\/\/aqpamm.ca\/formation\/wp-content\/uploads\/2020\/01\/maxime.png 464w, https:\/\/aqpamm.ca\/formation\/wp-content\/uploads\/2020\/01\/maxime-300x260.png 300w\" sizes=\"auto, (max-width: 464px) 100vw, 464px\" \/><\/figure>\n\n\n\n<div class=\"col-sm-8\"><div class=\"h5p-iframe-wrapper\"><iframe id=\"h5p-iframe-9\" class=\"h5p-iframe\" data-content-id=\"9\" style=\"height:1px\" src=\"about:blank\" frameBorder=\"0\" scrolling=\"no\" title=\"Module 1 : Reconnaitre une situation d\u2019intimidation 3\"><\/iframe><\/div><\/div>\n","protected":false},"excerpt":{"rendered":"<p>Ma m\u00e8re essaie de trouver un emploi \u00e0 temps partiel pour sortir de la maison et rencontrer de nouvelles personnes. La semaine pass\u00e9e, elle a r\u00e9ussi \u00e0 obtenir une entrevue dans une librairie. Pendant l\u2019entrevue, le g\u00e9rant lui a demand\u00e9 pourquoi elle n\u2019avait pas travaill\u00e9 au cours des derni\u00e8res ann\u00e9es. Elle lui a expliqu\u00e9 qu\u2019elle [&#8230;]<\/p>\n<p><a class=\"btn btn-secondary understrap-read-more-link\" href=\"https:\/\/aqpamm.ca\/formation\/proche-aidant%c2%b7e\/module-1\/les-criteres-de-lintimidation-4\/\">Lire la suite\u2026<span class=\"screen-reader-text\"> from Les crit\u00e8res de l&rsquo;intimidation<\/span><\/a><\/p>\n","protected":false},"author":1,"featured_media":0,"parent":884,"menu_order":68,"comment_status":"closed","ping_status":"closed","template":"","meta":{"footnotes":""},"class_list":["post-894","page","type-page","status-publish","hentry"],"_links":{"self":[{"href":"https:\/\/aqpamm.ca\/formation\/wp-json\/wp\/v2\/pages\/894","targetHints":{"allow":["GET"]}}],"collection":[{"href":"https:\/\/aqpamm.ca\/formation\/wp-json\/wp\/v2\/pages"}],"about":[{"href":"https:\/\/aqpamm.ca\/formation\/wp-json\/wp\/v2\/types\/page"}],"author":[{"embeddable":true,"href":"https:\/\/aqpamm.ca\/formation\/wp-json\/wp\/v2\/users\/1"}],"replies":[{"embeddable":true,"href":"https:\/\/aqpamm.ca\/formation\/wp-json\/wp\/v2\/comments?post=894"}],"version-history":[{"count":2,"href":"https:\/\/aqpamm.ca\/formation\/wp-json\/wp\/v2\/pages\/894\/revisions"}],"predecessor-version":[{"id":1059,"href":"https:\/\/aqpamm.ca\/formation\/wp-json\/wp\/v2\/pages\/894\/revisions\/1059"}],"up":[{"embeddable":true,"href":"https:\/\/aqpamm.ca\/formation\/wp-json\/wp\/v2\/pages\/884"}],"wp:attachment":[{"href":"https:\/\/aqpamm.ca\/formation\/wp-json\/wp\/v2\/media?parent=894"}],"curies":[{"name":"wp","href":"https:\/\/api.w.org\/{rel}","templated":true}]}}