{"id":882,"date":"2020-03-06T02:56:43","date_gmt":"2020-03-06T01:56:43","guid":{"rendered":"https:\/\/aqpamm.ca\/formation\/?page_id=882"},"modified":"2020-03-13T01:09:12","modified_gmt":"2020-03-13T00:09:12","slug":"reconnaitre-une-situation-dintimidation","status":"publish","type":"page","link":"https:\/\/aqpamm.ca\/formation\/proche-aidant%c2%b7e\/module-1\/reconnaitre-une-situation-dintimidation\/","title":{"rendered":"Reconna\u00eetre une situation d&rsquo;intimidation"},"content":{"rendered":"\n<p class=\"col-md-12 bulle\">Je n\u2019ai pas beaucoup d\u2019argent. Je viens de terminer mes \u00e9tudes, je commence au bas de l\u2019\u00e9chelle. Ma m\u00e8re n\u2019est pas riche, mais elle re\u00e7oit la pension de mon p\u00e8re qui travaillait dans la fonction publique. J\u2019ai&nbsp; demand\u00e9 plusieurs fois \u00e0 ma m\u00e8re de me verser une partie de la pension pour m\u2019aider. Elle refusait pr\u00e9textant qu\u2019\u00e0 32 ans, je devais apprendre \u00e0 voler de mes propres ailes. Elle a accept\u00e9 quand je l\u2019ai menac\u00e9 d\u2019arr\u00eater de l\u2019aider. <\/p>\n\n\n\n<figure class=\"wp-block-image size-large col-sm-4\"><img loading=\"lazy\" decoding=\"async\" width=\"464\" height=\"402\" src=\"https:\/\/aqpamm.ca\/formation\/wp-content\/uploads\/2020\/01\/maxime.png\" alt=\"\" class=\"wp-image-525\" srcset=\"https:\/\/aqpamm.ca\/formation\/wp-content\/uploads\/2020\/01\/maxime.png 464w, https:\/\/aqpamm.ca\/formation\/wp-content\/uploads\/2020\/01\/maxime-300x260.png 300w\" sizes=\"auto, (max-width: 464px) 100vw, 464px\" \/><\/figure>\n\n\n\n<div class=\"col-sm-8\"><div class=\"h5p-iframe-wrapper\"><iframe id=\"h5p-iframe-36\" class=\"h5p-iframe\" data-content-id=\"36\" style=\"height:1px\" src=\"about:blank\" frameBorder=\"0\" scrolling=\"no\" title=\"Volet PA - Module 1 : Reconnaitre une situation d\u2019intimidation\"><\/iframe><\/div><\/div>\n","protected":false},"excerpt":{"rendered":"<p>Je n\u2019ai pas beaucoup d\u2019argent. Je viens de terminer mes \u00e9tudes, je commence au bas de l\u2019\u00e9chelle. Ma m\u00e8re n\u2019est pas riche, mais elle re\u00e7oit la pension de mon p\u00e8re qui travaillait dans la fonction publique. J\u2019ai&nbsp; demand\u00e9 plusieurs fois \u00e0 ma m\u00e8re de me verser une partie de la pension pour m\u2019aider. Elle refusait [&#8230;]<\/p>\n<p><a class=\"btn btn-secondary understrap-read-more-link\" href=\"https:\/\/aqpamm.ca\/formation\/proche-aidant%c2%b7e\/module-1\/reconnaitre-une-situation-dintimidation\/\">Lire la suite\u2026<span class=\"screen-reader-text\"> from Reconna\u00eetre une situation d&rsquo;intimidation<\/span><\/a><\/p>\n","protected":false},"author":1,"featured_media":0,"parent":884,"menu_order":63,"comment_status":"closed","ping_status":"closed","template":"","meta":{"footnotes":""},"class_list":["post-882","page","type-page","status-publish","hentry"],"_links":{"self":[{"href":"https:\/\/aqpamm.ca\/formation\/wp-json\/wp\/v2\/pages\/882","targetHints":{"allow":["GET"]}}],"collection":[{"href":"https:\/\/aqpamm.ca\/formation\/wp-json\/wp\/v2\/pages"}],"about":[{"href":"https:\/\/aqpamm.ca\/formation\/wp-json\/wp\/v2\/types\/page"}],"author":[{"embeddable":true,"href":"https:\/\/aqpamm.ca\/formation\/wp-json\/wp\/v2\/users\/1"}],"replies":[{"embeddable":true,"href":"https:\/\/aqpamm.ca\/formation\/wp-json\/wp\/v2\/comments?post=882"}],"version-history":[{"count":3,"href":"https:\/\/aqpamm.ca\/formation\/wp-json\/wp\/v2\/pages\/882\/revisions"}],"predecessor-version":[{"id":1103,"href":"https:\/\/aqpamm.ca\/formation\/wp-json\/wp\/v2\/pages\/882\/revisions\/1103"}],"up":[{"embeddable":true,"href":"https:\/\/aqpamm.ca\/formation\/wp-json\/wp\/v2\/pages\/884"}],"wp:attachment":[{"href":"https:\/\/aqpamm.ca\/formation\/wp-json\/wp\/v2\/media?parent=882"}],"curies":[{"name":"wp","href":"https:\/\/api.w.org\/{rel}","templated":true}]}}