{"id":880,"date":"2020-03-06T02:55:11","date_gmt":"2020-03-06T01:55:11","guid":{"rendered":"https:\/\/aqpamm.ca\/formation\/?page_id=880"},"modified":"2020-03-11T16:06:36","modified_gmt":"2020-03-11T15:06:36","slug":"la-naissance-dune-dynamique-dintimidation","status":"publish","type":"page","link":"https:\/\/aqpamm.ca\/formation\/proche-aidant%c2%b7e\/introduction\/la-naissance-dune-dynamique-dintimidation\/","title":{"rendered":"La naissance d&rsquo;une dynamique d&rsquo;intimidation"},"content":{"rendered":"\n<p class=\"col-md-12 bulle\">J\u2019avais une belle relation avec ma m\u00e8re avant le d\u00e9c\u00e8s de mon p\u00e8re. On faisait du ski alpin et on s\u2019\u00e9changeait des romans. Elle me soutenait et m\u2019a m\u00eame aid\u00e9 quand j\u2019ai chang\u00e9 trois fois de domaines d\u2019\u00e9tude. Depuis son \u00e9pisode de d\u00e9pression, elle ne fait plus rien et attend beaucoup de moi. J\u2019ai l\u2019impression que les r\u00f4les sont invers\u00e9s et que c\u2019est moi qui suis devenu le parent. C\u2019est difficile \u00e0 vivre et \u00e0 accepter.  <\/p>\n\n\n\n<figure class=\"wp-block-image size-large col-sm-4\"><img loading=\"lazy\" decoding=\"async\" width=\"464\" height=\"402\" src=\"https:\/\/aqpamm.ca\/formation\/wp-content\/uploads\/2020\/01\/maxime.png\" alt=\"\" class=\"wp-image-525\" srcset=\"https:\/\/aqpamm.ca\/formation\/wp-content\/uploads\/2020\/01\/maxime.png 464w, https:\/\/aqpamm.ca\/formation\/wp-content\/uploads\/2020\/01\/maxime-300x260.png 300w\" sizes=\"auto, (max-width: 464px) 100vw, 464px\" \/><\/figure>\n\n\n\n<p class=\"col-sm-8\">L\u2019apparition d\u2019une probl\u00e9matique de sant\u00e9 mentale constitue un grand bouleversement pour la personne qui le vit et son entourage. Les relations peuvent \u00eatre grandement affect\u00e9es et mises \u00e0 l\u2019\u00e9preuve.&nbsp; <br><br>Chacun tente de s\u2019adapter et de composer avec une multitude d\u2019\u00e9motions&nbsp;comme la culpabilit\u00e9, la tristesse, la peur, la col\u00e8re, l\u2019impuissance et le d\u00e9sarroi. <br><br>Dans les circonstances, des actes d\u2019intimidation peuvent se manifester sans que les personnes en aient n\u00e9cessairement conscience. <\/p>\n","protected":false},"excerpt":{"rendered":"<p>J\u2019avais une belle relation avec ma m\u00e8re avant le d\u00e9c\u00e8s de mon p\u00e8re. On faisait du ski alpin et on s\u2019\u00e9changeait des romans. Elle me soutenait et m\u2019a m\u00eame aid\u00e9 quand j\u2019ai chang\u00e9 trois fois de domaines d\u2019\u00e9tude. Depuis son \u00e9pisode de d\u00e9pression, elle ne fait plus rien et attend beaucoup de moi. J\u2019ai l\u2019impression [&#8230;]<\/p>\n<p><a class=\"btn btn-secondary understrap-read-more-link\" href=\"https:\/\/aqpamm.ca\/formation\/proche-aidant%c2%b7e\/introduction\/la-naissance-dune-dynamique-dintimidation\/\">Lire la suite\u2026<span class=\"screen-reader-text\"> from La naissance d&rsquo;une dynamique d&rsquo;intimidation<\/span><\/a><\/p>\n","protected":false},"author":1,"featured_media":0,"parent":851,"menu_order":62,"comment_status":"closed","ping_status":"closed","template":"","meta":{"footnotes":""},"class_list":["post-880","page","type-page","status-publish","hentry"],"_links":{"self":[{"href":"https:\/\/aqpamm.ca\/formation\/wp-json\/wp\/v2\/pages\/880","targetHints":{"allow":["GET"]}}],"collection":[{"href":"https:\/\/aqpamm.ca\/formation\/wp-json\/wp\/v2\/pages"}],"about":[{"href":"https:\/\/aqpamm.ca\/formation\/wp-json\/wp\/v2\/types\/page"}],"author":[{"embeddable":true,"href":"https:\/\/aqpamm.ca\/formation\/wp-json\/wp\/v2\/users\/1"}],"replies":[{"embeddable":true,"href":"https:\/\/aqpamm.ca\/formation\/wp-json\/wp\/v2\/comments?post=880"}],"version-history":[{"count":4,"href":"https:\/\/aqpamm.ca\/formation\/wp-json\/wp\/v2\/pages\/880\/revisions"}],"predecessor-version":[{"id":1055,"href":"https:\/\/aqpamm.ca\/formation\/wp-json\/wp\/v2\/pages\/880\/revisions\/1055"}],"up":[{"embeddable":true,"href":"https:\/\/aqpamm.ca\/formation\/wp-json\/wp\/v2\/pages\/851"}],"wp:attachment":[{"href":"https:\/\/aqpamm.ca\/formation\/wp-json\/wp\/v2\/media?parent=880"}],"curies":[{"name":"wp","href":"https:\/\/api.w.org\/{rel}","templated":true}]}}