{"id":873,"date":"2020-03-06T02:49:42","date_gmt":"2020-03-06T01:49:42","guid":{"rendered":"https:\/\/aqpamm.ca\/formation\/?page_id=873"},"modified":"2020-03-24T16:38:39","modified_gmt":"2020-03-24T15:38:39","slug":"deroulement-de-la-formation","status":"publish","type":"page","link":"https:\/\/aqpamm.ca\/formation\/proche-aidant%c2%b7e\/introduction\/deroulement-de-la-formation\/","title":{"rendered":"D\u00e9roulement de la formation"},"content":{"rendered":"\n<figure class=\"wp-block-image size-large col-sm-4\"><img loading=\"lazy\" decoding=\"async\" width=\"464\" height=\"402\" src=\"https:\/\/aqpamm.ca\/formation\/wp-content\/uploads\/2020\/01\/maxime.png\" alt=\"\" class=\"wp-image-525\" srcset=\"https:\/\/aqpamm.ca\/formation\/wp-content\/uploads\/2020\/01\/maxime.png 464w, https:\/\/aqpamm.ca\/formation\/wp-content\/uploads\/2020\/01\/maxime-300x260.png 300w\" sizes=\"auto, (max-width: 464px) 100vw, 464px\" \/><\/figure>\n\n\n\n<p class=\"col-sm-8\">Maxime aide quotidiennement sa m\u00e8re, Marie, \u00e0 faire ses courses. Cette derni\u00e8re vit avec une d\u00e9pression majeure depuis le d\u00e9c\u00e8s de son mari. Depuis quelque temps, la relation entre Maxime et Marie s\u2019est d\u00e9grad\u00e9e.<br><br>Maxime a fini par la menacer d\u2019arr\u00eater de l\u2019aider et de couper les ponts avec elle, si elle ne se prenait pas plus en main.<br><br><strong>Vous \u00eates invit\u00e9\u00b7e \u00e0 accompagner Maxime au cours de cette formation<\/strong>.<\/p>\n","protected":false},"excerpt":{"rendered":"<p>Maxime aide quotidiennement sa m\u00e8re, Marie, \u00e0 faire ses courses. Cette derni\u00e8re vit avec une d\u00e9pression majeure depuis le d\u00e9c\u00e8s de son mari. Depuis quelque temps, la relation entre Maxime et Marie s\u2019est d\u00e9grad\u00e9e. Maxime a fini par la menacer d\u2019arr\u00eater de l\u2019aider et de couper les ponts avec elle, si elle ne se prenait [&#8230;]<\/p>\n<p><a class=\"btn btn-secondary understrap-read-more-link\" href=\"https:\/\/aqpamm.ca\/formation\/proche-aidant%c2%b7e\/introduction\/deroulement-de-la-formation\/\">Lire la suite\u2026<span class=\"screen-reader-text\"> from D\u00e9roulement de la formation<\/span><\/a><\/p>\n","protected":false},"author":1,"featured_media":0,"parent":851,"menu_order":59,"comment_status":"closed","ping_status":"closed","template":"","meta":{"footnotes":""},"class_list":["post-873","page","type-page","status-publish","hentry"],"_links":{"self":[{"href":"https:\/\/aqpamm.ca\/formation\/wp-json\/wp\/v2\/pages\/873","targetHints":{"allow":["GET"]}}],"collection":[{"href":"https:\/\/aqpamm.ca\/formation\/wp-json\/wp\/v2\/pages"}],"about":[{"href":"https:\/\/aqpamm.ca\/formation\/wp-json\/wp\/v2\/types\/page"}],"author":[{"embeddable":true,"href":"https:\/\/aqpamm.ca\/formation\/wp-json\/wp\/v2\/users\/1"}],"replies":[{"embeddable":true,"href":"https:\/\/aqpamm.ca\/formation\/wp-json\/wp\/v2\/comments?post=873"}],"version-history":[{"count":5,"href":"https:\/\/aqpamm.ca\/formation\/wp-json\/wp\/v2\/pages\/873\/revisions"}],"predecessor-version":[{"id":1139,"href":"https:\/\/aqpamm.ca\/formation\/wp-json\/wp\/v2\/pages\/873\/revisions\/1139"}],"up":[{"embeddable":true,"href":"https:\/\/aqpamm.ca\/formation\/wp-json\/wp\/v2\/pages\/851"}],"wp:attachment":[{"href":"https:\/\/aqpamm.ca\/formation\/wp-json\/wp\/v2\/media?parent=873"}],"curies":[{"name":"wp","href":"https:\/\/api.w.org\/{rel}","templated":true}]}}