{"id":87,"date":"2020-01-03T00:09:59","date_gmt":"2020-01-02T23:09:59","guid":{"rendered":"https:\/\/aqpamm.ca\/formation\/?page_id=87"},"modified":"2020-01-29T19:56:03","modified_gmt":"2020-01-29T18:56:03","slug":"criteres-intimidation-4","status":"publish","type":"page","link":"https:\/\/aqpamm.ca\/formation\/intervenant%c2%b7e%c2%b7s\/module-1\/criteres-intimidation-4\/","title":{"rendered":"Les crit\u00e8res de l&rsquo;intimidation"},"content":{"rendered":"\n<p class=\"col-md-12 bulle\">J\u2019essaie de trouver un emploi \u00e0 temps partiel pour sortir de la maison et rencontrer de nouvelles personnes. La semaine pass\u00e9e, j\u2019ai r\u00e9ussi \u00e0 obtenir une entrevue dans une librairie. Pendant l\u2019entrevue, le g\u00e9rant m\u2019a demand\u00e9 pourquoi je n\u2019avais pas travaill\u00e9 au cours des derni\u00e8res ann\u00e9es. Je lui ai expliqu\u00e9 que j\u2019\u00e9tais en arr\u00eat de travail en raison d\u2019une d\u00e9pression. Le g\u00e9rant m\u2019a alors coup\u00e9 la parole pour me dire qu\u2019il ne m\u2019embaucherait pas, parce qu\u2019avec ma maladie \u00ab je serais s\u00fbrement souvent en retard, peu productive, et que je pourrais ne pas \u00eatre courtoise avec les clients \u00bb. Je suis sortie de l\u2019entrevue d\u00e9courag\u00e9e, les larmes aux yeux.  <\/p>\n\n\n\n<figure class=\"wp-block-image size-large col-sm-4\"><img loading=\"lazy\" decoding=\"async\" width=\"464\" height=\"402\" src=\"https:\/\/aqpamm.ca\/formation\/wp-content\/uploads\/2020\/01\/marie.png\" alt=\"\" class=\"wp-image-468\" srcset=\"https:\/\/aqpamm.ca\/formation\/wp-content\/uploads\/2020\/01\/marie.png 464w, https:\/\/aqpamm.ca\/formation\/wp-content\/uploads\/2020\/01\/marie-300x260.png 300w\" sizes=\"auto, (max-width: 464px) 100vw, 464px\" \/><\/figure>\n\n\n\n<div class=\"col-sm-8\"><div class=\"h5p-iframe-wrapper\"><iframe id=\"h5p-iframe-9\" class=\"h5p-iframe\" data-content-id=\"9\" style=\"height:1px\" src=\"about:blank\" frameBorder=\"0\" scrolling=\"no\" title=\"Module 1 : Reconnaitre une situation d\u2019intimidation 3\"><\/iframe><\/div><\/div>\n","protected":false},"excerpt":{"rendered":"<p>J\u2019essaie de trouver un emploi \u00e0 temps partiel pour sortir de la maison et rencontrer de nouvelles personnes. La semaine pass\u00e9e, j\u2019ai r\u00e9ussi \u00e0 obtenir une entrevue dans une librairie. Pendant l\u2019entrevue, le g\u00e9rant m\u2019a demand\u00e9 pourquoi je n\u2019avais pas travaill\u00e9 au cours des derni\u00e8res ann\u00e9es. Je lui ai expliqu\u00e9 que j\u2019\u00e9tais en arr\u00eat de [&#8230;]<\/p>\n<p><a class=\"btn btn-secondary understrap-read-more-link\" href=\"https:\/\/aqpamm.ca\/formation\/intervenant%c2%b7e%c2%b7s\/module-1\/criteres-intimidation-4\/\">Lire la suite\u2026<span class=\"screen-reader-text\"> from Les crit\u00e8res de l&rsquo;intimidation<\/span><\/a><\/p>\n","protected":false},"author":1,"featured_media":0,"parent":6,"menu_order":12,"comment_status":"closed","ping_status":"closed","template":"","meta":{"footnotes":""},"class_list":["post-87","page","type-page","status-publish","hentry"],"_links":{"self":[{"href":"https:\/\/aqpamm.ca\/formation\/wp-json\/wp\/v2\/pages\/87","targetHints":{"allow":["GET"]}}],"collection":[{"href":"https:\/\/aqpamm.ca\/formation\/wp-json\/wp\/v2\/pages"}],"about":[{"href":"https:\/\/aqpamm.ca\/formation\/wp-json\/wp\/v2\/types\/page"}],"author":[{"embeddable":true,"href":"https:\/\/aqpamm.ca\/formation\/wp-json\/wp\/v2\/users\/1"}],"replies":[{"embeddable":true,"href":"https:\/\/aqpamm.ca\/formation\/wp-json\/wp\/v2\/comments?post=87"}],"version-history":[{"count":8,"href":"https:\/\/aqpamm.ca\/formation\/wp-json\/wp\/v2\/pages\/87\/revisions"}],"predecessor-version":[{"id":534,"href":"https:\/\/aqpamm.ca\/formation\/wp-json\/wp\/v2\/pages\/87\/revisions\/534"}],"up":[{"embeddable":true,"href":"https:\/\/aqpamm.ca\/formation\/wp-json\/wp\/v2\/pages\/6"}],"wp:attachment":[{"href":"https:\/\/aqpamm.ca\/formation\/wp-json\/wp\/v2\/media?parent=87"}],"curies":[{"name":"wp","href":"https:\/\/api.w.org\/{rel}","templated":true}]}}