{"id":849,"date":"2020-03-06T00:28:00","date_gmt":"2020-03-05T23:28:00","guid":{"rendered":"https:\/\/aqpamm.ca\/formation\/?page_id=849"},"modified":"2020-03-24T16:32:41","modified_gmt":"2020-03-24T15:32:41","slug":"public-cible-et-objectif","status":"publish","type":"page","link":"https:\/\/aqpamm.ca\/formation\/proche-aidant%c2%b7e\/introduction\/public-cible-et-objectif\/","title":{"rendered":"Public cible et objectif"},"content":{"rendered":"\n<div class=\"col-sm-8\">\n\n\n\n<p><strong>Public cible<\/strong><br>Cette formation s\u2019adresse aux proches aidant\u00b7e\u00b7s de personne vivant avec un trouble de sant\u00e9 mentale.<br><br>En tant que proches aidant\u00b7e\u00b7s, vous \u00eates susceptibles d\u2019\u00eatre victimes, t\u00e9moins ou auteur\u00b7e\u00b7s, d\u2019une situation d\u2019intimidation dans une relation entre un\u00b7e proche aidant\u00b7e et une personne vivant avec une probl\u00e9matique de sant\u00e9 mentale.<br><br><strong>Objectifs <\/strong><br>Au terme de cette formation, les proches aidant\u00b7e\u00b7s devraient\u00a0: <\/p>\n\n\n\n<ul class=\"wp-block-list\"><li>Reconna\u00eetre les situations d\u2019intimidation;<\/li><li>Identifier les effets de l\u2019intimidation;<\/li><li>Reconna\u00eetre les facteurs contextuels, de risque et de protection;<\/li><li> Conna\u00eetre de nouvelles pistes pour se prot\u00e9ger en cas d\u2019intimidation ou \u00e9viter le recours \u00e0 l&rsquo;intimidation.   <\/li><\/ul>\n\n\n\n<p><\/p>\n\n\n\n<\/div>\n\n\n\n<div class=\"col-sm-4 encart\">\n\n\n\n<p><strong>Vous \u00eates un\u00b7e intervenant\u00b7e? <\/strong><br>Une formation a \u00e9t\u00e9 con\u00e7ue pour r\u00e9pondre sp\u00e9cifiquement \u00e0 vos besoins. <a class=\"button buttonLarge buttonEncart\" href=\"\/formation\/intervenant%c2%b7e%c2%b7s\/introduction\/bienvenue\/\">Volet intervenant\u00b7e\u00b7s<\/a><br><\/p>\n\n\n\n<\/div>\n","protected":false},"excerpt":{"rendered":"<p>Public cibleCette formation s\u2019adresse aux proches aidant\u00b7e\u00b7s de personne vivant avec un trouble de sant\u00e9 mentale. En tant que proches aidant\u00b7e\u00b7s, vous \u00eates susceptibles d\u2019\u00eatre victimes, t\u00e9moins ou auteur\u00b7e\u00b7s, d\u2019une situation d\u2019intimidation dans une relation entre un\u00b7e proche aidant\u00b7e et une personne vivant avec une probl\u00e9matique de sant\u00e9 mentale. Objectifs Au terme de cette formation, [&#8230;]<\/p>\n<p><a class=\"btn btn-secondary understrap-read-more-link\" href=\"https:\/\/aqpamm.ca\/formation\/proche-aidant%c2%b7e\/introduction\/public-cible-et-objectif\/\">Lire la suite\u2026<span class=\"screen-reader-text\"> from Public cible et objectif<\/span><\/a><\/p>\n","protected":false},"author":1,"featured_media":0,"parent":851,"menu_order":58,"comment_status":"closed","ping_status":"closed","template":"","meta":{"footnotes":""},"class_list":["post-849","page","type-page","status-publish","hentry"],"_links":{"self":[{"href":"https:\/\/aqpamm.ca\/formation\/wp-json\/wp\/v2\/pages\/849","targetHints":{"allow":["GET"]}}],"collection":[{"href":"https:\/\/aqpamm.ca\/formation\/wp-json\/wp\/v2\/pages"}],"about":[{"href":"https:\/\/aqpamm.ca\/formation\/wp-json\/wp\/v2\/types\/page"}],"author":[{"embeddable":true,"href":"https:\/\/aqpamm.ca\/formation\/wp-json\/wp\/v2\/users\/1"}],"replies":[{"embeddable":true,"href":"https:\/\/aqpamm.ca\/formation\/wp-json\/wp\/v2\/comments?post=849"}],"version-history":[{"count":4,"href":"https:\/\/aqpamm.ca\/formation\/wp-json\/wp\/v2\/pages\/849\/revisions"}],"predecessor-version":[{"id":1135,"href":"https:\/\/aqpamm.ca\/formation\/wp-json\/wp\/v2\/pages\/849\/revisions\/1135"}],"up":[{"embeddable":true,"href":"https:\/\/aqpamm.ca\/formation\/wp-json\/wp\/v2\/pages\/851"}],"wp:attachment":[{"href":"https:\/\/aqpamm.ca\/formation\/wp-json\/wp\/v2\/media?parent=849"}],"curies":[{"name":"wp","href":"https:\/\/api.w.org\/{rel}","templated":true}]}}