{"id":72,"date":"2020-01-02T23:56:55","date_gmt":"2020-01-02T22:56:55","guid":{"rendered":"https:\/\/aqpamm.ca\/formation\/?page_id=72"},"modified":"2020-01-29T19:53:58","modified_gmt":"2020-01-29T18:53:58","slug":"criteres-intimidation","status":"publish","type":"page","link":"https:\/\/aqpamm.ca\/formation\/intervenant%c2%b7e%c2%b7s\/module-1\/criteres-intimidation\/","title":{"rendered":"Les crit\u00e8res de l&rsquo;intimidation"},"content":{"rendered":"\n<p><strong>Trois crit\u00e8res doivent \u00eatre pr\u00e9sents pour consid\u00e9rer qu\u2019il y a intimidation <\/strong>dans le cadre d\u2019une relation entre un\u00b7e proche aidant\u00b7e et une personne vivant avec une probl\u00e9matique de sant\u00e9 mentale. <br><br><strong>Les 3 crit\u00e8res de l\u2019intimidation  <\/strong><br>Cliquez sur chaque crit\u00e8re pour en apprendre davantage: <br><\/p>\n\n\n\n<div class=\"col-md-12\"><div class=\"h5p-iframe-wrapper\"><iframe id=\"h5p-iframe-4\" class=\"h5p-iframe\" data-content-id=\"4\" style=\"height:1px\" src=\"about:blank\" frameBorder=\"0\" scrolling=\"no\" title=\"Module 1 - Les crit\u00e8res de l&#039;intimidation\"><\/iframe><\/div><\/div>\n","protected":false},"excerpt":{"rendered":"<p>Trois crit\u00e8res doivent \u00eatre pr\u00e9sents pour consid\u00e9rer qu\u2019il y a intimidation dans le cadre d\u2019une relation entre un\u00b7e proche aidant\u00b7e et une personne vivant avec une probl\u00e9matique de sant\u00e9 mentale. Les 3 crit\u00e8res de l\u2019intimidation Cliquez sur chaque crit\u00e8re pour en apprendre davantage: [&#8230;]<\/p>\n<p><a class=\"btn btn-secondary understrap-read-more-link\" href=\"https:\/\/aqpamm.ca\/formation\/intervenant%c2%b7e%c2%b7s\/module-1\/criteres-intimidation\/\">Lire la suite\u2026<span class=\"screen-reader-text\"> from Les crit\u00e8res de l&rsquo;intimidation<\/span><\/a><\/p>\n","protected":false},"author":1,"featured_media":0,"parent":6,"menu_order":9,"comment_status":"closed","ping_status":"closed","template":"","meta":{"footnotes":""},"class_list":["post-72","page","type-page","status-publish","hentry"],"_links":{"self":[{"href":"https:\/\/aqpamm.ca\/formation\/wp-json\/wp\/v2\/pages\/72","targetHints":{"allow":["GET"]}}],"collection":[{"href":"https:\/\/aqpamm.ca\/formation\/wp-json\/wp\/v2\/pages"}],"about":[{"href":"https:\/\/aqpamm.ca\/formation\/wp-json\/wp\/v2\/types\/page"}],"author":[{"embeddable":true,"href":"https:\/\/aqpamm.ca\/formation\/wp-json\/wp\/v2\/users\/1"}],"replies":[{"embeddable":true,"href":"https:\/\/aqpamm.ca\/formation\/wp-json\/wp\/v2\/comments?post=72"}],"version-history":[{"count":12,"href":"https:\/\/aqpamm.ca\/formation\/wp-json\/wp\/v2\/pages\/72\/revisions"}],"predecessor-version":[{"id":532,"href":"https:\/\/aqpamm.ca\/formation\/wp-json\/wp\/v2\/pages\/72\/revisions\/532"}],"up":[{"embeddable":true,"href":"https:\/\/aqpamm.ca\/formation\/wp-json\/wp\/v2\/pages\/6"}],"wp:attachment":[{"href":"https:\/\/aqpamm.ca\/formation\/wp-json\/wp\/v2\/media?parent=72"}],"curies":[{"name":"wp","href":"https:\/\/api.w.org\/{rel}","templated":true}]}}