{"id":700,"date":"2020-02-12T23:15:13","date_gmt":"2020-02-12T22:15:13","guid":{"rendered":"https:\/\/aqpamm.ca\/formation\/?page_id=700"},"modified":"2020-03-26T03:39:10","modified_gmt":"2020-03-26T02:39:10","slug":"bibliographie","status":"publish","type":"page","link":"https:\/\/aqpamm.ca\/formation\/intervenant%c2%b7e%c2%b7s\/ressources\/bibliographie\/","title":{"rendered":"Bibliographie"},"content":{"rendered":"\n\n\n<p>Association qu\u00e9b\u00e9coise de\ng\u00e9rontologie. (2014). M\u00e9moire de l\u2019Association qu\u00e9b\u00e9coise de g\u00e9rontologie (AQG)\n: Ensemble contre l\u2019intimidation. Rep\u00e9r\u00e9 \u00e0 <a href=\"https:\/\/www.aqg-quebec.org\/pixms\/uploads\/serve\/ckeditor\/ensemble_contre_lintimidation_nov_2014-2.pdf\">https:\/\/www.aqg-quebec.org\/pixms\/uploads\/serve\/ckeditor\/ensemble_contre_lintimidation_nov_2014-2.pdf<\/a><\/p>\n\n\n\n<p>AQPAMM. (2018). Ensemble vers le respect \u2013 Guide d\u2019aide et de\nressources&nbsp;:\nContrer et\npr\u00e9venir l&rsquo;intimidation dans la relation avec un proche ayant une probl\u00e9matique\nde sant\u00e9 mentale. Rep\u00e9r\u00e9 \u00e0<a href=\"https:\/\/aqpamm.ca\/wp-content\/uploads\/2018\/10\/AQPAMM_Ensemble_vers_le_respect_WEB-1.pdf\"> <\/a><a href=\"https:\/\/aqpamm.ca\/wp-content\/uploads\/2018\/10\/AQPAMM_Ensemble_vers_le_respect_WEB-1.pdf\">https:\/\/aqpamm.ca\/wp-content\/uploads\/2018\/10\/AQPAMM_Ensemble_vers_le_respect_WEB-1.pdf<\/a> <\/p>\n\n\n\n<p>Beattie, M. (2011). Vaincre la\ncod\u00e9pendance (traduit par H. Collon). Paris: Pocket.<\/p>\n\n\n\n<p>Cassel, J. (1974). Psychosocial processes\nand stress: theoretical formulation. <em>International\nJournal of Health Services, 4<\/em>(1), 471-482.<\/p>\n\n\n\n<p>Centre int\u00e9gr\u00e9 universitaire de sant\u00e9 et de services sociaux de la\nCapitale-Nationale. (2017). Rep\u00e9r\u00e9 \u00e0 <a href=\"https:\/\/www.ciusss-capitalenationale.gouv.qc.ca\/sites\/default\/files\/docs\/CEVQ\/depistage_des_besoins_des_proches_aidants_-outils.pdf\">https:\/\/www.ciusss-capitalenationale.gouv.qc.ca\/sites\/default\/files\/docs\/CEVQ\/depistage_des_besoins_des_proches_aidants_-outils.pdf<\/a> <\/p>\n\n\n\n<p>Chaire de recherche sur la\nmaltraitance envers les personnes a\u00een\u00e9es. (2014). L\u2019intimidation envers les\npersonnes a\u00een\u00e9es. M\u00e9moire d\u00e9pos\u00e9 au gouvernement du Qu\u00e9bec dans le cadre du\nforum sur l\u2019intimidation. <a href=\"https:\/\/www.mfa.gouv.qc.ca\/fr\/publication\/Documents\/2014-11-30.3-Memoire.pdf\">https:\/\/www.mfa.gouv.qc.ca\/fr\/publication\/Documents\/2014-11-30.3-Memoire.pdf<\/a><\/p>\n\n\n\n<p>Charte des droits et libert\u00e9s de la personne, LRQ, c C-12, art 1, 4, 10. <\/p>\n\n\n\n<p>Code criminel, LRC 1985, c C-46, art 423(1). <\/p>\n\n\n\n<p>Craig, W. M.\net Pepler, D. J. (2003). Identifying and\nTargeting Risk for Involvement in Bullying and Victimization. <a href=\"https:\/\/journals.sagepub.com\/home\/cpa\"><em>The Canadian Journal of Psychiatry<\/em><\/a>,<a href=\"https:\/\/journals.sagepub.com\/toc\/cpab\/48\/9\">48 (9<\/a>), 577-582. Rep\u00e9r\u00e9\n\u00e0 <a href=\"https:\/\/journals.sagepub.com\/doi\/pdf\/10.1177\/070674370304800903\">https:\/\/journals.sagepub.com\/doi\/pdf\/10.1177\/070674370304800903<\/a> <\/p>\n\n\n\n<p>Croix-Rouge canadienne. (2007). Au-del\u00e0 de la souffrance : Pr\u00e9vention de l\u2019intimidation et du harc\u00e8lement<\/p>\n\n\n\n<p>Gouvernement du Qu\u00e9bec. (2017). Rep\u00e9r\u00e9\n\u00e0 <a href=\"https:\/\/www.quebec.ca\/famille-et-soutien-aux-personnes\/aide-et-soutien\/intimidation\/#c4827\">https:\/\/www.quebec.ca\/famille-et-soutien-aux-personnes\/aide-et-soutien\/intimidation\/#c4827<\/a><\/p>\n\n\n\n<p>Gouvernement\ndu Qu\u00e9bec. (2016). Guide de r\u00e9f\u00e9rence pour contrer la maltraitance envers les\npersonnes a\u00een\u00e9es.<\/p>\n\n\n\n<p>Holahan, C. J. et Moos, R. H. (1981).\nSocial support and psychological distress: A longitudinal analysis. <em>Journal of Abnormal Psychology<\/em>, <em>90<\/em>(4), 365.<\/p>\n\n\n\n<p>Institut national de sant\u00e9 publique du Qu\u00e9bec. (s. d.). Rep\u00e9r\u00e9 \u00e0 <a href=\"https:\/\/www.inspq.qc.ca\/violence-conjugale\/cadre-legal\/code-criminel\">https:\/\/www.inspq.qc.ca\/violence-conjugale\/cadre-legal\/code-criminel<\/a> <\/p>\n\n\n\n<p>Institut universitaire en sant\u00e9 mentale Douglas. (2013a). Rep\u00e9r\u00e9 \u00e0 <a href=\"http:\/\/www.douglas.qc.ca\/page\/commettre-delit\">http:\/\/www.douglas.qc.ca\/page\/commettre-delit<\/a><\/p>\n\n\n\n<p>Jeunesse, J\u2019\u00e9coute. (s. d.). Rep\u00e9r\u00e9 \u00e0 <a href=\"https:\/\/jeunessejecoute.ca\/information\/quest-ce-que-lintimidation\/\">https:\/\/jeunessejecoute.ca\/information\/quest-ce-que-lintimidation\/<\/a><\/p>\n\n\n\n<p>Loi sur l\u2019instruction publique, LRQ, c\nC- I-13.3, art 13. <\/p>\n\n\n\n<p>Loi sur le syst\u00e8me de justice p\u00e9nale\npour les adolescents, LC 2002, c 1.<\/p>\n\n\n\n<p>Lorenz, S. et Bigler, P. (2013).\nResponsabilisation et d\u00e9voilement : le r\u00f4le d&rsquo;un programme pour hommes auteurs\nde violences au sein du couple. <em>Pens\u00e9e\nplurielle<\/em>, 32(1), 115-127. <\/p>\n\n\n\n<p>Minist\u00e8re de la Famille du Qu\u00e9bec. (2015a).\n<em>Intimidation<\/em>. Rep\u00e9r\u00e9 \u00e0<a href=\"https:\/\/www.mfa.gouv.qc.ca\/fr\/intimidation\/Pages\/index.aspx\"> <\/a><a href=\"https:\/\/www.mfa.gouv.qc.ca\/fr\/intimidation\/Pages\/index.aspx\">https:\/\/www.mfa.gouv.qc.ca\/fr\/intimidation\/Pages\/index.aspx<\/a> <\/p>\n\n\n\n<p>Minist\u00e8re de la Famille du Qu\u00e9bec. (2015b). Rep\u00e9r\u00e9 \u00e0 <a href=\"https:\/\/www.mfa.gouv.qc.ca\/fr\/intimidation\/definition\/Pages\/encadrement-legal.aspx\">https:\/\/www.mfa.gouv.qc.ca\/fr\/intimidation\/definition\/Pages\/encadrement-legal.aspx<\/a><\/p>\n\n\n\n<p>Roland, E. (2002). Bullying, depressive symptoms and\nsuicidal thoughts. <em>Educational Research<\/em>,<em>\n44<\/em>(1), 55-67.<\/p>\n\n\n\n<p>Rousseau, M. (1998). Portrait de famille : \u00e9tude exploratoire sur les variables associ\u00e9es au v\u00e9cu des membres d\u2019associations de familles et amis de la personne atteinte de maladie mentale. Qu\u00e9bec : FFAPAMM.<\/p>\n\n\n\n<p>Sant\u00e9 publique\nOttawa., Association canadienne pour la sant\u00e9 mentale., Association canadienne\nde sant\u00e9 publique., Mental Illness Caregivers Association et Services aux\nfamilles des militaires. (2016). Guide des proches aidants en sant\u00e9 mentale: Un\nguide pour les aidants des personnes vivant avec une maladie mentale ou aux\nprises avec un trouble de sant\u00e9 mentale. Ottawa, ON: Sant\u00e9 publique Ottawa.<\/p>\n\n\n\n<p>Schulz, R. et Martire, L. M. (2004). Family\ncaregiving of persons with dementia: prevalence, health effects, and support\nstrategies. <em>The American journal of\ngeriatric psychiatry<\/em>, 12(3), 240-249.<\/p>\n\n\n\n<p>Sinha, M.\n(2013). <em>Portrait des aidants familiaux,\n2012<\/em> (Vol. 4). Ottawa: Statistique Canada.<\/p>\n\n\n\n<p>Straus, M. A.\n(2017). Measuring intrafamily conflict and violence: The conflict tactics (CT)\nscales. In <em>Physical violence in American\nfamilies<\/em> (pp. 29-48). Routledge.<\/p>\n\n\n\n<p>Takizawa, R., Maughan, B. et Arseneault, L. (2014). Adult\nhealth outcomes of childhood bullying victimization: Evidence from a\nfive-decade longitudinal British birth cohort. American Journal of Psychiatry,\n171(7), 777-784.<\/p>\n\n\n\n<p>Tribunal administratif du Qu\u00e9bec. (s. d.). Rep\u00e9r\u00e9 \u00e0 <a href=\"https:\/\/www.taq.gouv.qc.ca\/fr\/sante-mentale\/commission-d-examen-des-troubles-mentaux\/role\">https:\/\/www.taq.gouv.qc.ca\/fr\/sante-mentale\/commission-d-examen-des-troubles-mentaux\/role<\/a><br><br><br><br><\/p>\n\n\n\n<p class=\"col-md-12\" style=\"text-align:center\"><a class=\"button\" href=\"https:\/\/aqpamm.ca\/formations\/\">Quitter<\/a><\/p>\n","protected":false},"excerpt":{"rendered":"<p>Association qu\u00e9b\u00e9coise de g\u00e9rontologie. (2014). M\u00e9moire de l\u2019Association qu\u00e9b\u00e9coise de g\u00e9rontologie (AQG) : Ensemble contre l\u2019intimidation. Rep\u00e9r\u00e9 \u00e0 https:\/\/www.aqg-quebec.org\/pixms\/uploads\/serve\/ckeditor\/ensemble_contre_lintimidation_nov_2014-2.pdf AQPAMM. (2018). Ensemble vers le respect \u2013 Guide d\u2019aide et de ressources&nbsp;: Contrer et pr\u00e9venir l&rsquo;intimidation dans la relation avec un proche ayant une probl\u00e9matique de sant\u00e9 mentale. Rep\u00e9r\u00e9 \u00e0 https:\/\/aqpamm.ca\/wp-content\/uploads\/2018\/10\/AQPAMM_Ensemble_vers_le_respect_WEB-1.pdf Beattie, M. (2011). Vaincre la [&#8230;]<\/p>\n<p><a class=\"btn btn-secondary understrap-read-more-link\" href=\"https:\/\/aqpamm.ca\/formation\/intervenant%c2%b7e%c2%b7s\/ressources\/bibliographie\/\">Lire la suite\u2026<span class=\"screen-reader-text\"> from Bibliographie<\/span><\/a><\/p>\n","protected":false},"author":1,"featured_media":0,"parent":391,"menu_order":56,"comment_status":"closed","ping_status":"closed","template":"","meta":{"footnotes":""},"class_list":["post-700","page","type-page","status-publish","hentry"],"_links":{"self":[{"href":"https:\/\/aqpamm.ca\/formation\/wp-json\/wp\/v2\/pages\/700","targetHints":{"allow":["GET"]}}],"collection":[{"href":"https:\/\/aqpamm.ca\/formation\/wp-json\/wp\/v2\/pages"}],"about":[{"href":"https:\/\/aqpamm.ca\/formation\/wp-json\/wp\/v2\/types\/page"}],"author":[{"embeddable":true,"href":"https:\/\/aqpamm.ca\/formation\/wp-json\/wp\/v2\/users\/1"}],"replies":[{"embeddable":true,"href":"https:\/\/aqpamm.ca\/formation\/wp-json\/wp\/v2\/comments?post=700"}],"version-history":[{"count":5,"href":"https:\/\/aqpamm.ca\/formation\/wp-json\/wp\/v2\/pages\/700\/revisions"}],"predecessor-version":[{"id":1264,"href":"https:\/\/aqpamm.ca\/formation\/wp-json\/wp\/v2\/pages\/700\/revisions\/1264"}],"up":[{"embeddable":true,"href":"https:\/\/aqpamm.ca\/formation\/wp-json\/wp\/v2\/pages\/391"}],"wp:attachment":[{"href":"https:\/\/aqpamm.ca\/formation\/wp-json\/wp\/v2\/media?parent=700"}],"curies":[{"name":"wp","href":"https:\/\/api.w.org\/{rel}","templated":true}]}}