{"id":70,"date":"2020-01-02T23:54:00","date_gmt":"2020-01-02T22:54:00","guid":{"rendered":"https:\/\/aqpamm.ca\/formation\/?page_id=70"},"modified":"2020-02-07T18:28:19","modified_gmt":"2020-02-07T17:28:19","slug":"definition-intimidation","status":"publish","type":"page","link":"https:\/\/aqpamm.ca\/formation\/intervenant%c2%b7e%c2%b7s\/module-1\/definition-intimidation\/","title":{"rendered":"D\u00e9finition de l&rsquo;intimidation"},"content":{"rendered":"\n<figure class=\"wp-block-image size-large col-sm-4\"><img loading=\"lazy\" decoding=\"async\" width=\"464\" height=\"402\" src=\"https:\/\/aqpamm.ca\/formation\/wp-content\/uploads\/2020\/01\/marie.png\" alt=\"\" class=\"wp-image-468\" srcset=\"https:\/\/aqpamm.ca\/formation\/wp-content\/uploads\/2020\/01\/marie.png 464w, https:\/\/aqpamm.ca\/formation\/wp-content\/uploads\/2020\/01\/marie-300x260.png 300w\" sizes=\"auto, (max-width: 464px) 100vw, 464px\" \/><\/figure>\n\n\n\n<p class=\"col-sm-8\"><strong>Qu&rsquo;est-ce que l&rsquo;intimidation?<\/strong><br>L\u2019intimidation est tout comportement, geste ou parole exerc\u00e9 de mani\u00e8re r\u00e9p\u00e9titive au sein d\u2019une relation reposant sur un rapport de force in\u00e9gal et ayant pour effet de l\u00e9ser, de blesser, d\u2019opprimer ou d\u2019ostraciser une personne. L\u2019intimidation peut \u00eatre d\u00e9lib\u00e9r\u00e9e ou non.<br><br>L\u2019intimidation, qu\u2019elle soit verbale, physique, financi\u00e8re ou autre, peut se manifester par l\u2019entremise des technologies de l\u2019information et des communications\u00a0: m\u00e9dias sociaux, sites Web, messageries (courriels, textos). Enfin, elle peut provenir du proche aidant ou de la personne vivant avec une probl\u00e9matique de sant\u00e9 mentale.  <\/p>\n","protected":false},"excerpt":{"rendered":"<p>Qu&rsquo;est-ce que l&rsquo;intimidation?L\u2019intimidation est tout comportement, geste ou parole exerc\u00e9 de mani\u00e8re r\u00e9p\u00e9titive au sein d\u2019une relation reposant sur un rapport de force in\u00e9gal et ayant pour effet de l\u00e9ser, de blesser, d\u2019opprimer ou d\u2019ostraciser une personne. L\u2019intimidation peut \u00eatre d\u00e9lib\u00e9r\u00e9e ou non. L\u2019intimidation, qu\u2019elle soit verbale, physique, financi\u00e8re ou autre, peut se manifester par [&#8230;]<\/p>\n<p><a class=\"btn btn-secondary understrap-read-more-link\" href=\"https:\/\/aqpamm.ca\/formation\/intervenant%c2%b7e%c2%b7s\/module-1\/definition-intimidation\/\">Lire la suite\u2026<span class=\"screen-reader-text\"> from D\u00e9finition de l&rsquo;intimidation<\/span><\/a><\/p>\n","protected":false},"author":1,"featured_media":0,"parent":6,"menu_order":8,"comment_status":"closed","ping_status":"closed","template":"","meta":{"footnotes":""},"class_list":["post-70","page","type-page","status-publish","hentry"],"_links":{"self":[{"href":"https:\/\/aqpamm.ca\/formation\/wp-json\/wp\/v2\/pages\/70","targetHints":{"allow":["GET"]}}],"collection":[{"href":"https:\/\/aqpamm.ca\/formation\/wp-json\/wp\/v2\/pages"}],"about":[{"href":"https:\/\/aqpamm.ca\/formation\/wp-json\/wp\/v2\/types\/page"}],"author":[{"embeddable":true,"href":"https:\/\/aqpamm.ca\/formation\/wp-json\/wp\/v2\/users\/1"}],"replies":[{"embeddable":true,"href":"https:\/\/aqpamm.ca\/formation\/wp-json\/wp\/v2\/comments?post=70"}],"version-history":[{"count":11,"href":"https:\/\/aqpamm.ca\/formation\/wp-json\/wp\/v2\/pages\/70\/revisions"}],"predecessor-version":[{"id":668,"href":"https:\/\/aqpamm.ca\/formation\/wp-json\/wp\/v2\/pages\/70\/revisions\/668"}],"up":[{"embeddable":true,"href":"https:\/\/aqpamm.ca\/formation\/wp-json\/wp\/v2\/pages\/6"}],"wp:attachment":[{"href":"https:\/\/aqpamm.ca\/formation\/wp-json\/wp\/v2\/media?parent=70"}],"curies":[{"name":"wp","href":"https:\/\/api.w.org\/{rel}","templated":true}]}}