{"id":57,"date":"2020-01-02T23:29:40","date_gmt":"2020-01-02T22:29:40","guid":{"rendered":"https:\/\/aqpamm.ca\/formation\/?page_id=57"},"modified":"2020-02-07T18:27:39","modified_gmt":"2020-02-07T17:27:39","slug":"naissance-dynamique-intimidation","status":"publish","type":"page","link":"https:\/\/aqpamm.ca\/formation\/intervenant%c2%b7e%c2%b7s\/introduction\/naissance-dynamique-intimidation\/","title":{"rendered":"La naissance d&rsquo;une dynamique d&rsquo;intimidation"},"content":{"rendered":"\n<p class=\"col-md-12 bulle\">J\u2019avais une belle relation avec Maxime avant le d\u00e9c\u00e8s de mon mari. On faisait du ski alpin et on s\u2019\u00e9changeait des romans. Je l\u2019ai toujours soutenu et aid\u00e9 m\u00eame quand il a chang\u00e9 trois fois de domaines d\u2019\u00e9tude. Puis, il adorait ma cuisine. Depuis mon \u00e9pisode de d\u00e9pression, je suis consciente que je ne fais plus rien et que je compte souvent sur mon fils. J\u2019ai l\u2019impression que les r\u00f4les sont invers\u00e9s et que c\u2019est lui qui est devenu le parent. C\u2019est difficile \u00e0 vivre et \u00e0 accepter. <\/p>\n\n\n\n<figure class=\"wp-block-image size-large col-sm-4\"><img loading=\"lazy\" decoding=\"async\" width=\"464\" height=\"402\" src=\"https:\/\/aqpamm.ca\/formation\/wp-content\/uploads\/2020\/01\/marie.png\" alt=\"\" class=\"wp-image-468\" srcset=\"https:\/\/aqpamm.ca\/formation\/wp-content\/uploads\/2020\/01\/marie.png 464w, https:\/\/aqpamm.ca\/formation\/wp-content\/uploads\/2020\/01\/marie-300x260.png 300w\" sizes=\"auto, (max-width: 464px) 100vw, 464px\" \/><\/figure>\n\n\n\n<p class=\"col-sm-8\">L\u2019apparition d\u2019une probl\u00e9matique de sant\u00e9 mentale constitue un grand bouleversement pour la personne qui le vit et son entourage. Les relations peuvent \u00eatre grandement affect\u00e9es et mises \u00e0 l\u2019\u00e9preuve.\u00a0 <br><br>Chacun tente de s\u2019adapter et de composer avec une multitude d\u2019\u00e9motions\u00a0comme la culpabilit\u00e9, la tristesse, la peur, la col\u00e8re, l\u2019impuissance et le d\u00e9sarroi. <br><br>Dans les circonstances, des actes d\u2019intimidation peuvent se manifester sans que les personnes en aient n\u00e9cessairement conscience. <\/p>\n","protected":false},"excerpt":{"rendered":"<p>J\u2019avais une belle relation avec Maxime avant le d\u00e9c\u00e8s de mon mari. On faisait du ski alpin et on s\u2019\u00e9changeait des romans. Je l\u2019ai toujours soutenu et aid\u00e9 m\u00eame quand il a chang\u00e9 trois fois de domaines d\u2019\u00e9tude. Puis, il adorait ma cuisine. Depuis mon \u00e9pisode de d\u00e9pression, je suis consciente que je ne fais [&#8230;]<\/p>\n<p><a class=\"btn btn-secondary understrap-read-more-link\" href=\"https:\/\/aqpamm.ca\/formation\/intervenant%c2%b7e%c2%b7s\/introduction\/naissance-dynamique-intimidation\/\">Lire la suite\u2026<span class=\"screen-reader-text\"> from La naissance d&rsquo;une dynamique d&rsquo;intimidation<\/span><\/a><\/p>\n","protected":false},"author":1,"featured_media":0,"parent":20,"menu_order":6,"comment_status":"closed","ping_status":"closed","template":"","meta":{"footnotes":""},"class_list":["post-57","page","type-page","status-publish","hentry"],"_links":{"self":[{"href":"https:\/\/aqpamm.ca\/formation\/wp-json\/wp\/v2\/pages\/57","targetHints":{"allow":["GET"]}}],"collection":[{"href":"https:\/\/aqpamm.ca\/formation\/wp-json\/wp\/v2\/pages"}],"about":[{"href":"https:\/\/aqpamm.ca\/formation\/wp-json\/wp\/v2\/types\/page"}],"author":[{"embeddable":true,"href":"https:\/\/aqpamm.ca\/formation\/wp-json\/wp\/v2\/users\/1"}],"replies":[{"embeddable":true,"href":"https:\/\/aqpamm.ca\/formation\/wp-json\/wp\/v2\/comments?post=57"}],"version-history":[{"count":7,"href":"https:\/\/aqpamm.ca\/formation\/wp-json\/wp\/v2\/pages\/57\/revisions"}],"predecessor-version":[{"id":667,"href":"https:\/\/aqpamm.ca\/formation\/wp-json\/wp\/v2\/pages\/57\/revisions\/667"}],"up":[{"embeddable":true,"href":"https:\/\/aqpamm.ca\/formation\/wp-json\/wp\/v2\/pages\/20"}],"wp:attachment":[{"href":"https:\/\/aqpamm.ca\/formation\/wp-json\/wp\/v2\/media?parent=57"}],"curies":[{"name":"wp","href":"https:\/\/api.w.org\/{rel}","templated":true}]}}