{"id":55,"date":"2020-01-02T23:26:07","date_gmt":"2020-01-02T22:26:07","guid":{"rendered":"https:\/\/aqpamm.ca\/formation\/?page_id=55"},"modified":"2020-02-05T16:23:21","modified_gmt":"2020-02-05T15:23:21","slug":"definition-dun-proche-aidant-2","status":"publish","type":"page","link":"https:\/\/aqpamm.ca\/formation\/intervenant%c2%b7e%c2%b7s\/introduction\/definition-dun-proche-aidant-2\/","title":{"rendered":"D\u00e9finition d\u2019un\u00b7e proche aidant\u00b7e"},"content":{"rendered":"\n<div class=\"col-sm-8\">\n\n\n\n<h5 class=\"wp-block-heading\"><strong>Qu\u2019est-ce qu\u2019un\u00b7e proche aidant\u00b7e<\/strong>?<\/h5>\n\n\n\n<p> Un\u00b7e proche aidant\u00b7e est une personne qui apporte un soutien significatif, continu ou occasionnel, sans r\u00e9mun\u00e9ration, \u00e0 une personne ayant une incapacit\u00e9. Il peut s\u2019agir d\u2019un membre de la famille ou d\u2019un\u00b7e ami\u00b7e. <br><br>Les personnes proches aidantes occupent un r\u00f4le important dans la trajectoire de vie et le r\u00e9tablissement de la personne vivant avec une probl\u00e9matique de sant\u00e9 mentale puisqu\u2019elles sont souvent sa principale source de soutien. <\/p>\n\n\n\n<\/div>\n\n\n\n<div class=\"col-sm-4 encart\">\n\n\n\n<p>Selon les plus r\u00e9centes donn\u00e9es, environ 910\u00a0000 Canadien\u00b7ne\u00b7s \u00e2g\u00e9\u00b7e\u00b7s de 15 ans et plus fournissent des soins ou de l\u2019aide \u00e0 un\u00b7e membre de leur famille ou \u00e0 un\u00b7e ami\u00b7e ayant un probl\u00e8me de sant\u00e9 mentale.\u00a0 <\/p>\n\n\n\n<\/div>\n","protected":false},"excerpt":{"rendered":"<p>Qu\u2019est-ce qu\u2019un\u00b7e proche aidant\u00b7e? Un\u00b7e proche aidant\u00b7e est une personne qui apporte un soutien significatif, continu ou occasionnel, sans r\u00e9mun\u00e9ration, \u00e0 une personne ayant une incapacit\u00e9. Il peut s\u2019agir d\u2019un membre de la famille ou d\u2019un\u00b7e ami\u00b7e. Les personnes proches aidantes occupent un r\u00f4le important dans la trajectoire de vie et le r\u00e9tablissement de la [&#8230;]<\/p>\n<p><a class=\"btn btn-secondary understrap-read-more-link\" href=\"https:\/\/aqpamm.ca\/formation\/intervenant%c2%b7e%c2%b7s\/introduction\/definition-dun-proche-aidant-2\/\">Lire la suite\u2026<span class=\"screen-reader-text\"> from D\u00e9finition d\u2019un\u00b7e proche aidant\u00b7e<\/span><\/a><\/p>\n","protected":false},"author":1,"featured_media":0,"parent":20,"menu_order":5,"comment_status":"closed","ping_status":"closed","template":"","meta":{"footnotes":""},"class_list":["post-55","page","type-page","status-publish","hentry"],"_links":{"self":[{"href":"https:\/\/aqpamm.ca\/formation\/wp-json\/wp\/v2\/pages\/55","targetHints":{"allow":["GET"]}}],"collection":[{"href":"https:\/\/aqpamm.ca\/formation\/wp-json\/wp\/v2\/pages"}],"about":[{"href":"https:\/\/aqpamm.ca\/formation\/wp-json\/wp\/v2\/types\/page"}],"author":[{"embeddable":true,"href":"https:\/\/aqpamm.ca\/formation\/wp-json\/wp\/v2\/users\/1"}],"replies":[{"embeddable":true,"href":"https:\/\/aqpamm.ca\/formation\/wp-json\/wp\/v2\/comments?post=55"}],"version-history":[{"count":13,"href":"https:\/\/aqpamm.ca\/formation\/wp-json\/wp\/v2\/pages\/55\/revisions"}],"predecessor-version":[{"id":624,"href":"https:\/\/aqpamm.ca\/formation\/wp-json\/wp\/v2\/pages\/55\/revisions\/624"}],"up":[{"embeddable":true,"href":"https:\/\/aqpamm.ca\/formation\/wp-json\/wp\/v2\/pages\/20"}],"wp:attachment":[{"href":"https:\/\/aqpamm.ca\/formation\/wp-json\/wp\/v2\/media?parent=55"}],"curies":[{"name":"wp","href":"https:\/\/api.w.org\/{rel}","templated":true}]}}