{"id":381,"date":"2020-01-10T19:56:16","date_gmt":"2020-01-10T18:56:16","guid":{"rendered":"https:\/\/aqpamm.ca\/formation\/?page_id=381"},"modified":"2020-03-24T18:13:01","modified_gmt":"2020-03-24T17:13:01","slug":"quiz-recapitulatif-1-5","status":"publish","type":"page","link":"https:\/\/aqpamm.ca\/formation\/intervenant%c2%b7e%c2%b7s\/exercice-recapitualtif\/quiz-recapitulatif-1-5\/","title":{"rendered":"Quiz r\u00e9capitulatif 1\/5"},"content":{"rendered":"\n<p class=\"col-sm-12 bulle\">Notre fils passe toute la journ\u00e9e au sous-sol, il laisse trainer sa vaisselle et il ne se lave pas pendant des jours. Ma femme et moi, on est exasp\u00e9r\u00e9. J\u2019ai eu l\u2019id\u00e9e de faire jouer la radio fort \u00e0 7h00 tous les matins pour le r\u00e9veiller. Il d\u00e9teste \u00e7a. Il m\u2019a promis plusieurs fois de se lever si j\u2019arr\u00eatais, mais il n\u2019a jamais tenu sa promesse. \u00c7a m\u2019enrage de voir mon fils, qui avait un si bel avenir,\u00a0 ne rien faire de sa vie et vivre au crochet de ses parents \u00e0 28 ans. Tellement qu\u2019il m\u2019arrive de le brasser et de lui crier des noms pour le secouer.\u00a0 Je ne sais plus quoi faire pour l\u2019aider. <\/p>\n\n\n\n<figure class=\"wp-block-image size-large col-sm-4\"><img loading=\"lazy\" decoding=\"async\" width=\"464\" height=\"364\" src=\"https:\/\/aqpamm.ca\/formation\/wp-content\/uploads\/2020\/02\/duo-jean-salima.png\" alt=\"\" class=\"wp-image-648\" srcset=\"https:\/\/aqpamm.ca\/formation\/wp-content\/uploads\/2020\/02\/duo-jean-salima.png 464w, https:\/\/aqpamm.ca\/formation\/wp-content\/uploads\/2020\/02\/duo-jean-salima-300x235.png 300w\" sizes=\"auto, (max-width: 464px) 100vw, 464px\" \/><\/figure>\n\n\n\n<div class=\"col-sm-8\"><div class=\"h5p-iframe-wrapper\"><iframe id=\"h5p-iframe-21\" class=\"h5p-iframe\" data-content-id=\"21\" style=\"height:1px\" src=\"about:blank\" frameBorder=\"0\" scrolling=\"no\" title=\"Exercice r\u00e9capitulatif 1\"><\/iframe><\/div><\/div>\n","protected":false},"excerpt":{"rendered":"<p>Notre fils passe toute la journ\u00e9e au sous-sol, il laisse trainer sa vaisselle et il ne se lave pas pendant des jours. Ma femme et moi, on est exasp\u00e9r\u00e9. J\u2019ai eu l\u2019id\u00e9e de faire jouer la radio fort \u00e0 7h00 tous les matins pour le r\u00e9veiller. Il d\u00e9teste \u00e7a. Il m\u2019a promis plusieurs fois de [&#8230;]<\/p>\n<p><a class=\"btn btn-secondary understrap-read-more-link\" href=\"https:\/\/aqpamm.ca\/formation\/intervenant%c2%b7e%c2%b7s\/exercice-recapitualtif\/quiz-recapitulatif-1-5\/\">Lire la suite\u2026<span class=\"screen-reader-text\"> from Quiz r\u00e9capitulatif 1\/5<\/span><\/a><\/p>\n","protected":false},"author":1,"featured_media":0,"parent":378,"menu_order":49,"comment_status":"closed","ping_status":"closed","template":"","meta":{"footnotes":""},"class_list":["post-381","page","type-page","status-publish","hentry"],"_links":{"self":[{"href":"https:\/\/aqpamm.ca\/formation\/wp-json\/wp\/v2\/pages\/381","targetHints":{"allow":["GET"]}}],"collection":[{"href":"https:\/\/aqpamm.ca\/formation\/wp-json\/wp\/v2\/pages"}],"about":[{"href":"https:\/\/aqpamm.ca\/formation\/wp-json\/wp\/v2\/types\/page"}],"author":[{"embeddable":true,"href":"https:\/\/aqpamm.ca\/formation\/wp-json\/wp\/v2\/users\/1"}],"replies":[{"embeddable":true,"href":"https:\/\/aqpamm.ca\/formation\/wp-json\/wp\/v2\/comments?post=381"}],"version-history":[{"count":7,"href":"https:\/\/aqpamm.ca\/formation\/wp-json\/wp\/v2\/pages\/381\/revisions"}],"predecessor-version":[{"id":1160,"href":"https:\/\/aqpamm.ca\/formation\/wp-json\/wp\/v2\/pages\/381\/revisions\/1160"}],"up":[{"embeddable":true,"href":"https:\/\/aqpamm.ca\/formation\/wp-json\/wp\/v2\/pages\/378"}],"wp:attachment":[{"href":"https:\/\/aqpamm.ca\/formation\/wp-json\/wp\/v2\/media?parent=381"}],"curies":[{"name":"wp","href":"https:\/\/api.w.org\/{rel}","templated":true}]}}