{"id":378,"date":"2020-01-10T19:53:18","date_gmt":"2020-01-10T18:53:18","guid":{"rendered":"https:\/\/aqpamm.ca\/formation\/?page_id=378"},"modified":"2020-03-11T20:08:02","modified_gmt":"2020-03-11T19:08:02","slug":"exercice-recapitualtif","status":"publish","type":"page","link":"https:\/\/aqpamm.ca\/formation\/intervenant%c2%b7e%c2%b7s\/exercice-recapitualtif\/","title":{"rendered":"Exercice r\u00e9capitualtif"},"content":{"rendered":"\n<p class=\"col-sm-12 bulle bulle_right\">Mon conjoint et moi avons trois beaux enfants. Ils \u00e9taient tous partis de la maison, mais r\u00e9cemment notre plus jeune a fait une psychose. Il a re\u00e7u un diagnostic de schizophr\u00e9nie. Quand il est sorti de l\u2019h\u00f4pital, on lui a propos\u00e9 de revenir vivre \u00e0 la maison. On a am\u00e9nag\u00e9 le sous-sol pour l\u2019accueillir. Au d\u00e9but tout se passait bien, mais apr\u00e8s quelques semaines la situation s\u2019est d\u00e9grad\u00e9e. <\/p>\n\n\n\n<figure class=\"wp-block-image size-large col-sm-4\"><img loading=\"lazy\" decoding=\"async\" width=\"464\" height=\"364\" src=\"https:\/\/aqpamm.ca\/formation\/wp-content\/uploads\/2020\/02\/duo-jean-salima.png\" alt=\"\" class=\"wp-image-648\" srcset=\"https:\/\/aqpamm.ca\/formation\/wp-content\/uploads\/2020\/02\/duo-jean-salima.png 464w, https:\/\/aqpamm.ca\/formation\/wp-content\/uploads\/2020\/02\/duo-jean-salima-300x235.png 300w\" sizes=\"auto, (max-width: 464px) 100vw, 464px\" \/><\/figure>\n\n\n\n<p class=\"col-sm-8\">Voici un exercice r\u00e9capitulatif qui vous permettra de r\u00e9viser l\u2019information et ainsi mieux la m\u00e9moriser. <br><br>Nous aimerions avoir vos conseils pour mieux comprendre la dynamique d\u2019intimidation et ainsi la contrer. <\/p>\n","protected":false},"excerpt":{"rendered":"<p>Mon conjoint et moi avons trois beaux enfants. Ils \u00e9taient tous partis de la maison, mais r\u00e9cemment notre plus jeune a fait une psychose. Il a re\u00e7u un diagnostic de schizophr\u00e9nie. Quand il est sorti de l\u2019h\u00f4pital, on lui a propos\u00e9 de revenir vivre \u00e0 la maison. On a am\u00e9nag\u00e9 le sous-sol pour l\u2019accueillir. Au [&#8230;]<\/p>\n<p><a class=\"btn btn-secondary understrap-read-more-link\" href=\"https:\/\/aqpamm.ca\/formation\/intervenant%c2%b7e%c2%b7s\/exercice-recapitualtif\/\">Lire la suite\u2026<span class=\"screen-reader-text\"> from Exercice r\u00e9capitualtif<\/span><\/a><\/p>\n","protected":false},"author":1,"featured_media":0,"parent":2,"menu_order":48,"comment_status":"closed","ping_status":"closed","template":"","meta":{"footnotes":""},"class_list":["post-378","page","type-page","status-publish","hentry"],"_links":{"self":[{"href":"https:\/\/aqpamm.ca\/formation\/wp-json\/wp\/v2\/pages\/378","targetHints":{"allow":["GET"]}}],"collection":[{"href":"https:\/\/aqpamm.ca\/formation\/wp-json\/wp\/v2\/pages"}],"about":[{"href":"https:\/\/aqpamm.ca\/formation\/wp-json\/wp\/v2\/types\/page"}],"author":[{"embeddable":true,"href":"https:\/\/aqpamm.ca\/formation\/wp-json\/wp\/v2\/users\/1"}],"replies":[{"embeddable":true,"href":"https:\/\/aqpamm.ca\/formation\/wp-json\/wp\/v2\/comments?post=378"}],"version-history":[{"count":6,"href":"https:\/\/aqpamm.ca\/formation\/wp-json\/wp\/v2\/pages\/378\/revisions"}],"predecessor-version":[{"id":1084,"href":"https:\/\/aqpamm.ca\/formation\/wp-json\/wp\/v2\/pages\/378\/revisions\/1084"}],"up":[{"embeddable":true,"href":"https:\/\/aqpamm.ca\/formation\/wp-json\/wp\/v2\/pages\/2"}],"wp:attachment":[{"href":"https:\/\/aqpamm.ca\/formation\/wp-json\/wp\/v2\/media?parent=378"}],"curies":[{"name":"wp","href":"https:\/\/api.w.org\/{rel}","templated":true}]}}