{"id":37,"date":"2020-01-02T22:16:47","date_gmt":"2020-01-02T21:16:47","guid":{"rendered":"https:\/\/aqpamm.ca\/formation\/?page_id=37"},"modified":"2020-03-06T02:42:41","modified_gmt":"2020-03-06T01:42:41","slug":"public-cible-et-objectif","status":"publish","type":"page","link":"https:\/\/aqpamm.ca\/formation\/intervenant%c2%b7e%c2%b7s\/introduction\/public-cible-et-objectif\/","title":{"rendered":"Public cible et objectif"},"content":{"rendered":"\n<div class=\"col-sm-8\">\n\n\n\n<p><strong>Public cible<\/strong><br>Cette formation s\u2019adresse aux intervenant\u00b7e\u00b7s \u0153uvrant aupr\u00e8s de personnes susceptibles d\u2019\u00eatre victimes, t\u00e9moins ou auteur\u00b7e\u00b7s, d\u2019une situation d\u2019intimidation dans une relation entre un\u00b7e proche aidant\u00b7e et une personne vivant avec une probl\u00e9matique de sant\u00e9 mentale. <br><br><strong>Objectifs <\/strong><br>Au terme de cette formation, les intervenant\u00b7e\u00b7s devraient&nbsp;: <\/p>\n\n\n\n<ul class=\"wp-block-list\"><li>Reconna\u00eetre les situations d\u2019intimidation;<\/li><li>Identifier les effets de l\u2019intimidation;<\/li><li>Reconna\u00eetre les facteurs contextuels, de risque, de protection et de vuln\u00e9rabilit\u00e9;<\/li><li> Appliquer des strat\u00e9gies d\u2019intervention.  <\/li><\/ul>\n\n\n\n<p><\/p>\n\n\n\n<\/div>\n\n\n\n<div class=\"col-sm-4 encart\">\n\n\n\n<p><strong>Vous \u00eates un\u00b7e proche aidant\u00b7e? <\/strong><br>Une formation a \u00e9t\u00e9 con\u00e7ue pour r\u00e9pondre sp\u00e9cifiquement \u00e0 vos besoins.\n<a class=\"button buttonLarge buttonEncart\" href=\"\/formation\/proche-aidant%c2%b7e\/introduction\/bienvenue\/\">Volet proche aidant\u00b7e<\/a><br><\/p>\n\n\n\n<\/div>\n","protected":false},"excerpt":{"rendered":"<p>Public cibleCette formation s\u2019adresse aux intervenant\u00b7e\u00b7s \u0153uvrant aupr\u00e8s de personnes susceptibles d\u2019\u00eatre victimes, t\u00e9moins ou auteur\u00b7e\u00b7s, d\u2019une situation d\u2019intimidation dans une relation entre un\u00b7e proche aidant\u00b7e et une personne vivant avec une probl\u00e9matique de sant\u00e9 mentale. Objectifs Au terme de cette formation, les intervenant\u00b7e\u00b7s devraient&nbsp;: Reconna\u00eetre les situations d\u2019intimidation; Identifier les effets de l\u2019intimidation; Reconna\u00eetre [&#8230;]<\/p>\n<p><a class=\"btn btn-secondary understrap-read-more-link\" href=\"https:\/\/aqpamm.ca\/formation\/intervenant%c2%b7e%c2%b7s\/introduction\/public-cible-et-objectif\/\">Lire la suite\u2026<span class=\"screen-reader-text\"> from Public cible et objectif<\/span><\/a><\/p>\n","protected":false},"author":1,"featured_media":0,"parent":20,"menu_order":2,"comment_status":"closed","ping_status":"closed","template":"","meta":{"footnotes":""},"class_list":["post-37","page","type-page","status-publish","hentry"],"_links":{"self":[{"href":"https:\/\/aqpamm.ca\/formation\/wp-json\/wp\/v2\/pages\/37","targetHints":{"allow":["GET"]}}],"collection":[{"href":"https:\/\/aqpamm.ca\/formation\/wp-json\/wp\/v2\/pages"}],"about":[{"href":"https:\/\/aqpamm.ca\/formation\/wp-json\/wp\/v2\/types\/page"}],"author":[{"embeddable":true,"href":"https:\/\/aqpamm.ca\/formation\/wp-json\/wp\/v2\/users\/1"}],"replies":[{"embeddable":true,"href":"https:\/\/aqpamm.ca\/formation\/wp-json\/wp\/v2\/comments?post=37"}],"version-history":[{"count":21,"href":"https:\/\/aqpamm.ca\/formation\/wp-json\/wp\/v2\/pages\/37\/revisions"}],"predecessor-version":[{"id":871,"href":"https:\/\/aqpamm.ca\/formation\/wp-json\/wp\/v2\/pages\/37\/revisions\/871"}],"up":[{"embeddable":true,"href":"https:\/\/aqpamm.ca\/formation\/wp-json\/wp\/v2\/pages\/20"}],"wp:attachment":[{"href":"https:\/\/aqpamm.ca\/formation\/wp-json\/wp\/v2\/media?parent=37"}],"curies":[{"name":"wp","href":"https:\/\/api.w.org\/{rel}","templated":true}]}}