{"id":329,"date":"2020-01-10T03:08:03","date_gmt":"2020-01-10T02:08:03","guid":{"rendered":"https:\/\/aqpamm.ca\/formation\/?page_id=329"},"modified":"2020-02-07T02:12:31","modified_gmt":"2020-02-07T01:12:31","slug":"intervenir-aupres-dune-personne-temoin","status":"publish","type":"page","link":"https:\/\/aqpamm.ca\/formation\/intervenant%c2%b7e%c2%b7s\/module-3\/intervenir-aupres-dune-personne-temoin\/","title":{"rendered":"Intervenir aupr\u00e8s d\u2019une personne t\u00e9moin"},"content":{"rendered":"\n<div class=\"col-sm-8\">\nLe t\u00e9moin a aussi un r\u00f4le \u00e0 jouer. Il a le pouvoir d\u2019influencer la situation. L\u2019inaction risque d\u2019encourager l\u2019auteur d\u2019intimidation dans ses comportements.<br>\n<br>\n<strong>Pistes de solutions \u00e0 sugg\u00e9rer aux t\u00e9moins<\/strong><br>\n<ul>\n<li>Aider la victime en nommant son inconfort face au(x) comportement(s) dont elle est t\u00e9moin<\/li>\n<li>Offrir son soutien \u00e0 la personne intimid\u00e9e. Lui t\u00e9moigner ne pas tol\u00e9rer la situation et \u00eatre de son c\u00f4t\u00e9<\/li>\n<li>Briser le silence et parler de la situation \u00e0 une personne de confiance, un\u00b7e intervenant\u00b7e, un\u00b7e travailleur\u00b7euse social\u00b7e ou un\u00b7e policier\u00b7\u00e8re<\/li>\n<li>Encourager la personne victime \u00e0 s\u2019adresser \u00e0 un organisme pour obtenir de l\u2019information ou de l\u2019aide <\/li>\n<li>Offrir \u00e0 la personne victime de l\u2019accompagner si elle accepte de consulter un organisme si cela est trop difficile pour elle<\/li>\n<\/ul>\nInformer la personne que si elle est t\u00e9moin d\u2019un acte criminel, elle peut s\u2019adresser \u00e0 un CAVAC.\n<\/div>\n\n\n\n<figure class=\"wp-block-image size-large col-sm-4\"><img loading=\"lazy\" decoding=\"async\" width=\"464\" height=\"402\" src=\"https:\/\/aqpamm.ca\/formation\/wp-content\/uploads\/2020\/02\/soeur-de-marie.png\" alt=\"\" class=\"wp-image-661\" srcset=\"https:\/\/aqpamm.ca\/formation\/wp-content\/uploads\/2020\/02\/soeur-de-marie.png 464w, https:\/\/aqpamm.ca\/formation\/wp-content\/uploads\/2020\/02\/soeur-de-marie-300x260.png 300w\" sizes=\"auto, (max-width: 464px) 100vw, 464px\" \/><\/figure>\n","protected":false},"excerpt":{"rendered":"<p>Le t\u00e9moin a aussi un r\u00f4le \u00e0 jouer. Il a le pouvoir d\u2019influencer la situation. L\u2019inaction risque d\u2019encourager l\u2019auteur d\u2019intimidation dans ses comportements. Pistes de solutions \u00e0 sugg\u00e9rer aux t\u00e9moins Aider la victime en nommant son inconfort face au(x) comportement(s) dont elle est t\u00e9moin Offrir son soutien \u00e0 la personne intimid\u00e9e. Lui t\u00e9moigner ne pas [&#8230;]<\/p>\n<p><a class=\"btn btn-secondary understrap-read-more-link\" href=\"https:\/\/aqpamm.ca\/formation\/intervenant%c2%b7e%c2%b7s\/module-3\/intervenir-aupres-dune-personne-temoin\/\">Lire la suite\u2026<span class=\"screen-reader-text\"> from Intervenir aupr\u00e8s d\u2019une personne t\u00e9moin<\/span><\/a><\/p>\n","protected":false},"author":1,"featured_media":0,"parent":213,"menu_order":43,"comment_status":"closed","ping_status":"closed","template":"","meta":{"footnotes":""},"class_list":["post-329","page","type-page","status-publish","hentry"],"_links":{"self":[{"href":"https:\/\/aqpamm.ca\/formation\/wp-json\/wp\/v2\/pages\/329","targetHints":{"allow":["GET"]}}],"collection":[{"href":"https:\/\/aqpamm.ca\/formation\/wp-json\/wp\/v2\/pages"}],"about":[{"href":"https:\/\/aqpamm.ca\/formation\/wp-json\/wp\/v2\/types\/page"}],"author":[{"embeddable":true,"href":"https:\/\/aqpamm.ca\/formation\/wp-json\/wp\/v2\/users\/1"}],"replies":[{"embeddable":true,"href":"https:\/\/aqpamm.ca\/formation\/wp-json\/wp\/v2\/comments?post=329"}],"version-history":[{"count":6,"href":"https:\/\/aqpamm.ca\/formation\/wp-json\/wp\/v2\/pages\/329\/revisions"}],"predecessor-version":[{"id":663,"href":"https:\/\/aqpamm.ca\/formation\/wp-json\/wp\/v2\/pages\/329\/revisions\/663"}],"up":[{"embeddable":true,"href":"https:\/\/aqpamm.ca\/formation\/wp-json\/wp\/v2\/pages\/213"}],"wp:attachment":[{"href":"https:\/\/aqpamm.ca\/formation\/wp-json\/wp\/v2\/media?parent=329"}],"curies":[{"name":"wp","href":"https:\/\/api.w.org\/{rel}","templated":true}]}}