{"id":322,"date":"2020-01-10T03:00:45","date_gmt":"2020-01-10T02:00:45","guid":{"rendered":"https:\/\/aqpamm.ca\/formation\/?page_id=322"},"modified":"2020-01-29T21:11:09","modified_gmt":"2020-01-29T20:11:09","slug":"intervenir-aupres-dune-personne-qui-intimide-page-2-2","status":"publish","type":"page","link":"https:\/\/aqpamm.ca\/formation\/intervenant%c2%b7e%c2%b7s\/module-3\/intervenir-aupres-dune-personne-qui-intimide-page-2-2\/","title":{"rendered":"Intervenir aupr\u00e8s d\u2019une personne qui intimide (page 2\/2)"},"content":{"rendered":"\n<div class=\"col-sm-8\">\n<strong>Pistes d\u2019intervention pour contrer ou r\u00e9duire l\u2019intimidation <\/strong><br>\n<ul>\n<li>Faire un retour sur un \u00e9pisode d\u2019intimidation<\/li>\n<li>Identifier les \u00e9l\u00e9ments d\u00e9clencheurs comme une \u00e9motion ou une situation. Le retour peut \u00eatre fait en personne ou par \u00e9crit<\/li>\n<\/ul>\nDemander \u00e0 la personne de d\u00e9terminer ce qui aurait pu \u00eatre fait pour \u00e9viter la situation.\n<ul>\n<li>\u00c9tablir un plan pour \u00e9viter les \u00e9pisodes d\u2019intimidation <\/li>\n<li>D\u00e9terminer quel moyen elle peut utiliser pour r\u00e9duire la tension et se calmer (se retirer, se r\u00e9fugier dans un endroit calme, etc.)<\/li>\n<li>Aider la personne \u00e0 identifier et \u00e0 exprimer ses sentiments sainement<\/li>\n<li>Discuter des mani\u00e8res plus saines d\u2019exprimer sa col\u00e8re <\/li>\n<li>Identifier les gains directs ou secondaires des comportements d\u2019intimidation afin de trouver des fa\u00e7ons alternatives d\u2019obtenir ces gains<\/li>\n<\/ul>\nProposer des ressources pour soutenir la personne.<br>\n<ul>\n<li>Une liste de ressources se trouve \u00e0 la fin de la formation<\/li>\n<\/ul>\nIl est possible qu\u2019une psychoth\u00e9rapie soit n\u00e9cessaire. \n<ul>\n<li>Les m\u00e9canismes qui m\u00e8nent \u00e0 l\u2019intimidation sont parfois profond\u00e9ment ancr\u00e9s chez la personne.<\/li>\n<\/ul>\n<a href=\"https:\/\/aqpamm.ca\/formation\/intervenants\/module-2\/les-facteurs-contextuels\/\" class=\"button buttonLarge\">Revoir les facteurs contextuels<\/a><br>\n<br>\n<a href=\"https:\/\/aqpamm.ca\/formation\/intervenants\/module-2\/les-facteurs-de-protection\/\" class=\"button buttonLarge\">Revoir les facteurs de protection<\/a>\n<\/div>\n\n\n\n<figure class=\"wp-block-image size-large col-sm-4\"><img decoding=\"async\" src=\"https:\/\/aqpamm.ca\/formation\/wp-content\/uploads\/2020\/01\/maxime.png\" alt=\"\" class=\"wp-image-469\"\/><\/figure>\n","protected":false},"excerpt":{"rendered":"<p>Pistes d\u2019intervention pour contrer ou r\u00e9duire l\u2019intimidation Faire un retour sur un \u00e9pisode d\u2019intimidation Identifier les \u00e9l\u00e9ments d\u00e9clencheurs comme une \u00e9motion ou une situation. Le retour peut \u00eatre fait en personne ou par \u00e9crit Demander \u00e0 la personne de d\u00e9terminer ce qui aurait pu \u00eatre fait pour \u00e9viter la situation. \u00c9tablir un plan pour \u00e9viter [&#8230;]<\/p>\n<p><a class=\"btn btn-secondary understrap-read-more-link\" href=\"https:\/\/aqpamm.ca\/formation\/intervenant%c2%b7e%c2%b7s\/module-3\/intervenir-aupres-dune-personne-qui-intimide-page-2-2\/\">Lire la suite\u2026<span class=\"screen-reader-text\"> from Intervenir aupr\u00e8s d\u2019une personne qui intimide (page 2\/2)<\/span><\/a><\/p>\n","protected":false},"author":1,"featured_media":0,"parent":213,"menu_order":42,"comment_status":"closed","ping_status":"closed","template":"","meta":{"footnotes":""},"class_list":["post-322","page","type-page","status-publish","hentry"],"_links":{"self":[{"href":"https:\/\/aqpamm.ca\/formation\/wp-json\/wp\/v2\/pages\/322","targetHints":{"allow":["GET"]}}],"collection":[{"href":"https:\/\/aqpamm.ca\/formation\/wp-json\/wp\/v2\/pages"}],"about":[{"href":"https:\/\/aqpamm.ca\/formation\/wp-json\/wp\/v2\/types\/page"}],"author":[{"embeddable":true,"href":"https:\/\/aqpamm.ca\/formation\/wp-json\/wp\/v2\/users\/1"}],"replies":[{"embeddable":true,"href":"https:\/\/aqpamm.ca\/formation\/wp-json\/wp\/v2\/comments?post=322"}],"version-history":[{"count":7,"href":"https:\/\/aqpamm.ca\/formation\/wp-json\/wp\/v2\/pages\/322\/revisions"}],"predecessor-version":[{"id":574,"href":"https:\/\/aqpamm.ca\/formation\/wp-json\/wp\/v2\/pages\/322\/revisions\/574"}],"up":[{"embeddable":true,"href":"https:\/\/aqpamm.ca\/formation\/wp-json\/wp\/v2\/pages\/213"}],"wp:attachment":[{"href":"https:\/\/aqpamm.ca\/formation\/wp-json\/wp\/v2\/media?parent=322"}],"curies":[{"name":"wp","href":"https:\/\/api.w.org\/{rel}","templated":true}]}}