{"id":319,"date":"2020-01-10T02:57:23","date_gmt":"2020-01-10T01:57:23","guid":{"rendered":"https:\/\/aqpamm.ca\/formation\/?page_id=319"},"modified":"2020-01-29T21:03:24","modified_gmt":"2020-01-29T20:03:24","slug":"intervenir-aupres-dune-personne-qui-intimide-page-1-2","status":"publish","type":"page","link":"https:\/\/aqpamm.ca\/formation\/intervenant%c2%b7e%c2%b7s\/module-3\/intervenir-aupres-dune-personne-qui-intimide-page-1-2\/","title":{"rendered":"Intervenir aupr\u00e8s d\u2019une personne qui intimide (page 1\/2)"},"content":{"rendered":"\n<div class=\"col-sm-8\">\nIl est difficile pour une personne de reconna\u00eetre qu\u2019elle intimide un proche. Cette prise de conscience g\u00e9n\u00e8re souvent beaucoup de d\u00e9tresse puisqu\u2019elle ressent de la honte et de la culpabilit\u00e9. La personne a besoin de beaucoup d&rsquo;accompagnement au cours de cette \u00e9tape difficile<br>\n<br>\n<strong>Pistes d\u2019intervention pour favoriser la responsabilisation<\/strong>\n<br>\nStrat\u00e9gies \u00e0 utiliser pour aider la personne \u00e0 prendre conscience de ses actes\n<br>\nPr\u00e9senter \u00e0 la personne:\n<ul>\n<li>les comportements qui peuvent \u00eatre intimidants<\/li>\n<li>les impacts de son comportement sur la personne intimid\u00e9e et l\u2019entourage<\/li>\n<li>l\u2019\u00e9cart entre les intentions et les effets r\u00e9els<\/li>\n<\/ul>\n<\/div>\n\n\n\n<figure class=\"wp-block-image size-large col-sm-4\"><img decoding=\"async\" src=\"https:\/\/aqpamm.ca\/formation\/wp-content\/uploads\/2020\/01\/maxime.png\" alt=\"\" class=\"wp-image-469\"\/><\/figure>\n","protected":false},"excerpt":{"rendered":"<p>Il est difficile pour une personne de reconna\u00eetre qu\u2019elle intimide un proche. Cette prise de conscience g\u00e9n\u00e8re souvent beaucoup de d\u00e9tresse puisqu\u2019elle ressent de la honte et de la culpabilit\u00e9. La personne a besoin de beaucoup d&rsquo;accompagnement au cours de cette \u00e9tape difficile Pistes d\u2019intervention pour favoriser la responsabilisation Strat\u00e9gies \u00e0 utiliser pour aider la [&#8230;]<\/p>\n<p><a class=\"btn btn-secondary understrap-read-more-link\" href=\"https:\/\/aqpamm.ca\/formation\/intervenant%c2%b7e%c2%b7s\/module-3\/intervenir-aupres-dune-personne-qui-intimide-page-1-2\/\">Lire la suite\u2026<span class=\"screen-reader-text\"> from Intervenir aupr\u00e8s d\u2019une personne qui intimide (page 1\/2)<\/span><\/a><\/p>\n","protected":false},"author":1,"featured_media":0,"parent":213,"menu_order":41,"comment_status":"closed","ping_status":"closed","template":"","meta":{"footnotes":""},"class_list":["post-319","page","type-page","status-publish","hentry"],"_links":{"self":[{"href":"https:\/\/aqpamm.ca\/formation\/wp-json\/wp\/v2\/pages\/319","targetHints":{"allow":["GET"]}}],"collection":[{"href":"https:\/\/aqpamm.ca\/formation\/wp-json\/wp\/v2\/pages"}],"about":[{"href":"https:\/\/aqpamm.ca\/formation\/wp-json\/wp\/v2\/types\/page"}],"author":[{"embeddable":true,"href":"https:\/\/aqpamm.ca\/formation\/wp-json\/wp\/v2\/users\/1"}],"replies":[{"embeddable":true,"href":"https:\/\/aqpamm.ca\/formation\/wp-json\/wp\/v2\/comments?post=319"}],"version-history":[{"count":4,"href":"https:\/\/aqpamm.ca\/formation\/wp-json\/wp\/v2\/pages\/319\/revisions"}],"predecessor-version":[{"id":572,"href":"https:\/\/aqpamm.ca\/formation\/wp-json\/wp\/v2\/pages\/319\/revisions\/572"}],"up":[{"embeddable":true,"href":"https:\/\/aqpamm.ca\/formation\/wp-json\/wp\/v2\/pages\/213"}],"wp:attachment":[{"href":"https:\/\/aqpamm.ca\/formation\/wp-json\/wp\/v2\/media?parent=319"}],"curies":[{"name":"wp","href":"https:\/\/api.w.org\/{rel}","templated":true}]}}