{"id":310,"date":"2020-01-10T02:36:35","date_gmt":"2020-01-10T01:36:35","guid":{"rendered":"https:\/\/aqpamm.ca\/formation\/?page_id=310"},"modified":"2020-02-05T17:54:51","modified_gmt":"2020-02-05T16:54:51","slug":"intervenir-aupres-dune-personne-victime-page-1-2","status":"publish","type":"page","link":"https:\/\/aqpamm.ca\/formation\/intervenant%c2%b7e%c2%b7s\/module-3\/intervenir-aupres-dune-personne-victime-page-1-2\/","title":{"rendered":"Intervenir aupr\u00e8s d\u2019une personne victime  (page 1\/2)"},"content":{"rendered":"\n<p>Au cours d\u2019un entretien o\u00f9 vous devez aborder des probl\u00e9matiques li\u00e9es \u00e0 la violence, comme l\u2019intimidation, certaines attitudes sont \u00e0 privil\u00e9gier afin d\u2019amener la personne \u00e0 se confier \u00e9tape par \u00e9tape. <\/p>\n\n\n\n<div class=\"wp-block-button popupButton popupEmpathie\"><a class=\"wp-block-button__link has-text-color has-background no-border-radius\" style=\"background-color:#f7d36f;color:#444444\">\u00catre empathique<\/a><\/div>\n\n\n\n<div class=\"wp-block-button popupButton popupCroire\"><a class=\"wp-block-button__link has-text-color has-background no-border-radius\" style=\"background-color:#f7d36f;color:#444444\">Croire la personne<\/a><\/div>\n\n\n\n<div class=\"wp-block-button popupButton popupExprimer\"><a class=\"wp-block-button__link has-text-color has-background no-border-radius\" style=\"background-color:#f7d36f;color:#444444\">Laisser la personne s&rsquo;exprimer<\/a><\/div>\n\n\n\n<div class=\"wp-block-button popupButton popupRespecter\"><a class=\"wp-block-button__link has-text-color has-background no-border-radius\" style=\"background-color:#f7d36f;color:#444444\">Respecter ses propres limites<\/a><\/div>\n","protected":false},"excerpt":{"rendered":"<p>Au cours d\u2019un entretien o\u00f9 vous devez aborder des probl\u00e9matiques li\u00e9es \u00e0 la violence, comme l\u2019intimidation, certaines attitudes sont \u00e0 privil\u00e9gier afin d\u2019amener la personne \u00e0 se confier \u00e9tape par \u00e9tape. [&#8230;]<\/p>\n<p><a class=\"btn btn-secondary understrap-read-more-link\" href=\"https:\/\/aqpamm.ca\/formation\/intervenant%c2%b7e%c2%b7s\/module-3\/intervenir-aupres-dune-personne-victime-page-1-2\/\">Lire la suite\u2026<span class=\"screen-reader-text\"> from Intervenir aupr\u00e8s d\u2019une personne victime  (page 1\/2)<\/span><\/a><\/p>\n","protected":false},"author":1,"featured_media":0,"parent":213,"menu_order":39,"comment_status":"closed","ping_status":"closed","template":"","meta":{"footnotes":""},"class_list":["post-310","page","type-page","status-publish","hentry"],"_links":{"self":[{"href":"https:\/\/aqpamm.ca\/formation\/wp-json\/wp\/v2\/pages\/310","targetHints":{"allow":["GET"]}}],"collection":[{"href":"https:\/\/aqpamm.ca\/formation\/wp-json\/wp\/v2\/pages"}],"about":[{"href":"https:\/\/aqpamm.ca\/formation\/wp-json\/wp\/v2\/types\/page"}],"author":[{"embeddable":true,"href":"https:\/\/aqpamm.ca\/formation\/wp-json\/wp\/v2\/users\/1"}],"replies":[{"embeddable":true,"href":"https:\/\/aqpamm.ca\/formation\/wp-json\/wp\/v2\/comments?post=310"}],"version-history":[{"count":9,"href":"https:\/\/aqpamm.ca\/formation\/wp-json\/wp\/v2\/pages\/310\/revisions"}],"predecessor-version":[{"id":642,"href":"https:\/\/aqpamm.ca\/formation\/wp-json\/wp\/v2\/pages\/310\/revisions\/642"}],"up":[{"embeddable":true,"href":"https:\/\/aqpamm.ca\/formation\/wp-json\/wp\/v2\/pages\/213"}],"wp:attachment":[{"href":"https:\/\/aqpamm.ca\/formation\/wp-json\/wp\/v2\/media?parent=310"}],"curies":[{"name":"wp","href":"https:\/\/api.w.org\/{rel}","templated":true}]}}