{"id":305,"date":"2020-01-10T02:31:52","date_gmt":"2020-01-10T01:31:52","guid":{"rendered":"https:\/\/aqpamm.ca\/formation\/?page_id=305"},"modified":"2020-02-05T17:51:22","modified_gmt":"2020-02-05T16:51:22","slug":"evaluer-une-situation-dintimidation-6","status":"publish","type":"page","link":"https:\/\/aqpamm.ca\/formation\/intervenant%c2%b7e%c2%b7s\/module-3\/evaluer-une-situation-dintimidation-6\/","title":{"rendered":"\u00c9valuer une situation d&rsquo;intimidation"},"content":{"rendered":"\n<figure class=\"wp-block-image size-large col-sm-4\"><img loading=\"lazy\" decoding=\"async\" width=\"464\" height=\"402\" src=\"https:\/\/aqpamm.ca\/formation\/wp-content\/uploads\/2020\/01\/marie.png\" alt=\"\" class=\"wp-image-468\" srcset=\"https:\/\/aqpamm.ca\/formation\/wp-content\/uploads\/2020\/01\/marie.png 464w, https:\/\/aqpamm.ca\/formation\/wp-content\/uploads\/2020\/01\/marie-300x260.png 300w\" sizes=\"auto, (max-width: 464px) 100vw, 464px\" \/><\/figure>\n\n\n\n<div class=\"col-sm-8\">\n\n\n\n<p><strong>R\u00e9sum\u00e9\ndes pistes d\u2019intervention <\/strong><\/p>\n\n\n\n<p><strong>Comment d\u00e9tecter une possible situation d\u2019intimidation?<\/strong><\/p>\n\n\n\n<p>S\u2019il y a pr\u00e9sence de&nbsp;: <\/p>\n\n\n\n<ul class=\"wp-block-list\"><li>Crit\u00e8res\nd\u2019intimidation<\/li><li>Forme\nd\u2019intimidation <\/li><li>Comportement\ndangereux<\/li><\/ul>\n\n\n\n<p><strong>Comment \u00e9valuer la situation? <\/strong><\/p>\n\n\n\n<ul class=\"wp-block-list\"><li>Poser des questions ouvertes<\/li><li>Questionner la personne sur la r\u00e9solution de conflits, la fa\u00e7on de g\u00e9rer les d\u00e9saccords et les tentatives de contr\u00f4le<\/li><li>Poursuivre avec des questions sur les comportements intimidants du moins au plus s\u00e9v\u00e8re<\/li><li>\u00c9valuer le tort caus\u00e9 \u00e0 la personne <\/li><\/ul>\n\n\n\n<\/div>\n","protected":false},"excerpt":{"rendered":"<p>R\u00e9sum\u00e9 des pistes d\u2019intervention Comment d\u00e9tecter une possible situation d\u2019intimidation? S\u2019il y a pr\u00e9sence de&nbsp;: Crit\u00e8res d\u2019intimidation Forme d\u2019intimidation Comportement dangereux Comment \u00e9valuer la situation? Poser des questions ouvertes Questionner la personne sur la r\u00e9solution de conflits, la fa\u00e7on de g\u00e9rer les d\u00e9saccords et les tentatives de contr\u00f4le Poursuivre avec des questions sur les comportements [&#8230;]<\/p>\n<p><a class=\"btn btn-secondary understrap-read-more-link\" href=\"https:\/\/aqpamm.ca\/formation\/intervenant%c2%b7e%c2%b7s\/module-3\/evaluer-une-situation-dintimidation-6\/\">Lire la suite\u2026<span class=\"screen-reader-text\"> from \u00c9valuer une situation d&rsquo;intimidation<\/span><\/a><\/p>\n","protected":false},"author":1,"featured_media":0,"parent":213,"menu_order":37,"comment_status":"closed","ping_status":"closed","template":"","meta":{"footnotes":""},"class_list":["post-305","page","type-page","status-publish","hentry"],"_links":{"self":[{"href":"https:\/\/aqpamm.ca\/formation\/wp-json\/wp\/v2\/pages\/305","targetHints":{"allow":["GET"]}}],"collection":[{"href":"https:\/\/aqpamm.ca\/formation\/wp-json\/wp\/v2\/pages"}],"about":[{"href":"https:\/\/aqpamm.ca\/formation\/wp-json\/wp\/v2\/types\/page"}],"author":[{"embeddable":true,"href":"https:\/\/aqpamm.ca\/formation\/wp-json\/wp\/v2\/users\/1"}],"replies":[{"embeddable":true,"href":"https:\/\/aqpamm.ca\/formation\/wp-json\/wp\/v2\/comments?post=305"}],"version-history":[{"count":4,"href":"https:\/\/aqpamm.ca\/formation\/wp-json\/wp\/v2\/pages\/305\/revisions"}],"predecessor-version":[{"id":639,"href":"https:\/\/aqpamm.ca\/formation\/wp-json\/wp\/v2\/pages\/305\/revisions\/639"}],"up":[{"embeddable":true,"href":"https:\/\/aqpamm.ca\/formation\/wp-json\/wp\/v2\/pages\/213"}],"wp:attachment":[{"href":"https:\/\/aqpamm.ca\/formation\/wp-json\/wp\/v2\/media?parent=305"}],"curies":[{"name":"wp","href":"https:\/\/api.w.org\/{rel}","templated":true}]}}