{"id":303,"date":"2020-01-10T02:30:28","date_gmt":"2020-01-10T01:30:28","guid":{"rendered":"https:\/\/aqpamm.ca\/formation\/?page_id=303"},"modified":"2020-02-05T17:48:25","modified_gmt":"2020-02-05T16:48:25","slug":"evaluer-le-tort-cause-a-la-personne-3","status":"publish","type":"page","link":"https:\/\/aqpamm.ca\/formation\/intervenant%c2%b7e%c2%b7s\/module-3\/evaluer-le-tort-cause-a-la-personne-3\/","title":{"rendered":"\u00c9valuer le tort caus\u00e9 \u00e0 la personne"},"content":{"rendered":"\n<p class=\"col-sm-12 bulle\">Est-ce que mon fils pourrait me blesser physiquement ou psychologiquement? Je ne sais pas. Il dit des paroles blessantes, il essaie de me rabaisser, il a m\u00eame d\u00e9j\u00e0 avou\u00e9 \u00eatre heureux de m\u2019avoir fait souffrir. Mais est-ce suffisant pour parler de danger pour ma s\u00e9curit\u00e9? ?  <\/p>\n\n\n\n<figure class=\"wp-block-image size-large col-sm-4\"><img loading=\"lazy\" decoding=\"async\" width=\"464\" height=\"402\" src=\"https:\/\/aqpamm.ca\/formation\/wp-content\/uploads\/2020\/01\/marie.png\" alt=\"\" class=\"wp-image-468\" srcset=\"https:\/\/aqpamm.ca\/formation\/wp-content\/uploads\/2020\/01\/marie.png 464w, https:\/\/aqpamm.ca\/formation\/wp-content\/uploads\/2020\/01\/marie-300x260.png 300w\" sizes=\"auto, (max-width: 464px) 100vw, 464px\" \/><\/figure>\n\n\n\n<p class=\"col-sm-8\">Ces comportements d\u2019intimidation sont certes nocifs, mais il ne semble pas y avoir de danger pour la s\u00e9curit\u00e9 de Marie. <br><br>Des interventions pourraient toutefois permettre de contrer ou de r\u00e9duire la fr\u00e9quence et l\u2019intensit\u00e9 de ces actes d\u2019intimidation. <\/p>\n","protected":false},"excerpt":{"rendered":"<p>Est-ce que mon fils pourrait me blesser physiquement ou psychologiquement? Je ne sais pas. Il dit des paroles blessantes, il essaie de me rabaisser, il a m\u00eame d\u00e9j\u00e0 avou\u00e9 \u00eatre heureux de m\u2019avoir fait souffrir. Mais est-ce suffisant pour parler de danger pour ma s\u00e9curit\u00e9? ? Ces comportements d\u2019intimidation sont certes nocifs, mais il ne [&#8230;]<\/p>\n<p><a class=\"btn btn-secondary understrap-read-more-link\" href=\"https:\/\/aqpamm.ca\/formation\/intervenant%c2%b7e%c2%b7s\/module-3\/evaluer-le-tort-cause-a-la-personne-3\/\">Lire la suite\u2026<span class=\"screen-reader-text\"> from \u00c9valuer le tort caus\u00e9 \u00e0 la personne<\/span><\/a><\/p>\n","protected":false},"author":1,"featured_media":0,"parent":213,"menu_order":36,"comment_status":"closed","ping_status":"closed","template":"","meta":{"footnotes":""},"class_list":["post-303","page","type-page","status-publish","hentry"],"_links":{"self":[{"href":"https:\/\/aqpamm.ca\/formation\/wp-json\/wp\/v2\/pages\/303","targetHints":{"allow":["GET"]}}],"collection":[{"href":"https:\/\/aqpamm.ca\/formation\/wp-json\/wp\/v2\/pages"}],"about":[{"href":"https:\/\/aqpamm.ca\/formation\/wp-json\/wp\/v2\/types\/page"}],"author":[{"embeddable":true,"href":"https:\/\/aqpamm.ca\/formation\/wp-json\/wp\/v2\/users\/1"}],"replies":[{"embeddable":true,"href":"https:\/\/aqpamm.ca\/formation\/wp-json\/wp\/v2\/comments?post=303"}],"version-history":[{"count":4,"href":"https:\/\/aqpamm.ca\/formation\/wp-json\/wp\/v2\/pages\/303\/revisions"}],"predecessor-version":[{"id":638,"href":"https:\/\/aqpamm.ca\/formation\/wp-json\/wp\/v2\/pages\/303\/revisions\/638"}],"up":[{"embeddable":true,"href":"https:\/\/aqpamm.ca\/formation\/wp-json\/wp\/v2\/pages\/213"}],"wp:attachment":[{"href":"https:\/\/aqpamm.ca\/formation\/wp-json\/wp\/v2\/media?parent=303"}],"curies":[{"name":"wp","href":"https:\/\/api.w.org\/{rel}","templated":true}]}}