{"id":301,"date":"2020-01-10T02:28:30","date_gmt":"2020-01-10T01:28:30","guid":{"rendered":"https:\/\/aqpamm.ca\/formation\/?page_id=301"},"modified":"2020-04-02T18:59:20","modified_gmt":"2020-04-02T16:59:20","slug":"evaluer-le-tort-cause-a-la-personne-2","status":"publish","type":"page","link":"https:\/\/aqpamm.ca\/formation\/intervenant%c2%b7e%c2%b7s\/module-3\/evaluer-le-tort-cause-a-la-personne-2\/","title":{"rendered":"\u00c9valuer le tort caus\u00e9 \u00e0 la personne"},"content":{"rendered":"\n<figure class=\"wp-block-image size-large col-sm-4\"><img loading=\"lazy\" decoding=\"async\" width=\"464\" height=\"402\" src=\"https:\/\/aqpamm.ca\/formation\/wp-content\/uploads\/2020\/01\/marie.png\" alt=\"\" class=\"wp-image-468\" srcset=\"https:\/\/aqpamm.ca\/formation\/wp-content\/uploads\/2020\/01\/marie.png 464w, https:\/\/aqpamm.ca\/formation\/wp-content\/uploads\/2020\/01\/marie-300x260.png 300w\" sizes=\"auto, (max-width: 464px) 100vw, 464px\" \/><\/figure>\n\n\n\n<p class=\"col-sm-8\">Voici un exemple de question pour \u00e9valuer s\u2019il existe un risque pour la s\u00e9curit\u00e9 de la personne.<br><br>Cliquez sur Suivant pour poursuivre l&rsquo;\u00e9valuation avec Marie.<br><br>Avez-vous l\u2019impression que votre fils pourrait vous blesser physiquement ou psychologiquement?  <\/p>\n","protected":false},"excerpt":{"rendered":"<p>Voici un exemple de question pour \u00e9valuer s\u2019il existe un risque pour la s\u00e9curit\u00e9 de la personne. Cliquez sur Suivant pour poursuivre l&rsquo;\u00e9valuation avec Marie. Avez-vous l\u2019impression que votre fils pourrait vous blesser physiquement ou psychologiquement? [&#8230;]<\/p>\n<p><a class=\"btn btn-secondary understrap-read-more-link\" href=\"https:\/\/aqpamm.ca\/formation\/intervenant%c2%b7e%c2%b7s\/module-3\/evaluer-le-tort-cause-a-la-personne-2\/\">Lire la suite\u2026<span class=\"screen-reader-text\"> from \u00c9valuer le tort caus\u00e9 \u00e0 la personne<\/span><\/a><\/p>\n","protected":false},"author":1,"featured_media":0,"parent":213,"menu_order":35,"comment_status":"closed","ping_status":"closed","template":"","meta":{"footnotes":""},"class_list":["post-301","page","type-page","status-publish","hentry"],"_links":{"self":[{"href":"https:\/\/aqpamm.ca\/formation\/wp-json\/wp\/v2\/pages\/301","targetHints":{"allow":["GET"]}}],"collection":[{"href":"https:\/\/aqpamm.ca\/formation\/wp-json\/wp\/v2\/pages"}],"about":[{"href":"https:\/\/aqpamm.ca\/formation\/wp-json\/wp\/v2\/types\/page"}],"author":[{"embeddable":true,"href":"https:\/\/aqpamm.ca\/formation\/wp-json\/wp\/v2\/users\/1"}],"replies":[{"embeddable":true,"href":"https:\/\/aqpamm.ca\/formation\/wp-json\/wp\/v2\/comments?post=301"}],"version-history":[{"count":5,"href":"https:\/\/aqpamm.ca\/formation\/wp-json\/wp\/v2\/pages\/301\/revisions"}],"predecessor-version":[{"id":1280,"href":"https:\/\/aqpamm.ca\/formation\/wp-json\/wp\/v2\/pages\/301\/revisions\/1280"}],"up":[{"embeddable":true,"href":"https:\/\/aqpamm.ca\/formation\/wp-json\/wp\/v2\/pages\/213"}],"wp:attachment":[{"href":"https:\/\/aqpamm.ca\/formation\/wp-json\/wp\/v2\/media?parent=301"}],"curies":[{"name":"wp","href":"https:\/\/api.w.org\/{rel}","templated":true}]}}