{"id":248,"date":"2020-01-09T21:05:21","date_gmt":"2020-01-09T20:05:21","guid":{"rendered":"https:\/\/aqpamm.ca\/formation\/?page_id=248"},"modified":"2020-05-05T22:19:32","modified_gmt":"2020-05-05T20:19:32","slug":"evaluer-le-tort-cause-a-la-personne","status":"publish","type":"page","link":"https:\/\/aqpamm.ca\/formation\/intervenant%c2%b7e%c2%b7s\/module-3\/evaluer-le-tort-cause-a-la-personne\/","title":{"rendered":"\u00c9valuer le tort caus\u00e9 \u00e0 la personne"},"content":{"rendered":"\n<div class=\"col-sm-8\">\n\n\n\n<p><strong>Il est important d\u2019\u00e9valuer le tort caus\u00e9 \u00e0 la personne pour s\u2019assurer qu\u2019il n\u2019y a pas de risque pour sa s\u00e9curit\u00e9<\/strong>.<br><strong><br>Prenez en consid\u00e9ration<\/strong>&nbsp;: <\/p>\n\n\n\n<ul class=\"wp-block-list\"><li>L\u2019\u00e9tat\nmental de la personne qui vous consulte <\/li><li>Le risque\npour la s\u00e9curit\u00e9 de la victime <\/li><li>La pr\u00e9sence\nd\u2019autres probl\u00e9matiques (ex. violence conjugale, maltraitance, etc.) <\/li><\/ul>\n\n\n\n<p class=\"col-sm-8\"><strong>Vous avez le devoir d\u2019intervenir si<\/strong> :<\/p>\n\n\n\n<ul class=\"wp-block-list\"><li>la s\u00e9curit\u00e9\nde la personne est compromise<\/li><li>des enfants\nsont impliqu\u00e9s <\/li><\/ul>\n\n\n\n<p class=\"col-sm-8\">Exemples d\u2019intervention :<\/p>\n\n\n\n<ul class=\"wp-block-list\"><li> Porter plainte \u00e0 la police en cas de violence physique <\/li><li> Consulter la Direction de la protection de la jeunesse pour obtenir un avis si un enfant en est t\u00e9moin <\/li><li> Effectuer un signalement \u00e0 la Direction de la protection de la jeunesse si un enfant est victime de violence <\/li><\/ul>\n\n\n\n<p class=\"col-sm-8\"><strong>En savoir plus sur les actes criminels<\/strong><br> <a href=\"https:\/\/aqpamm.ca\/formation\/wp-content\/uploads\/2020\/05\/Le-contexte-l\u00e9gal-de-l\u2019intimidation.pdf\" target=\"_blank\" rel=\"noreferrer noopener\"><img decoding=\"async\" class=\"iconPdf\" src=\"https:\/\/aqpamm.ca\/formation\/wp-content\/uploads\/2020\/01\/pdf_icon.png\"> Le contexte l\u00e9gal de l&rsquo;intimidation<\/a><\/p>\n\n\n\n<\/div>\n\n\n\n<div class=\"col-sm-4 encart\">\n\n\n\n<p>L\u2019intimidation peut prendre diff\u00e9rentes formes dont certaines sont sanctionnables comme la n\u00e9gligence, la maltraitance, la discrimination, la violence conjugale, familiale ou sexuelle. <br><\/p>\n\n\n\n<\/div>\n","protected":false},"excerpt":{"rendered":"<p>Il est important d\u2019\u00e9valuer le tort caus\u00e9 \u00e0 la personne pour s\u2019assurer qu\u2019il n\u2019y a pas de risque pour sa s\u00e9curit\u00e9.Prenez en consid\u00e9ration&nbsp;: L\u2019\u00e9tat mental de la personne qui vous consulte Le risque pour la s\u00e9curit\u00e9 de la victime La pr\u00e9sence d\u2019autres probl\u00e9matiques (ex. violence conjugale, maltraitance, etc.) Vous avez le devoir d\u2019intervenir si : [&#8230;]<\/p>\n<p><a class=\"btn btn-secondary understrap-read-more-link\" href=\"https:\/\/aqpamm.ca\/formation\/intervenant%c2%b7e%c2%b7s\/module-3\/evaluer-le-tort-cause-a-la-personne\/\">Lire la suite\u2026<span class=\"screen-reader-text\"> from \u00c9valuer le tort caus\u00e9 \u00e0 la personne<\/span><\/a><\/p>\n","protected":false},"author":1,"featured_media":0,"parent":213,"menu_order":34,"comment_status":"closed","ping_status":"closed","template":"","meta":{"footnotes":""},"class_list":["post-248","page","type-page","status-publish","hentry"],"_links":{"self":[{"href":"https:\/\/aqpamm.ca\/formation\/wp-json\/wp\/v2\/pages\/248","targetHints":{"allow":["GET"]}}],"collection":[{"href":"https:\/\/aqpamm.ca\/formation\/wp-json\/wp\/v2\/pages"}],"about":[{"href":"https:\/\/aqpamm.ca\/formation\/wp-json\/wp\/v2\/types\/page"}],"author":[{"embeddable":true,"href":"https:\/\/aqpamm.ca\/formation\/wp-json\/wp\/v2\/users\/1"}],"replies":[{"embeddable":true,"href":"https:\/\/aqpamm.ca\/formation\/wp-json\/wp\/v2\/comments?post=248"}],"version-history":[{"count":19,"href":"https:\/\/aqpamm.ca\/formation\/wp-json\/wp\/v2\/pages\/248\/revisions"}],"predecessor-version":[{"id":1299,"href":"https:\/\/aqpamm.ca\/formation\/wp-json\/wp\/v2\/pages\/248\/revisions\/1299"}],"up":[{"embeddable":true,"href":"https:\/\/aqpamm.ca\/formation\/wp-json\/wp\/v2\/pages\/213"}],"wp:attachment":[{"href":"https:\/\/aqpamm.ca\/formation\/wp-json\/wp\/v2\/media?parent=248"}],"curies":[{"name":"wp","href":"https:\/\/api.w.org\/{rel}","templated":true}]}}