{"id":234,"date":"2020-01-09T20:50:18","date_gmt":"2020-01-09T19:50:18","guid":{"rendered":"https:\/\/aqpamm.ca\/formation\/?page_id=234"},"modified":"2020-02-12T23:49:07","modified_gmt":"2020-02-12T22:49:07","slug":"evaluer-une-situation-dintimidation-3","status":"publish","type":"page","link":"https:\/\/aqpamm.ca\/formation\/intervenant%c2%b7e%c2%b7s\/module-3\/evaluer-une-situation-dintimidation-3\/","title":{"rendered":"\u00c9valuer une situation d&rsquo;intimidation"},"content":{"rendered":"\n<p class=\"col-md-12 bulle\">Comment r\u00e9glons-nous nos d\u00e9saccords? C\u2019est simple! Mon fils a toujours gain de cause. Il ne l\u00e2che pas le morceau, il r\u00e9ussit \u00e0 me faire croire que son jugement est meilleur que le mien et je finis par c\u00e9der \u00e9puis\u00e9e par la discussion. <\/p>\n\n\n\n<figure class=\"wp-block-image size-large col-sm-4\"><img loading=\"lazy\" decoding=\"async\" width=\"464\" height=\"402\" src=\"https:\/\/aqpamm.ca\/formation\/wp-content\/uploads\/2020\/01\/marie.png\" alt=\"\" class=\"wp-image-468\" srcset=\"https:\/\/aqpamm.ca\/formation\/wp-content\/uploads\/2020\/01\/marie.png 464w, https:\/\/aqpamm.ca\/formation\/wp-content\/uploads\/2020\/01\/marie-300x260.png 300w\" sizes=\"auto, (max-width: 464px) 100vw, 464px\" \/><\/figure>\n\n\n\n<p class=\"col-sm-8\">La r\u00e9ponse de Marie permet de confirmer un rapport de force in\u00e9gal entre son fils et elle.<br><br>Cliquez sur suivant pour poursuivre l\u2019\u00e9valuation avec Marie.<\/p>\n","protected":false},"excerpt":{"rendered":"<p>Comment r\u00e9glons-nous nos d\u00e9saccords? C\u2019est simple! Mon fils a toujours gain de cause. Il ne l\u00e2che pas le morceau, il r\u00e9ussit \u00e0 me faire croire que son jugement est meilleur que le mien et je finis par c\u00e9der \u00e9puis\u00e9e par la discussion. La r\u00e9ponse de Marie permet de confirmer un rapport de force in\u00e9gal entre [&#8230;]<\/p>\n<p><a class=\"btn btn-secondary understrap-read-more-link\" href=\"https:\/\/aqpamm.ca\/formation\/intervenant%c2%b7e%c2%b7s\/module-3\/evaluer-une-situation-dintimidation-3\/\">Lire la suite\u2026<span class=\"screen-reader-text\"> from \u00c9valuer une situation d&rsquo;intimidation<\/span><\/a><\/p>\n","protected":false},"author":1,"featured_media":0,"parent":213,"menu_order":31,"comment_status":"closed","ping_status":"closed","template":"","meta":{"footnotes":""},"class_list":["post-234","page","type-page","status-publish","hentry"],"_links":{"self":[{"href":"https:\/\/aqpamm.ca\/formation\/wp-json\/wp\/v2\/pages\/234","targetHints":{"allow":["GET"]}}],"collection":[{"href":"https:\/\/aqpamm.ca\/formation\/wp-json\/wp\/v2\/pages"}],"about":[{"href":"https:\/\/aqpamm.ca\/formation\/wp-json\/wp\/v2\/types\/page"}],"author":[{"embeddable":true,"href":"https:\/\/aqpamm.ca\/formation\/wp-json\/wp\/v2\/users\/1"}],"replies":[{"embeddable":true,"href":"https:\/\/aqpamm.ca\/formation\/wp-json\/wp\/v2\/comments?post=234"}],"version-history":[{"count":9,"href":"https:\/\/aqpamm.ca\/formation\/wp-json\/wp\/v2\/pages\/234\/revisions"}],"predecessor-version":[{"id":711,"href":"https:\/\/aqpamm.ca\/formation\/wp-json\/wp\/v2\/pages\/234\/revisions\/711"}],"up":[{"embeddable":true,"href":"https:\/\/aqpamm.ca\/formation\/wp-json\/wp\/v2\/pages\/213"}],"wp:attachment":[{"href":"https:\/\/aqpamm.ca\/formation\/wp-json\/wp\/v2\/media?parent=234"}],"curies":[{"name":"wp","href":"https:\/\/api.w.org\/{rel}","templated":true}]}}