{"id":225,"date":"2020-01-09T20:42:30","date_gmt":"2020-01-09T19:42:30","guid":{"rendered":"https:\/\/aqpamm.ca\/formation\/?page_id=225"},"modified":"2020-03-04T17:55:09","modified_gmt":"2020-03-04T16:55:09","slug":"evaluer-une-situation-dintimidation","status":"publish","type":"page","link":"https:\/\/aqpamm.ca\/formation\/intervenant%c2%b7e%c2%b7s\/module-3\/evaluer-une-situation-dintimidation\/","title":{"rendered":"\u00c9valuer une situation d&rsquo;intimidation"},"content":{"rendered":"\n<figure class=\"wp-block-image size-large col-sm-4\"><img loading=\"lazy\" decoding=\"async\" width=\"464\" height=\"402\" src=\"https:\/\/aqpamm.ca\/formation\/wp-content\/uploads\/2020\/01\/marie.png\" alt=\"\" class=\"wp-image-468\" srcset=\"https:\/\/aqpamm.ca\/formation\/wp-content\/uploads\/2020\/01\/marie.png 464w, https:\/\/aqpamm.ca\/formation\/wp-content\/uploads\/2020\/01\/marie-300x260.png 300w\" sizes=\"auto, (max-width: 464px) 100vw, 464px\" \/><\/figure>\n\n\n\n<div class=\"col-sm-8\">\n\n\n\n<p>Si vous suspectez un risque d\u2019intimidation, <strong>posez des questions ouvertes<\/strong> sur la r\u00e9solution de conflits, la fa\u00e7on de g\u00e9rer les d\u00e9saccords et les tentatives de contr\u00f4le <br><br>Cliquez sur la question de votre choix pour \u00e9valuer la r\u00e9ponse de Marie; <br> <\/p>\n\n\n\n<p><a class=\"button buttonVisit buttonLarge\" href=\"https:\/\/aqpamm.ca\/formation\/module-3\/evaluer-une-situation-dintimidation-2\/\">Comment prenez-vous les d\u00e9cisions au sein de votre relation?<\/a><\/p>\n\n\n\n<p><a class=\"button buttonVisit buttonLarge\" href=\"https:\/\/aqpamm.ca\/formation\/module-3\/evaluer-une-situation-dintimidation-3\/\">Comment r\u00e9glez-vous un d\u00e9saccord?<\/a><\/p>\n\n\n\n<p><a class=\"button buttonVisit buttonLarge\" href=\"https:\/\/aqpamm.ca\/formation\/module-3\/evaluer-une-situation-dintimidation-4\/\">Comment r\u00e9agit-il quand vous prenez une d\u00e9cision qui ne lui convient pas?<\/a><\/p>\n\n\n\n<\/div>\n","protected":false},"excerpt":{"rendered":"<p>Si vous suspectez un risque d\u2019intimidation, posez des questions ouvertes sur la r\u00e9solution de conflits, la fa\u00e7on de g\u00e9rer les d\u00e9saccords et les tentatives de contr\u00f4le Cliquez sur la question de votre choix pour \u00e9valuer la r\u00e9ponse de Marie; Comment prenez-vous les d\u00e9cisions au sein de votre relation? Comment r\u00e9glez-vous un d\u00e9saccord? Comment r\u00e9agit-il quand [&#8230;]<\/p>\n<p><a class=\"btn btn-secondary understrap-read-more-link\" href=\"https:\/\/aqpamm.ca\/formation\/intervenant%c2%b7e%c2%b7s\/module-3\/evaluer-une-situation-dintimidation\/\">Lire la suite\u2026<span class=\"screen-reader-text\"> from \u00c9valuer une situation d&rsquo;intimidation<\/span><\/a><\/p>\n","protected":false},"author":1,"featured_media":0,"parent":213,"menu_order":29,"comment_status":"closed","ping_status":"closed","template":"","meta":{"footnotes":""},"class_list":["post-225","page","type-page","status-publish","hentry"],"_links":{"self":[{"href":"https:\/\/aqpamm.ca\/formation\/wp-json\/wp\/v2\/pages\/225","targetHints":{"allow":["GET"]}}],"collection":[{"href":"https:\/\/aqpamm.ca\/formation\/wp-json\/wp\/v2\/pages"}],"about":[{"href":"https:\/\/aqpamm.ca\/formation\/wp-json\/wp\/v2\/types\/page"}],"author":[{"embeddable":true,"href":"https:\/\/aqpamm.ca\/formation\/wp-json\/wp\/v2\/users\/1"}],"replies":[{"embeddable":true,"href":"https:\/\/aqpamm.ca\/formation\/wp-json\/wp\/v2\/comments?post=225"}],"version-history":[{"count":21,"href":"https:\/\/aqpamm.ca\/formation\/wp-json\/wp\/v2\/pages\/225\/revisions"}],"predecessor-version":[{"id":833,"href":"https:\/\/aqpamm.ca\/formation\/wp-json\/wp\/v2\/pages\/225\/revisions\/833"}],"up":[{"embeddable":true,"href":"https:\/\/aqpamm.ca\/formation\/wp-json\/wp\/v2\/pages\/213"}],"wp:attachment":[{"href":"https:\/\/aqpamm.ca\/formation\/wp-json\/wp\/v2\/media?parent=225"}],"curies":[{"name":"wp","href":"https:\/\/api.w.org\/{rel}","templated":true}]}}