{"id":223,"date":"2020-01-09T20:36:52","date_gmt":"2020-01-09T19:36:52","guid":{"rendered":"https:\/\/aqpamm.ca\/formation\/?page_id=223"},"modified":"2020-01-29T20:10:52","modified_gmt":"2020-01-29T19:10:52","slug":"detecter-une-possible-situation-dintimidation","status":"publish","type":"page","link":"https:\/\/aqpamm.ca\/formation\/intervenant%c2%b7e%c2%b7s\/module-3\/detecter-une-possible-situation-dintimidation\/","title":{"rendered":"D\u00e9tecter une possible situation d&rsquo;intimidation"},"content":{"rendered":"\n<p class=\"col-md-12 bulle\">J\u2019avais une belle relation avec mon fils avant le d\u00e9c\u00e8s de mon mari. On faisait du ski alpin et on s\u2019\u00e9changeait des romans. Je l\u2019ai toujours soutenu et aid\u00e9. Puis, il adorait ma cuisine. Depuis mon \u00e9pisode de d\u00e9pression, notre relation s\u2019est d\u00e9grad\u00e9e. Je suis consciente que je ne fais plus rien et que je compte souvent sur mon fils. J\u2019ai l\u2019impression que les r\u00f4les sont invers\u00e9s et que c\u2019est lui qui est devenu le parent. <\/p>\n\n\n\n<figure class=\"wp-block-image size-large col-sm-4\"><img loading=\"lazy\" decoding=\"async\" width=\"464\" height=\"402\" src=\"https:\/\/aqpamm.ca\/formation\/wp-content\/uploads\/2020\/01\/marie.png\" alt=\"\" class=\"wp-image-468\" srcset=\"https:\/\/aqpamm.ca\/formation\/wp-content\/uploads\/2020\/01\/marie.png 464w, https:\/\/aqpamm.ca\/formation\/wp-content\/uploads\/2020\/01\/marie-300x260.png 300w\" sizes=\"auto, (max-width: 464px) 100vw, 464px\" \/><\/figure>\n\n\n\n<div class=\"col-sm-8\"><div class=\"h5p-iframe-wrapper\"><iframe id=\"h5p-iframe-16\" class=\"h5p-iframe\" data-content-id=\"16\" style=\"height:1px\" src=\"about:blank\" frameBorder=\"0\" scrolling=\"no\" title=\"Module 3 - D\u00e9tecter une possible situation d&#039;intimidation\"><\/iframe><\/div><\/div>\n","protected":false},"excerpt":{"rendered":"<p>J\u2019avais une belle relation avec mon fils avant le d\u00e9c\u00e8s de mon mari. On faisait du ski alpin et on s\u2019\u00e9changeait des romans. Je l\u2019ai toujours soutenu et aid\u00e9. Puis, il adorait ma cuisine. Depuis mon \u00e9pisode de d\u00e9pression, notre relation s\u2019est d\u00e9grad\u00e9e. Je suis consciente que je ne fais plus rien et que je [&#8230;]<\/p>\n<p><a class=\"btn btn-secondary understrap-read-more-link\" href=\"https:\/\/aqpamm.ca\/formation\/intervenant%c2%b7e%c2%b7s\/module-3\/detecter-une-possible-situation-dintimidation\/\">Lire la suite\u2026<span class=\"screen-reader-text\"> from D\u00e9tecter une possible situation d&rsquo;intimidation<\/span><\/a><\/p>\n","protected":false},"author":1,"featured_media":0,"parent":213,"menu_order":28,"comment_status":"closed","ping_status":"closed","template":"","meta":{"footnotes":""},"class_list":["post-223","page","type-page","status-publish","hentry"],"_links":{"self":[{"href":"https:\/\/aqpamm.ca\/formation\/wp-json\/wp\/v2\/pages\/223","targetHints":{"allow":["GET"]}}],"collection":[{"href":"https:\/\/aqpamm.ca\/formation\/wp-json\/wp\/v2\/pages"}],"about":[{"href":"https:\/\/aqpamm.ca\/formation\/wp-json\/wp\/v2\/types\/page"}],"author":[{"embeddable":true,"href":"https:\/\/aqpamm.ca\/formation\/wp-json\/wp\/v2\/users\/1"}],"replies":[{"embeddable":true,"href":"https:\/\/aqpamm.ca\/formation\/wp-json\/wp\/v2\/comments?post=223"}],"version-history":[{"count":11,"href":"https:\/\/aqpamm.ca\/formation\/wp-json\/wp\/v2\/pages\/223\/revisions"}],"predecessor-version":[{"id":544,"href":"https:\/\/aqpamm.ca\/formation\/wp-json\/wp\/v2\/pages\/223\/revisions\/544"}],"up":[{"embeddable":true,"href":"https:\/\/aqpamm.ca\/formation\/wp-json\/wp\/v2\/pages\/213"}],"wp:attachment":[{"href":"https:\/\/aqpamm.ca\/formation\/wp-json\/wp\/v2\/media?parent=223"}],"curies":[{"name":"wp","href":"https:\/\/api.w.org\/{rel}","templated":true}]}}