{"id":220,"date":"2020-01-09T20:34:32","date_gmt":"2020-01-09T19:34:32","guid":{"rendered":"https:\/\/aqpamm.ca\/formation\/?page_id=220"},"modified":"2020-01-29T20:09:59","modified_gmt":"2020-01-29T19:09:59","slug":"detecter-situation-intimidation","status":"publish","type":"page","link":"https:\/\/aqpamm.ca\/formation\/intervenant%c2%b7e%c2%b7s\/module-3\/detecter-situation-intimidation\/","title":{"rendered":"D\u00e9tecter une possible situation d&rsquo;intimidation"},"content":{"rendered":"\n<figure class=\"wp-block-image size-large col-sm-4\"><img loading=\"lazy\" decoding=\"async\" width=\"464\" height=\"402\" src=\"https:\/\/aqpamm.ca\/formation\/wp-content\/uploads\/2020\/01\/marie.png\" alt=\"\" class=\"wp-image-468\" srcset=\"https:\/\/aqpamm.ca\/formation\/wp-content\/uploads\/2020\/01\/marie.png 464w, https:\/\/aqpamm.ca\/formation\/wp-content\/uploads\/2020\/01\/marie-300x260.png 300w\" sizes=\"auto, (max-width: 464px) 100vw, 464px\" \/><\/figure>\n\n\n\n<p class=\"col-sm-8\">Comme vous le savez, toutes les relations en proche aidance ne reposent pas sur une dynamique d\u2019intimidation.\u00a0 De plus, il n\u2019est pas facile de d\u00e9tecter une situation d\u2019intimidation au cours d\u2019un entretien,\u00a0 particuli\u00e8rement si ce n\u2019est pas le sujet de la rencontre. <br><br>Quels \u00e9l\u00e9ments devraient vous permettent de d\u00e9tecter une dynamique d\u2019intimidation et ainsi d\u00e9buter une \u00e9valuation? Nous vous invitons \u00e0 le d\u00e9couvrir au cours des pages suivantes. <\/p>\n","protected":false},"excerpt":{"rendered":"<p>Comme vous le savez, toutes les relations en proche aidance ne reposent pas sur une dynamique d\u2019intimidation.\u00a0 De plus, il n\u2019est pas facile de d\u00e9tecter une situation d\u2019intimidation au cours d\u2019un entretien,\u00a0 particuli\u00e8rement si ce n\u2019est pas le sujet de la rencontre. Quels \u00e9l\u00e9ments devraient vous permettent de d\u00e9tecter une dynamique d\u2019intimidation et ainsi d\u00e9buter [&#8230;]<\/p>\n<p><a class=\"btn btn-secondary understrap-read-more-link\" href=\"https:\/\/aqpamm.ca\/formation\/intervenant%c2%b7e%c2%b7s\/module-3\/detecter-situation-intimidation\/\">Lire la suite\u2026<span class=\"screen-reader-text\"> from D\u00e9tecter une possible situation d&rsquo;intimidation<\/span><\/a><\/p>\n","protected":false},"author":1,"featured_media":0,"parent":213,"menu_order":27,"comment_status":"closed","ping_status":"closed","template":"","meta":{"footnotes":""},"class_list":["post-220","page","type-page","status-publish","hentry"],"_links":{"self":[{"href":"https:\/\/aqpamm.ca\/formation\/wp-json\/wp\/v2\/pages\/220","targetHints":{"allow":["GET"]}}],"collection":[{"href":"https:\/\/aqpamm.ca\/formation\/wp-json\/wp\/v2\/pages"}],"about":[{"href":"https:\/\/aqpamm.ca\/formation\/wp-json\/wp\/v2\/types\/page"}],"author":[{"embeddable":true,"href":"https:\/\/aqpamm.ca\/formation\/wp-json\/wp\/v2\/users\/1"}],"replies":[{"embeddable":true,"href":"https:\/\/aqpamm.ca\/formation\/wp-json\/wp\/v2\/comments?post=220"}],"version-history":[{"count":5,"href":"https:\/\/aqpamm.ca\/formation\/wp-json\/wp\/v2\/pages\/220\/revisions"}],"predecessor-version":[{"id":542,"href":"https:\/\/aqpamm.ca\/formation\/wp-json\/wp\/v2\/pages\/220\/revisions\/542"}],"up":[{"embeddable":true,"href":"https:\/\/aqpamm.ca\/formation\/wp-json\/wp\/v2\/pages\/213"}],"wp:attachment":[{"href":"https:\/\/aqpamm.ca\/formation\/wp-json\/wp\/v2\/media?parent=220"}],"curies":[{"name":"wp","href":"https:\/\/api.w.org\/{rel}","templated":true}]}}