{"id":22,"date":"2020-01-02T21:15:44","date_gmt":"2020-01-02T20:15:44","guid":{"rendered":"https:\/\/aqpamm.ca\/formation\/?page_id=22"},"modified":"2020-04-01T18:45:24","modified_gmt":"2020-04-01T16:45:24","slug":"bienvenue","status":"publish","type":"page","link":"https:\/\/aqpamm.ca\/formation\/intervenant%c2%b7e%c2%b7s\/introduction\/bienvenue\/","title":{"rendered":"Bienvenue"},"content":{"rendered":"\n<figure class=\"wp-block-image size-large col-sm-4\"><img loading=\"lazy\" decoding=\"async\" width=\"464\" height=\"402\" src=\"https:\/\/aqpamm.ca\/formation\/wp-content\/uploads\/2020\/01\/marie.png\" alt=\"\" class=\"wp-image-468\" srcset=\"https:\/\/aqpamm.ca\/formation\/wp-content\/uploads\/2020\/01\/marie.png 464w, https:\/\/aqpamm.ca\/formation\/wp-content\/uploads\/2020\/01\/marie-300x260.png 300w\" sizes=\"auto, (max-width: 464px) 100vw, 464px\" \/><\/figure>\n\n\n\n<div class=\"col-sm-8\">\n\n\n\n<h5 class=\"wp-block-heading\">Informons-nous : sant\u00e9 mentale et proche-aidance, reconna\u00eetre, pr\u00e9venir et contrer l\u2019intimidation <\/h5>\n\n\n\n<p>Formation \u00e0 l&rsquo;intention des intervenant\u00b7e\u00b7s<br><br>Cette formation en ligne s\u2019adresse \u00e0 tout\u00b7e professionnel\u00b7le ou intervenant\u00b7e pr\u00e9occup\u00e9\u00b7e par les dynamiques d\u2019intimidation ou cherchant des moyens de la pr\u00e9venir.<br><br>Son but  est d\u2019informer et de sensibiliser les intervenant\u00b7e\u00b7s aux sp\u00e9cificit\u00e9s de l\u2019intimidation en contexte de sant\u00e9 mentale. Elle vise aussi \u00e0 mieux les outiller face aux probl\u00e9matiques d\u2019intimidation et de violence sp\u00e9cifiques \u00e0 ces relations.<br><br>*Bien que le design s&rsquo;adapte aux appareils mobiles, cette formation a \u00e9t\u00e9 con\u00e7ue pour \u00eatre suivie sur un ordinateur.<br><br><img decoding=\"async\" src=\"\/formation\/wp-content\/uploads\/2020\/01\/horloge.png\" alt=\"\"> Dur\u00e9e: 20 minutes<br><br><a class=\"button\" href=\"\/formation\/intervenants\/introduction\/public-cible-et-objectif\/\">Commencer<\/a><br><br><br><\/p>\n\n\n\n<p style=\"color:#23408a\" class=\"has-text-color has-text-align-center has-small-font-size\">L&rsquo;\u00e9laboration de cette formation a \u00e9t\u00e9 rendue possible gr\u00e2ce \u00e0 une aide financi\u00e8re du Minist\u00e8re de la Famille du Qu\u00e9bec dans le cadre du programme de soutien financier Ensemble contre l\u2019intimidation.<\/p>\n\n\n\n<div class=\"wp-block-image\"><figure class=\"aligncenter size-large is-resized\"><img loading=\"lazy\" decoding=\"async\" src=\"https:\/\/aqpamm.ca\/formation\/wp-content\/uploads\/2020\/03\/Conjoint-Intimidation-MFA.jpg\" alt=\"\" class=\"wp-image-1117\" width=\"400\" height=\"73\"\/><\/figure><\/div>\n\n\n\n<p style=\"color:#23408a\" class=\"has-text-color has-text-align-center has-small-font-size\">en collaboration avec<\/p>\n\n\n\n<figure class=\"wp-block-gallery columns-2  logos_accueil wp-block-gallery-1 is-layout-flex wp-block-gallery-is-layout-flex\"><ul class=\"blocks-gallery-grid\"><li class=\"blocks-gallery-item\"><figure><img loading=\"lazy\" decoding=\"async\" width=\"210\" height=\"104\" src=\"https:\/\/aqpamm.ca\/formation\/wp-content\/uploads\/2020\/01\/logo_cavac.jpg\" alt=\"\" data-id=\"427\" data-full-url=\"https:\/\/aqpamm.ca\/formation\/wp-content\/uploads\/2020\/01\/logo_cavac.jpg\" data-link=\"https:\/\/aqpamm.ca\/formation\/logo_cavac\/\" class=\"wp-image-427\"\/><\/figure><\/li><li class=\"blocks-gallery-item\"><figure><img loading=\"lazy\" decoding=\"async\" width=\"284\" height=\"60\" src=\"https:\/\/aqpamm.ca\/formation\/wp-content\/uploads\/2020\/03\/Logo_SEA.png\" alt=\"\" data-id=\"1255\" data-full-url=\"https:\/\/aqpamm.ca\/formation\/wp-content\/uploads\/2020\/03\/Logo_SEA.png\" data-link=\"https:\/\/aqpamm.ca\/formation\/logo_sea\/\" class=\"wp-image-1255\"\/><\/figure><\/li><\/ul><\/figure>\n\n\n\n<\/div>\n","protected":false},"excerpt":{"rendered":"<p>Informons-nous : sant\u00e9 mentale et proche-aidance, reconna\u00eetre, pr\u00e9venir et contrer l\u2019intimidation Formation \u00e0 l&rsquo;intention des intervenant\u00b7e\u00b7s Cette formation en ligne s\u2019adresse \u00e0 tout\u00b7e professionnel\u00b7le ou intervenant\u00b7e pr\u00e9occup\u00e9\u00b7e par les dynamiques d\u2019intimidation ou cherchant des moyens de la pr\u00e9venir. Son but est d\u2019informer et de sensibiliser les intervenant\u00b7e\u00b7s aux sp\u00e9cificit\u00e9s de l\u2019intimidation en contexte de sant\u00e9 [&#8230;]<\/p>\n<p><a class=\"btn btn-secondary understrap-read-more-link\" href=\"https:\/\/aqpamm.ca\/formation\/intervenant%c2%b7e%c2%b7s\/introduction\/bienvenue\/\">Lire la suite\u2026<span class=\"screen-reader-text\"> from Bienvenue<\/span><\/a><\/p>\n","protected":false},"author":1,"featured_media":0,"parent":20,"menu_order":1,"comment_status":"closed","ping_status":"closed","template":"","meta":{"footnotes":""},"class_list":["post-22","page","type-page","status-publish","hentry"],"_links":{"self":[{"href":"https:\/\/aqpamm.ca\/formation\/wp-json\/wp\/v2\/pages\/22","targetHints":{"allow":["GET"]}}],"collection":[{"href":"https:\/\/aqpamm.ca\/formation\/wp-json\/wp\/v2\/pages"}],"about":[{"href":"https:\/\/aqpamm.ca\/formation\/wp-json\/wp\/v2\/types\/page"}],"author":[{"embeddable":true,"href":"https:\/\/aqpamm.ca\/formation\/wp-json\/wp\/v2\/users\/1"}],"replies":[{"embeddable":true,"href":"https:\/\/aqpamm.ca\/formation\/wp-json\/wp\/v2\/comments?post=22"}],"version-history":[{"count":37,"href":"https:\/\/aqpamm.ca\/formation\/wp-json\/wp\/v2\/pages\/22\/revisions"}],"predecessor-version":[{"id":1272,"href":"https:\/\/aqpamm.ca\/formation\/wp-json\/wp\/v2\/pages\/22\/revisions\/1272"}],"up":[{"embeddable":true,"href":"https:\/\/aqpamm.ca\/formation\/wp-json\/wp\/v2\/pages\/20"}],"wp:attachment":[{"href":"https:\/\/aqpamm.ca\/formation\/wp-json\/wp\/v2\/media?parent=22"}],"curies":[{"name":"wp","href":"https:\/\/api.w.org\/{rel}","templated":true}]}}