{"id":216,"date":"2020-01-09T20:32:04","date_gmt":"2020-01-09T19:32:04","guid":{"rendered":"https:\/\/aqpamm.ca\/formation\/?page_id=216"},"modified":"2020-01-29T20:10:07","modified_gmt":"2020-01-29T19:10:07","slug":"contrer-intimidation","status":"publish","type":"page","link":"https:\/\/aqpamm.ca\/formation\/intervenant%c2%b7e%c2%b7s\/module-3\/contrer-intimidation\/","title":{"rendered":"Contrer l&rsquo;intimidation"},"content":{"rendered":"\n<figure class=\"wp-block-image size-large col-sm-4\"><img loading=\"lazy\" decoding=\"async\" width=\"464\" height=\"402\" src=\"https:\/\/aqpamm.ca\/formation\/wp-content\/uploads\/2020\/01\/marie.png\" alt=\"\" class=\"wp-image-468\" srcset=\"https:\/\/aqpamm.ca\/formation\/wp-content\/uploads\/2020\/01\/marie.png 464w, https:\/\/aqpamm.ca\/formation\/wp-content\/uploads\/2020\/01\/marie-300x260.png 300w\" sizes=\"auto, (max-width: 464px) 100vw, 464px\" \/><\/figure>\n\n\n\n<p class=\"col-sm-8\">Vous avez pu constater que Marie s\u2019est ais\u00e9ment confi\u00e9e \u00e0 vous depuis le d\u00e9but de votre formation. Or, ce n\u2019est pas toujours le cas. Rep\u00e9rer la pr\u00e9sence d\u2019intimidation dans une relation de proche aidance en sant\u00e9 mentale peut \u00eatre difficile. Les personnes impliqu\u00e9es peuvent ne pas avoir conscience qu\u2019elles ont des comportements d\u2019intimidation ou qu\u2019elles en sont victimes. L\u2019intimidation en proche aidance est un sujet tabou et peu connu.<br><br>Le module 3 porte sur les pistes d\u2019intervention pour d\u00e9tecter une situation d\u2019intimidation et intervenir pour la contrer ou la r\u00e9duire.  <\/p>\n","protected":false},"excerpt":{"rendered":"<p>Vous avez pu constater que Marie s\u2019est ais\u00e9ment confi\u00e9e \u00e0 vous depuis le d\u00e9but de votre formation. Or, ce n\u2019est pas toujours le cas. Rep\u00e9rer la pr\u00e9sence d\u2019intimidation dans une relation de proche aidance en sant\u00e9 mentale peut \u00eatre difficile. Les personnes impliqu\u00e9es peuvent ne pas avoir conscience qu\u2019elles ont des comportements d\u2019intimidation ou qu\u2019elles [&#8230;]<\/p>\n<p><a class=\"btn btn-secondary understrap-read-more-link\" href=\"https:\/\/aqpamm.ca\/formation\/intervenant%c2%b7e%c2%b7s\/module-3\/contrer-intimidation\/\">Lire la suite\u2026<span class=\"screen-reader-text\"> from Contrer l&rsquo;intimidation<\/span><\/a><\/p>\n","protected":false},"author":1,"featured_media":0,"parent":213,"menu_order":26,"comment_status":"closed","ping_status":"closed","template":"","meta":{"footnotes":""},"class_list":["post-216","page","type-page","status-publish","hentry"],"_links":{"self":[{"href":"https:\/\/aqpamm.ca\/formation\/wp-json\/wp\/v2\/pages\/216","targetHints":{"allow":["GET"]}}],"collection":[{"href":"https:\/\/aqpamm.ca\/formation\/wp-json\/wp\/v2\/pages"}],"about":[{"href":"https:\/\/aqpamm.ca\/formation\/wp-json\/wp\/v2\/types\/page"}],"author":[{"embeddable":true,"href":"https:\/\/aqpamm.ca\/formation\/wp-json\/wp\/v2\/users\/1"}],"replies":[{"embeddable":true,"href":"https:\/\/aqpamm.ca\/formation\/wp-json\/wp\/v2\/comments?post=216"}],"version-history":[{"count":4,"href":"https:\/\/aqpamm.ca\/formation\/wp-json\/wp\/v2\/pages\/216\/revisions"}],"predecessor-version":[{"id":543,"href":"https:\/\/aqpamm.ca\/formation\/wp-json\/wp\/v2\/pages\/216\/revisions\/543"}],"up":[{"embeddable":true,"href":"https:\/\/aqpamm.ca\/formation\/wp-json\/wp\/v2\/pages\/213"}],"wp:attachment":[{"href":"https:\/\/aqpamm.ca\/formation\/wp-json\/wp\/v2\/media?parent=216"}],"curies":[{"name":"wp","href":"https:\/\/api.w.org\/{rel}","templated":true}]}}