{"id":207,"date":"2020-01-09T20:29:28","date_gmt":"2020-01-09T19:29:28","guid":{"rendered":"https:\/\/aqpamm.ca\/formation\/?page_id=207"},"modified":"2020-02-21T19:41:02","modified_gmt":"2020-02-21T18:41:02","slug":"conclusion","status":"publish","type":"page","link":"https:\/\/aqpamm.ca\/formation\/intervenant%c2%b7e%c2%b7s\/module-2\/conclusion\/","title":{"rendered":"Conclusion"},"content":{"rendered":"\n<p class=\"has-text-align-center col-md-12\"><strong>F\u00e9licitations<\/strong>!<br>Vous avez termin\u00e9 le module 2 : Pr\u00e9venir l&rsquo;intimidation<br><br>D\u00e9butez le<br><br><a class=\"button\" href=\"\/formation\/intervenants\/module-3\/contrer-intimidation\/\">Module 3: Contrer l&rsquo;intimidation<\/a><\/p>\n","protected":false},"excerpt":{"rendered":"<p>F\u00e9licitations!Vous avez termin\u00e9 le module 2 : Pr\u00e9venir l&rsquo;intimidation D\u00e9butez le Module 3: Contrer l&rsquo;intimidation [&#8230;]<\/p>\n<p><a class=\"btn btn-secondary understrap-read-more-link\" href=\"https:\/\/aqpamm.ca\/formation\/intervenant%c2%b7e%c2%b7s\/module-2\/conclusion\/\">Lire la suite\u2026<span class=\"screen-reader-text\"> from Conclusion<\/span><\/a><\/p>\n","protected":false},"author":1,"featured_media":0,"parent":155,"menu_order":25,"comment_status":"closed","ping_status":"closed","template":"","meta":{"footnotes":""},"class_list":["post-207","page","type-page","status-publish","hentry"],"_links":{"self":[{"href":"https:\/\/aqpamm.ca\/formation\/wp-json\/wp\/v2\/pages\/207","targetHints":{"allow":["GET"]}}],"collection":[{"href":"https:\/\/aqpamm.ca\/formation\/wp-json\/wp\/v2\/pages"}],"about":[{"href":"https:\/\/aqpamm.ca\/formation\/wp-json\/wp\/v2\/types\/page"}],"author":[{"embeddable":true,"href":"https:\/\/aqpamm.ca\/formation\/wp-json\/wp\/v2\/users\/1"}],"replies":[{"embeddable":true,"href":"https:\/\/aqpamm.ca\/formation\/wp-json\/wp\/v2\/comments?post=207"}],"version-history":[{"count":5,"href":"https:\/\/aqpamm.ca\/formation\/wp-json\/wp\/v2\/pages\/207\/revisions"}],"predecessor-version":[{"id":821,"href":"https:\/\/aqpamm.ca\/formation\/wp-json\/wp\/v2\/pages\/207\/revisions\/821"}],"up":[{"embeddable":true,"href":"https:\/\/aqpamm.ca\/formation\/wp-json\/wp\/v2\/pages\/155"}],"wp:attachment":[{"href":"https:\/\/aqpamm.ca\/formation\/wp-json\/wp\/v2\/media?parent=207"}],"curies":[{"name":"wp","href":"https:\/\/api.w.org\/{rel}","templated":true}]}}