{"id":199,"date":"2020-01-09T20:11:37","date_gmt":"2020-01-09T19:11:37","guid":{"rendered":"https:\/\/aqpamm.ca\/formation\/?page_id=199"},"modified":"2020-03-25T23:41:24","modified_gmt":"2020-03-25T22:41:24","slug":"les-facteurs-de-vulnerabilite","status":"publish","type":"page","link":"https:\/\/aqpamm.ca\/formation\/intervenant%c2%b7e%c2%b7s\/module-2\/les-facteurs-de-vulnerabilite\/","title":{"rendered":"Les facteurs de vuln\u00e9rabilit\u00e9"},"content":{"rendered":"\n<div class=\"col-sm-8\">\n\n\n\n<p>Certaines personnes peuvent \u00eatre plus susceptibles de vivre de l\u2019intimidation en raison de caract\u00e9ristiques physiques, sociales ou d\u00e9mographiques, c\u2019est ce qu\u2019on appelle les facteurs de vuln\u00e9rabilit\u00e9. Ces facteurs devraient inciter \u00e0 une plus&nbsp; grande vigilance lorsqu\u2019une personne dans une relation de proche aidance poss\u00e8de une ou plusieurs de ces caract\u00e9ristiques. <\/p>\n\n\n\n<ul class=\"wp-block-list\"><li>Personnes \u00e2g\u00e9es <\/li><li>Personnes LGBTQIA+<\/li><li>Personnes issues de communaut\u00e9s ethnoculturelles<\/li><li>Personnes ayant un probl\u00e8me de sant\u00e9 physique ou une situation de handicap<\/li><li>Personne ayant un probl\u00e8me de sant\u00e9 mentale.<\/li><\/ul>\n\n\n\n<p><\/p>\n\n\n\n<\/div>\n\n\n\n<figure class=\"wp-block-image size-large col-sm-4\"><img loading=\"lazy\" decoding=\"async\" width=\"464\" height=\"402\" src=\"https:\/\/aqpamm.ca\/formation\/wp-content\/uploads\/2020\/01\/marie.png\" alt=\"\" class=\"wp-image-468\" srcset=\"https:\/\/aqpamm.ca\/formation\/wp-content\/uploads\/2020\/01\/marie.png 464w, https:\/\/aqpamm.ca\/formation\/wp-content\/uploads\/2020\/01\/marie-300x260.png 300w\" sizes=\"auto, (max-width: 464px) 100vw, 464px\" \/><\/figure>\n","protected":false},"excerpt":{"rendered":"<p>Certaines personnes peuvent \u00eatre plus susceptibles de vivre de l\u2019intimidation en raison de caract\u00e9ristiques physiques, sociales ou d\u00e9mographiques, c\u2019est ce qu\u2019on appelle les facteurs de vuln\u00e9rabilit\u00e9. Ces facteurs devraient inciter \u00e0 une plus&nbsp; grande vigilance lorsqu\u2019une personne dans une relation de proche aidance poss\u00e8de une ou plusieurs de ces caract\u00e9ristiques. Personnes \u00e2g\u00e9es Personnes LGBTQIA+ Personnes [&#8230;]<\/p>\n<p><a class=\"btn btn-secondary understrap-read-more-link\" href=\"https:\/\/aqpamm.ca\/formation\/intervenant%c2%b7e%c2%b7s\/module-2\/les-facteurs-de-vulnerabilite\/\">Lire la suite\u2026<span class=\"screen-reader-text\"> from Les facteurs de vuln\u00e9rabilit\u00e9<\/span><\/a><\/p>\n","protected":false},"author":1,"featured_media":0,"parent":155,"menu_order":21,"comment_status":"closed","ping_status":"closed","template":"","meta":{"footnotes":""},"class_list":["post-199","page","type-page","status-publish","hentry"],"_links":{"self":[{"href":"https:\/\/aqpamm.ca\/formation\/wp-json\/wp\/v2\/pages\/199","targetHints":{"allow":["GET"]}}],"collection":[{"href":"https:\/\/aqpamm.ca\/formation\/wp-json\/wp\/v2\/pages"}],"about":[{"href":"https:\/\/aqpamm.ca\/formation\/wp-json\/wp\/v2\/types\/page"}],"author":[{"embeddable":true,"href":"https:\/\/aqpamm.ca\/formation\/wp-json\/wp\/v2\/users\/1"}],"replies":[{"embeddable":true,"href":"https:\/\/aqpamm.ca\/formation\/wp-json\/wp\/v2\/comments?post=199"}],"version-history":[{"count":12,"href":"https:\/\/aqpamm.ca\/formation\/wp-json\/wp\/v2\/pages\/199\/revisions"}],"predecessor-version":[{"id":1253,"href":"https:\/\/aqpamm.ca\/formation\/wp-json\/wp\/v2\/pages\/199\/revisions\/1253"}],"up":[{"embeddable":true,"href":"https:\/\/aqpamm.ca\/formation\/wp-json\/wp\/v2\/pages\/155"}],"wp:attachment":[{"href":"https:\/\/aqpamm.ca\/formation\/wp-json\/wp\/v2\/media?parent=199"}],"curies":[{"name":"wp","href":"https:\/\/api.w.org\/{rel}","templated":true}]}}