{"id":157,"date":"2020-01-03T07:46:32","date_gmt":"2020-01-03T06:46:32","guid":{"rendered":"https:\/\/aqpamm.ca\/formation\/?page_id=157"},"modified":"2020-02-07T05:27:05","modified_gmt":"2020-02-07T04:27:05","slug":"prevenir-intimidation","status":"publish","type":"page","link":"https:\/\/aqpamm.ca\/formation\/intervenant%c2%b7e%c2%b7s\/module-2\/prevenir-intimidation\/","title":{"rendered":"Pr\u00e9venir l&rsquo;intimidation"},"content":{"rendered":"\n<div class=\"col-sm-8\">\n\n\n\n<p>Vous avez pu constater qu\u2019une dynamique d\u2019intimidation est d\u00e9j\u00e0 pr\u00e9sente dans la relation entre Marie et son fils. Comment aurait-elle pu \u00eatre pr\u00e9venue? <\/p>\n\n\n\n<h6 class=\"wp-block-heading\"><strong>D\u00e9couvrez-le en consultant les facteurs contextuels, de protection et de vuln\u00e9rabilit\u00e9. <\/strong><\/h6>\n\n\n\n<p>Cliquez sur chaque bouton pour en apprendre davantage.<br><\/p>\n\n\n\n<p><a href=\"https:\/\/aqpamm.ca\/formation\/intervenants\/module-2\/les-facteurs-contextuels\/\" class=\"button buttonVisit buttonLarge\">Les facteurs contextuels<\/a><\/p>\n\n\n\n<p><a class=\"button buttonVisit buttonLarge\" href=\"https:\/\/aqpamm.ca\/formation\/intervenants\/module-2\/les-facteurs-de-protection\/\">Les facteurs de protection<\/a><\/p>\n\n\n\n<p><a class=\"button buttonVisit buttonLarge\" href=\"https:\/\/aqpamm.ca\/formation\/intervenants\/module-2\/les-facteurs-de-vulnerabilite\/\">Les facteurs de vuln\u00e9rabilit\u00e9<\/a><\/p>\n\n\n\n<\/div>\n\n\n\n<div class=\"col-sm-4 encart\">\n\n\n\n<p>L\u2019intimidation n\u2019affecte pas toutes les relations de proche aidance et lorsque des comportements d\u2019intimidation ont lieu, ils ne surviennent pas tous les jours. Cela indique que des facteurs individuels, relationnels et sociaux sont susceptibles de favoriser des dynamiques d\u2019intimidation. Afin de pr\u00e9venir l\u2019\u00e9mergence de dynamiques d\u2019intimidation, il est essentiel de conna\u00eetre les facteurs contextuels, de protection et de vuln\u00e9rabilit\u00e9. <\/p>\n\n\n\n<\/div>\n","protected":false},"excerpt":{"rendered":"<p>Vous avez pu constater qu\u2019une dynamique d\u2019intimidation est d\u00e9j\u00e0 pr\u00e9sente dans la relation entre Marie et son fils. Comment aurait-elle pu \u00eatre pr\u00e9venue? D\u00e9couvrez-le en consultant les facteurs contextuels, de protection et de vuln\u00e9rabilit\u00e9. Cliquez sur chaque bouton pour en apprendre davantage. Les facteurs contextuels Les facteurs de protection Les facteurs de vuln\u00e9rabilit\u00e9 L\u2019intimidation n\u2019affecte [&#8230;]<\/p>\n<p><a class=\"btn btn-secondary understrap-read-more-link\" href=\"https:\/\/aqpamm.ca\/formation\/intervenant%c2%b7e%c2%b7s\/module-2\/prevenir-intimidation\/\">Lire la suite\u2026<span class=\"screen-reader-text\"> from Pr\u00e9venir l&rsquo;intimidation<\/span><\/a><\/p>\n","protected":false},"author":1,"featured_media":0,"parent":155,"menu_order":18,"comment_status":"closed","ping_status":"closed","template":"","meta":{"footnotes":""},"class_list":["post-157","page","type-page","status-publish","hentry"],"_links":{"self":[{"href":"https:\/\/aqpamm.ca\/formation\/wp-json\/wp\/v2\/pages\/157","targetHints":{"allow":["GET"]}}],"collection":[{"href":"https:\/\/aqpamm.ca\/formation\/wp-json\/wp\/v2\/pages"}],"about":[{"href":"https:\/\/aqpamm.ca\/formation\/wp-json\/wp\/v2\/types\/page"}],"author":[{"embeddable":true,"href":"https:\/\/aqpamm.ca\/formation\/wp-json\/wp\/v2\/users\/1"}],"replies":[{"embeddable":true,"href":"https:\/\/aqpamm.ca\/formation\/wp-json\/wp\/v2\/comments?post=157"}],"version-history":[{"count":28,"href":"https:\/\/aqpamm.ca\/formation\/wp-json\/wp\/v2\/pages\/157\/revisions"}],"predecessor-version":[{"id":665,"href":"https:\/\/aqpamm.ca\/formation\/wp-json\/wp\/v2\/pages\/157\/revisions\/665"}],"up":[{"embeddable":true,"href":"https:\/\/aqpamm.ca\/formation\/wp-json\/wp\/v2\/pages\/155"}],"wp:attachment":[{"href":"https:\/\/aqpamm.ca\/formation\/wp-json\/wp\/v2\/media?parent=157"}],"curies":[{"name":"wp","href":"https:\/\/api.w.org\/{rel}","templated":true}]}}