{"id":1033,"date":"2020-03-07T08:16:44","date_gmt":"2020-03-07T07:16:44","guid":{"rendered":"https:\/\/aqpamm.ca\/formation\/?page_id=1033"},"modified":"2020-03-26T03:35:50","modified_gmt":"2020-03-26T02:35:50","slug":"conclusion","status":"publish","type":"page","link":"https:\/\/aqpamm.ca\/formation\/proche-aidant%c2%b7e\/conclusion\/","title":{"rendered":"Conclusion"},"content":{"rendered":"\n<h5 class=\"col-md-12 wp-block-heading\">F\u00e9licitations!<\/h5>\n\n\n\n<p class=\"has-text-align-left col-md-12\">Vous avez termin\u00e9 la formation  \u00ab\u00a0Informons-nous&nbsp;: sant\u00e9 mentale et proche-aidance, reconna\u00eetre, pr\u00e9venir et contrer l\u2019intimidation\u00a0\u00bb.<br><br>Si le contenu de cette formation vous fait r\u00e9agir, suscite des  interrogations, des inqui\u00e9tudes, ou encore vous donne envie d&rsquo;en savoir  davantage, n&rsquo;h\u00e9sitez pas \u00e0 en discuter avec un\u00b7e professionnel\u00b7le  comp\u00e9tent\u00b7e ou \u00e0 prendre contact avec l&rsquo;AQPAMM : <a rel=\"noreferrer noopener\" target=\"_blank\" href=\"tel:5145247131\">514-524-7131<\/a>. <br><br>Un\u00b7e intervenant\u00b7e est l\u00e0 pour vous soutenir afin de trouver ou r\u00e9tablir un \u00e9quilibre dans la relation avec votre proche.  <\/p>\n\n\n\n<h5 class=\"col-md-12 wp-block-heading\">Remerciements<\/h5>\n\n\n\n<p class=\"col-md-12\">Nous remercions tous les individus de l\u2019entourage de personnes vivant avec un trouble de sant\u00e9 mentale membres de l\u2019AQPAMM qui ont \u00e9t\u00e9 consult\u00e9s ainsi que les professionnel\u00b7e\u00b7s et intervenant\u00b7e\u00b7s en sant\u00e9 mentale de diff\u00e9rents organismes, notamment, AQPAMM, Option une alternative \u00e0 la violence conjugale et familiale, Pro-gam, \u00c9quijustice, qui ont \u00e9t\u00e9 consult\u00e9\u00b7e\u00b7s dans le cadre de ce projet.<\/p>\n\n\n\n<p class=\"col-md-12\"><strong>Coordination du projet <\/strong><br>Justine Razafindramboa, M.Sc., coordonnatrice aux op\u00e9rations, AQPAMM<br>Marie-Andr\u00e9e Rousseau, charg\u00e9e de projet et intervenante psychosociale, AQPAMM <br><br><strong>Coordination technique<\/strong><br>\u00c9lise Ross-Nadi\u00e9, responsable des communications, AQPAMM <br><br><strong>Conception du contenu clinique<\/strong><br>Justine Razafindramboa, M.Sc., coordonnatrice aux op\u00e9rations, AQPAMM<br>Michelle Dewar, Ph.D\/D.ps (c), consultante<br>Marie-Andr\u00e9e Rousseau,  charg\u00e9e de projet et intervenante psychosociale, AQPAMM      <br>Jean-Thierry Popieul, M.A. TS, Criminologue, Coordonnateur clinique, CAVAC de Montr\u00e9al  <br><br><strong>Responsables de la trame p\u00e9dagogique et de la sc\u00e9narisation<\/strong><br>Marie-Andr\u00e9e Rousseau, charg\u00e9e de projet et intervenante psychosociale, AQPAMM <br>\u00c9lise Ross-Nadi\u00e9, responsable des communications, AQPAMM  <br><br>*Nous tenons \u00e0 remercier Natacha Lafontaine, technop\u00e9dagogue du Service aux entreprises du Coll\u00e8ge de Rosemont sans qui la r\u00e9alisation de cette formation n\u2019aurait pas \u00e9t\u00e9 possible.<br><br><strong>R\u00e9vision<\/strong><br>Justine Razafindramboa, M.Sc., coordonnatrice aux op\u00e9rations, AQPAMM<br>Marie-Andr\u00e9e Rousseau, charg\u00e9e de projet et intervenante psychosociale, AQPAMM  <br>\u00c9lise Ross-Nadi\u00e9, responsable des communications, AQPAMM   <br>C\u00e9cile Lemire,  Agente d&rsquo;accueil et d&rsquo;information , AQPAMM <br><br><strong>Conception graphique<\/strong><br>Laurence Pilon, Designer graphique et strat\u00e8ge UX <br><br><strong>D\u00e9veloppement Web<\/strong><br>Nina Ripoll<\/p>\n","protected":false},"excerpt":{"rendered":"<p>F\u00e9licitations! Vous avez termin\u00e9 la formation \u00ab\u00a0Informons-nous&nbsp;: sant\u00e9 mentale et proche-aidance, reconna\u00eetre, pr\u00e9venir et contrer l\u2019intimidation\u00a0\u00bb. Si le contenu de cette formation vous fait r\u00e9agir, suscite des interrogations, des inqui\u00e9tudes, ou encore vous donne envie d&rsquo;en savoir davantage, n&rsquo;h\u00e9sitez pas \u00e0 en discuter avec un\u00b7e professionnel\u00b7le comp\u00e9tent\u00b7e ou \u00e0 prendre contact avec l&rsquo;AQPAMM : 514-524-7131. [&#8230;]<\/p>\n<p><a class=\"btn btn-secondary understrap-read-more-link\" href=\"https:\/\/aqpamm.ca\/formation\/proche-aidant%c2%b7e\/conclusion\/\">Lire la suite\u2026<span class=\"screen-reader-text\"> from Conclusion<\/span><\/a><\/p>\n","protected":false},"author":1,"featured_media":0,"parent":805,"menu_order":105,"comment_status":"closed","ping_status":"closed","template":"","meta":{"footnotes":""},"class_list":["post-1033","page","type-page","status-publish","hentry"],"_links":{"self":[{"href":"https:\/\/aqpamm.ca\/formation\/wp-json\/wp\/v2\/pages\/1033","targetHints":{"allow":["GET"]}}],"collection":[{"href":"https:\/\/aqpamm.ca\/formation\/wp-json\/wp\/v2\/pages"}],"about":[{"href":"https:\/\/aqpamm.ca\/formation\/wp-json\/wp\/v2\/types\/page"}],"author":[{"embeddable":true,"href":"https:\/\/aqpamm.ca\/formation\/wp-json\/wp\/v2\/users\/1"}],"replies":[{"embeddable":true,"href":"https:\/\/aqpamm.ca\/formation\/wp-json\/wp\/v2\/comments?post=1033"}],"version-history":[{"count":10,"href":"https:\/\/aqpamm.ca\/formation\/wp-json\/wp\/v2\/pages\/1033\/revisions"}],"predecessor-version":[{"id":1263,"href":"https:\/\/aqpamm.ca\/formation\/wp-json\/wp\/v2\/pages\/1033\/revisions\/1263"}],"up":[{"embeddable":true,"href":"https:\/\/aqpamm.ca\/formation\/wp-json\/wp\/v2\/pages\/805"}],"wp:attachment":[{"href":"https:\/\/aqpamm.ca\/formation\/wp-json\/wp\/v2\/media?parent=1033"}],"curies":[{"name":"wp","href":"https:\/\/api.w.org\/{rel}","templated":true}]}}