{"id":1026,"date":"2020-03-07T08:13:58","date_gmt":"2020-03-07T07:13:58","guid":{"rendered":"https:\/\/aqpamm.ca\/formation\/?page_id=1026"},"modified":"2020-03-26T03:33:14","modified_gmt":"2020-03-26T02:33:14","slug":"glossaire","status":"publish","type":"page","link":"https:\/\/aqpamm.ca\/formation\/proche-aidant%c2%b7e\/ressources\/glossaire\/","title":{"rendered":"Glossaire"},"content":{"rendered":"\n<p><strong>Le chantage \u00e9motionnel ou affectif<\/strong> <br>C\u2019est une forme particuli\u00e8rement puissante de manipulation par laquelle un proche menace, directement ou indirectement, de vous punir si vous ne satisfaites pas ses d\u00e9sirs.Par exemple : \u00ab Si tu ne me donnes pas d\u2019argent, je ne te consid\u00e9rerai plus comme ma m\u00e8re \u00bb.<\/p>\n\n\n\n<p><strong>Un conflit <\/strong><br>Il s\u2019agit d\u2019une opposition de points d\u2019int\u00e9r\u00eat, de sentiments.<\/p>\n\n\n\n<p><strong>Consentement aux soins et autorisation de soins<\/strong> <br>Toute personne poss\u00e8de le droit fondamental d\u2019accepter ou de refuser des soins. Un m\u00e9decin qui d\u00e9sire soigner une personne doit obtenir au pr\u00e9alable un consentement libre et \u00e9clair\u00e9. La personne apte peut prendre toutes les d\u00e9cisions qui la concernent et le m\u00e9decin se doit de respecter cette d\u00e9cision. Par contre, si la personne est inapte et s\u2019oppose cat\u00e9goriquement \u00e0 la prise de m\u00e9dicaments, le m\u00e9decin peut s\u2019adresser \u00e0 la Cour sup\u00e9rieure afin d\u2019obtenir l\u2019autorisation de soigner la personne malgr\u00e9 son refus. Il doit faire la preuve de l&rsquo;inaptitude du patient et d\u00e9montrer que les bienfaits du traitement sont sup\u00e9rieurs aux inconv\u00e9nients <\/p>\n\n\n\n<p><strong>Une crise <\/strong> <br>C\u2019est \u00ab une p\u00e9riode relativement courte de d\u00e9s\u00e9quilibre psychologique chez une personne confront\u00e9e \u00e0 un \u00e9v\u00e9nement dangereux qui repr\u00e9sente un probl\u00e8me important pour elle, et qu&rsquo;elle ne peut fuir ni r\u00e9soudre avec ses ressources habituelles de solution de probl\u00e8me \u00bb.<br><br>\u00ab On parle de <strong>crise psychiatrique<\/strong> lorsque l&rsquo;\u00e9tat  psychologique d&rsquo;une personne change de fa\u00e7on soudaine et intense, cr\u00e9ant  un d\u00e9s\u00e9quilibre psychologique important et une incapacit\u00e9 \u00e0 composer  avec la situation et \u00e0 fonctionner normalement (par exemple : crise de  panique, psychose, d\u00e9lires, etc.) \u00bb. <\/p>\n\n\n\n<p><strong>La d\u00e9responsabilisation<\/strong> <br>La d\u00e9responsabilisation est une action consciente ou inconsciente de prendre les responsabilit\u00e9s d\u2019un autre individu, le rendant moins autonome dans son propre parcours.<\/p>\n\n\n\n<p><strong>L\u2019\u00e9valuation psychiatrique<\/strong> <br>L&rsquo;\u00e9valuation psychiatrique est la proc\u00e9dure autoris\u00e9e par le tribunal en vue d\u2019\u00e9valuer l\u2019\u00e9tat mental d\u2019une personne qui refuse d\u2019\u00eatre gard\u00e9e dans un \u00e9tablissement. Elle permet de d\u00e9cider si sa garde en \u00e9tablissement est n\u00e9cessaire ou non. L\u2019\u00e9valuation psychiatrique comprend, au d\u00e9part, un examen psychiatrique. Si cet examen conclut \u00e0 la n\u00e9cessit\u00e9 de garder la personne en \u00e9tablissement, un second examen psychiatrique doit \u00eatre effectu\u00e9 par un psychiatre diff\u00e9rent, dans des d\u00e9lais bien pr\u00e9cis. Le contenu de ces examens est pr\u00e9cis\u00e9 par le Code civil et la Loi sur la protection des personnes dont l\u2019\u00e9tat mental pr\u00e9sente un danger pour elles-m\u00eames ou pour autrui.<\/p>\n\n\n\n<p><strong>La garde en \u00e9tablissement<\/strong> <br>La garde en \u00e9tablissement est une mesure d&rsquo;exception utilis\u00e9e lorsqu&rsquo;une personne repr\u00e9sente un danger pour elle-m\u00eame ou pour autrui. Une garde, qu&rsquo;elle soit pr\u00e9ventive, provisoire ou autoris\u00e9e, ne permet pas de soigner une personne contre son gr\u00e9 \u00e0 moins qu\u2019il ne s\u2019agisse d\u2019un cas d\u2019urgence ou de soins d\u2019hygi\u00e8ne.<\/p>\n\n\n\n<p><strong>La garde pr\u00e9ventive<\/strong> <br>La garde pr\u00e9ventive est une mesure l\u00e9gale permettant \u00e0 tout m\u00e9decin de mettre sous garde pr\u00e9ventive et contre son gr\u00e9, une personne qui pr\u00e9sente un danger grave et imm\u00e9diat pour elle-m\u00eame ou pour autrui, sans qu\u2019il soit n\u00e9cessaire d\u2019obtenir l\u2019autorisation pr\u00e9alable du tribunal et sans qu\u2019un examen psychiatrique ne soit effectu\u00e9. Elle ne peut exc\u00e9der 72 heures.<\/p>\n\n\n\n<p><strong>Proche aidant<\/strong> <br>Un proche aidant est une personne qui offre sans r\u00e9mun\u00e9ration, du soutien moral, physique et de l\u2019aide ponctuelle ou r\u00e9guli\u00e8re \u00e0 une personne pr\u00e9sentant un handicap physique, intellectuel ou une perte d\u2019autonomie reli\u00e9e \u00e0 la maladie ou au vieillissement<\/p>\n\n\n\n<p><strong>R\u00e9tablissement<\/strong> <br>Il s\u2019agit d\u2019\u00abune d\u00e9marche personnelle et unique, visant \u00e0 changer l\u2019attitude, les valeurs, les sentiments, les objectifs, les capacit\u00e9s et\/ou les r\u00f4les de chacun. C\u2019est la fa\u00e7on de vivre une vie satisfaisante et utile, o\u00f9 l\u2019espoir a sa place malgr\u00e9 les limites impos\u00e9es par la maladie. Pour gu\u00e9rir, le malade doit donner un nouveau sens \u00e0 sa vie, et passer outre aux effets catastrophiques de la maladie mentale \u00bb.<\/p>\n","protected":false},"excerpt":{"rendered":"<p>Le chantage \u00e9motionnel ou affectif C\u2019est une forme particuli\u00e8rement puissante de manipulation par laquelle un proche menace, directement ou indirectement, de vous punir si vous ne satisfaites pas ses d\u00e9sirs.Par exemple : \u00ab Si tu ne me donnes pas d\u2019argent, je ne te consid\u00e9rerai plus comme ma m\u00e8re \u00bb. Un conflit Il s\u2019agit d\u2019une opposition [&#8230;]<\/p>\n<p><a class=\"btn btn-secondary understrap-read-more-link\" href=\"https:\/\/aqpamm.ca\/formation\/proche-aidant%c2%b7e\/ressources\/glossaire\/\">Lire la suite\u2026<span class=\"screen-reader-text\"> from Glossaire<\/span><\/a><\/p>\n","protected":false},"author":1,"featured_media":0,"parent":1024,"menu_order":106,"comment_status":"closed","ping_status":"closed","template":"","meta":{"footnotes":""},"class_list":["post-1026","page","type-page","status-publish","hentry"],"_links":{"self":[{"href":"https:\/\/aqpamm.ca\/formation\/wp-json\/wp\/v2\/pages\/1026","targetHints":{"allow":["GET"]}}],"collection":[{"href":"https:\/\/aqpamm.ca\/formation\/wp-json\/wp\/v2\/pages"}],"about":[{"href":"https:\/\/aqpamm.ca\/formation\/wp-json\/wp\/v2\/types\/page"}],"author":[{"embeddable":true,"href":"https:\/\/aqpamm.ca\/formation\/wp-json\/wp\/v2\/users\/1"}],"replies":[{"embeddable":true,"href":"https:\/\/aqpamm.ca\/formation\/wp-json\/wp\/v2\/comments?post=1026"}],"version-history":[{"count":3,"href":"https:\/\/aqpamm.ca\/formation\/wp-json\/wp\/v2\/pages\/1026\/revisions"}],"predecessor-version":[{"id":1195,"href":"https:\/\/aqpamm.ca\/formation\/wp-json\/wp\/v2\/pages\/1026\/revisions\/1195"}],"up":[{"embeddable":true,"href":"https:\/\/aqpamm.ca\/formation\/wp-json\/wp\/v2\/pages\/1024"}],"wp:attachment":[{"href":"https:\/\/aqpamm.ca\/formation\/wp-json\/wp\/v2\/media?parent=1026"}],"curies":[{"name":"wp","href":"https:\/\/api.w.org\/{rel}","templated":true}]}}